{"id":98,"date":"2018-05-28T05:00:13","date_gmt":"2018-05-28T05:00:13","guid":{"rendered":"http:\/\/vasutca.rakdfel.hu\/?page_id=98"},"modified":"2018-06-04T12:47:37","modified_gmt":"2018-06-04T12:47:37","slug":"teremberles","status":"publish","type":"page","link":"https:\/\/www.vasutca.hu\/?page_id=98","title":{"rendered":"Teremb\u00e9rl\u00e9s"},"content":{"rendered":"<div class=\"gmail_default\">Int\u00e9zm\u00e9ny\u00fcnkben tal\u00e1lhat\u00f3 tantermek kiv\u00e1l\u00f3an alkalmasak kis- \u00e9s nagycsoportos k\u00e9pz\u00e9sek megtart\u00e1s\u00e1ra, vizsg\u00e1k lebonyol\u00edt\u00e1sra. A 90 f\u0151 le\u00fcltet\u00e9s\u00e9re lehet\u0151s\u00e9get biztos\u00edt\u00f3 k\u00e9t el\u0151ad\u00f3ban \u00e1rubemutat\u00f3k, konferenci\u00e1k \u00e9s el\u0151ad\u00e1sok megtart\u00e1s\u00e1ra is lehet\u0151s\u00e9g van. A tornaterem \u00e9s a tornaudvar (a d\u00e9lut\u00e1ni \u00e9s h\u00e9tv\u00e9gi id\u0151szakban) sportedz\u00e9sek, t\u00e1nc \u00e9s m\u00e1s helyig\u00e9nyes rendezv\u00e9ny, tanfolyam lebonyol\u00edt\u00e1s\u00e1t biztos\u00edtja.<br \/>\nInt\u00e9zm\u00e9ny\u00fcnk &#8211; m\u0171eml\u00e9k jelleg\u00e9n\u00e9l fogva &#8211; m\u00e1r sz\u00e1mos j\u00e1t\u00e9k- \u00e9s rekl\u00e1mfilm forgat\u00e1snak adott helyet az elm\u00falt \u00e9vek sor\u00e1n.<\/div>\n<div class=\"gmail_default\"><\/div>\n<div class=\"gmail_default\">\u00c9rdekl\u0151dni a Bog\u00e1ti \u00c1rp\u00e1d, gazdas\u00e1gi \u00f6sszek\u00f6t\u0151n\u00e9l lehet az al\u00e1bbi el\u00e9rhet\u0151s\u00e9geken:<\/div>\n<div class=\"gmail_default\"><\/div>\n<div class=\"gmail_default\">Telefon: 06-1-33-84-592<\/div>\n<div class=\"gmail_default\">E-mail:\u00a0<span id=\"cloak30729\"><span id=\"cloak12a93114a5a08bd7311d0a9df9793ee4\"><a href=\"mailto:gazdasagi.ugyintezo@vasutca.hu\" rel=\"alternate\">gazdasagi.ugyintezo@vasutca.hu<\/a><\/span><\/span><\/div>\n","protected":false},"excerpt":{"rendered":"<p>Int\u00e9zm\u00e9ny\u00fcnkben tal\u00e1lhat\u00f3 tantermek kiv\u00e1l\u00f3an alkalmasak kis- \u00e9s nagycsoportos k\u00e9pz\u00e9sek megtart\u00e1s\u00e1ra, vizsg\u00e1k lebonyol\u00edt\u00e1sra. A 90 f\u0151 le\u00fcltet\u00e9s\u00e9re lehet\u0151s\u00e9get biztos\u00edt\u00f3 k\u00e9t el\u0151ad\u00f3ban \u00e1rubemutat\u00f3k, konferenci\u00e1k \u00e9s el\u0151ad\u00e1sok megtart\u00e1s\u00e1ra is lehet\u0151s\u00e9g van. A tornaterem \u00e9s a tornaudvar (a d\u00e9lut\u00e1ni \u00e9s h\u00e9tv\u00e9gi id\u0151szakban) sportedz\u00e9sek, t\u00e1nc \u00e9s m\u00e1s helyig\u00e9nyes rendezv\u00e9ny, tanfolyam lebonyol\u00edt\u00e1s\u00e1t biztos\u00edtja. Int\u00e9zm\u00e9ny\u00fcnk &#8211; m\u0171eml\u00e9k jelleg\u00e9n\u00e9l fogva &#8211; m\u00e1r sz\u00e1mos &hellip; <\/p>\n<p class=\"link-more\"><a href=\"https:\/\/www.vasutca.hu\/?page_id=98\" class=\"more-link\"><span class=\"screen-reader-text\">&#8220;Teremb\u00e9rl\u00e9s&#8221;<\/span> b\u0151vebben<\/a><\/p>\n","protected":false},"author":4,"featured_media":0,"parent":0,"menu_order":0,"comment_status":"closed","ping_status":"closed","template":"","meta":{"footnotes":""},"_links":{"self":[{"href":"https:\/\/www.vasutca.hu\/index.php?rest_route=\/wp\/v2\/pages\/98"}],"collection":[{"href":"https:\/\/www.vasutca.hu\/index.php?rest_route=\/wp\/v2\/pages"}],"about":[{"href":"https:\/\/www.vasutca.hu\/index.php?rest_route=\/wp\/v2\/types\/page"}],"author":[{"embeddable":true,"href":"https:\/\/www.vasutca.hu\/index.php?rest_route=\/wp\/v2\/users\/4"}],"replies":[{"embeddable":true,"href":"https:\/\/www.vasutca.hu\/index.php?rest_route=%2Fwp%2Fv2%2Fcomments&post=98"}],"version-history":[{"count":3,"href":"https:\/\/www.vasutca.hu\/index.php?rest_route=\/wp\/v2\/pages\/98\/revisions"}],"predecessor-version":[{"id":152,"href":"https:\/\/www.vasutca.hu\/index.php?rest_route=\/wp\/v2\/pages\/98\/revisions\/152"}],"wp:attachment":[{"href":"https:\/\/www.vasutca.hu\/index.php?rest_route=%2Fwp%2Fv2%2Fmedia&parent=98"}],"curies":[{"name":"wp","href":"https:\/\/api.w.org\/{rel}","templated":true}]}}