{"id":86,"date":"2018-05-28T04:58:23","date_gmt":"2018-05-28T04:58:23","guid":{"rendered":"http:\/\/vasutca.rakdfel.hu\/?page_id=86"},"modified":"2020-06-25T09:17:48","modified_gmt":"2020-06-25T08:17:48","slug":"archivum","status":"publish","type":"page","link":"https:\/\/www.vasutca.hu\/?page_id=86","title":{"rendered":"Arch\u00edvum"},"content":{"rendered":"<p>&nbsp;<\/p>\n<p><strong><a href=\"http:\/\/www.vasutca.hu\/vegzettek\/osztalyok.htm\">V\u00e9gzett oszt\u00e1lyok, tabl\u00f3k 2007-ig<\/a><\/strong><\/p>\n<p><strong><a href=\"http:\/\/www.vasutca.hu\/?page_id=1452\">Tabl\u00f3k 2008-<\/a><\/strong><\/p>\n<p>&nbsp;<\/p>\n<p>&nbsp;<\/p>\n<p>\u00d6REGDI\u00c1K TAL\u00c1LKOZ\u00d3<\/p>\n<p>2019. m\u00e1jus 31.<\/p>\n<p>Nagyon \u00f6r\u00fcl\u00fcnk, hogy sok-sok \u00f6regdi\u00e1kunk \u00e9s tan\u00e1runk elj\u00f6tt a szok\u00e1sos \u00e9vi \u00f6regdi\u00e1k tal\u00e1lkoz\u00f3ra.<\/p>\n<p>A sok l\u00e1togat\u00f3 k\u00f6z\u00f6tt h\u00e1rom oszt\u00e1ly tartott tal\u00e1lkoz\u00f3t:<\/p>\n<p><strong>1963-1967<\/strong>\u00a0 &#8211; oszt\u00e1lyf\u0151n\u00f6k: <strong>Nyitrai Gy\u00f6rgyn\u00e9 N\u00f3ra n\u00e9ni<\/strong>, aki el is tudott j\u00f6nni az \u00fcnneps\u00e9gre<\/p>\n<p><strong>1965-1969<\/strong> &#8211; oszt\u00e1lyf\u0151n\u00f6k: <strong>Dr. N\u00e9meth Gy\u00f6rgyn\u00e9<\/strong><\/p>\n<p><strong>1975-1979<\/strong> &#8211; oszt\u00e1lyf\u0151n\u00f6k: <strong>Sattler<\/strong> <strong>Katalin<\/strong> tan\u00e1rn\u0151, aki szint\u00e9n elj\u00f6tt az oszt\u00e1ly\u00e1hoz<\/p>\n<p>&nbsp;<\/p>\n<p>Tal\u00e1lkozunk j\u00f6v\u0151 \u00e9v m\u00e1jus utols\u00f3 p\u00e9ntek\u00e9n 17 \u00f3rakor.\u00a0 \ud83d\ude42<\/p>\n<p><img loading=\"lazy\" decoding=\"async\" class=\"alignnone size-medium wp-image-789\" src=\"http:\/\/www.vasutca.hu\/wp-content\/uploads\/2019\/06\/IMG_4282-300x200.jpg\" alt=\"\" width=\"300\" height=\"200\" srcset=\"https:\/\/www.vasutca.hu\/wp-content\/uploads\/2019\/06\/IMG_4282-300x200.jpg 300w, https:\/\/www.vasutca.hu\/wp-content\/uploads\/2019\/06\/IMG_4282-768x512.jpg 768w, https:\/\/www.vasutca.hu\/wp-content\/uploads\/2019\/06\/IMG_4282-1024x683.jpg 1024w\" sizes=\"(max-width: 300px) 100vw, 300px\" \/><\/p>\n<p><img loading=\"lazy\" decoding=\"async\" class=\"alignnone size-medium wp-image-790\" src=\"http:\/\/www.vasutca.hu\/wp-content\/uploads\/2019\/06\/IMG_4289-300x200.jpg\" alt=\"\" width=\"300\" height=\"200\" srcset=\"https:\/\/www.vasutca.hu\/wp-content\/uploads\/2019\/06\/IMG_4289-300x200.jpg 300w, https:\/\/www.vasutca.hu\/wp-content\/uploads\/2019\/06\/IMG_4289-768x512.jpg 768w, https:\/\/www.vasutca.hu\/wp-content\/uploads\/2019\/06\/IMG_4289-1024x683.jpg 1024w\" sizes=\"(max-width: 300px) 100vw, 300px\" \/><\/p>\n<p>&nbsp;<\/p>\n<p><img loading=\"lazy\" decoding=\"async\" class=\"alignnone size-full wp-image-762\" src=\"http:\/\/www.vasutca.hu\/wp-content\/uploads\/2019\/06\/1.jpg\" alt=\"\" width=\"960\" height=\"720\" srcset=\"https:\/\/www.vasutca.hu\/wp-content\/uploads\/2019\/06\/1.jpg 960w, https:\/\/www.vasutca.hu\/wp-content\/uploads\/2019\/06\/1-300x225.jpg 300w, https:\/\/www.vasutca.hu\/wp-content\/uploads\/2019\/06\/1-768x576.jpg 768w\" sizes=\"(max-width: 767px) 89vw, (max-width: 1000px) 54vw, (max-width: 1071px) 543px, 580px\" \/> <img loading=\"lazy\" decoding=\"async\" class=\"alignnone size-large wp-image-763\" src=\"http:\/\/www.vasutca.hu\/wp-content\/uploads\/2019\/06\/2..jpg\" alt=\"\" width=\"525\" height=\"394\" srcset=\"https:\/\/www.vasutca.hu\/wp-content\/uploads\/2019\/06\/2..jpg 960w, https:\/\/www.vasutca.hu\/wp-content\/uploads\/2019\/06\/2.-300x225.jpg 300w, https:\/\/www.vasutca.hu\/wp-content\/uploads\/2019\/06\/2.-768x576.jpg 768w\" sizes=\"(max-width: 525px) 100vw, 525px\" \/> <img loading=\"lazy\" decoding=\"async\" class=\"alignnone size-large wp-image-764\" src=\"http:\/\/www.vasutca.hu\/wp-content\/uploads\/2019\/06\/3.jpg\" alt=\"\" width=\"525\" height=\"394\" srcset=\"https:\/\/www.vasutca.hu\/wp-content\/uploads\/2019\/06\/3.jpg 960w, https:\/\/www.vasutca.hu\/wp-content\/uploads\/2019\/06\/3-300x225.jpg 300w, https:\/\/www.vasutca.hu\/wp-content\/uploads\/2019\/06\/3-768x576.jpg 768w\" sizes=\"(max-width: 525px) 100vw, 525px\" \/> <img loading=\"lazy\" decoding=\"async\" class=\"alignnone size-large wp-image-765\" src=\"http:\/\/www.vasutca.hu\/wp-content\/uploads\/2019\/06\/4.jpg\" alt=\"\" width=\"525\" height=\"700\" srcset=\"https:\/\/www.vasutca.hu\/wp-content\/uploads\/2019\/06\/4.jpg 720w, https:\/\/www.vasutca.hu\/wp-content\/uploads\/2019\/06\/4-225x300.jpg 225w\" sizes=\"(max-width: 525px) 100vw, 525px\" \/><\/p>\n<p>A fot\u00f3kat k\u00f6sz\u00f6nj\u00fck Szab\u00f3 Orsolya igazgat\u00f3helyettesnek \u00e9s Zsanda Kriszti\u00e1n \u00f6regdi\u00e1kunknak<\/p>\n<hr \/>\n<p>&nbsp;<\/p>\n<p>&nbsp;<\/p>\n<p>2018. m\u00e1jus 25-\u00e9n ism\u00e9t megtartottuk az \u00d6regdi\u00e1k Tal\u00e1lkoz\u00f3nkat, ahol kb. 50 ember vett r\u00e9szt.<\/p>\n<p><img loading=\"lazy\" decoding=\"async\" class=\"alignnone size-large wp-image-140\" src=\"http:\/\/vasutca.rakdfel.hu\/wp-content\/uploads\/2018\/05\/img_20180525_1709431813364405-e1527573307679-1024x655.jpg\" alt=\"\" width=\"525\" height=\"336\" srcset=\"https:\/\/www.vasutca.hu\/wp-content\/uploads\/2018\/05\/img_20180525_1709431813364405-e1527573307679-1024x655.jpg 1024w, https:\/\/www.vasutca.hu\/wp-content\/uploads\/2018\/05\/img_20180525_1709431813364405-e1527573307679-300x192.jpg 300w, https:\/\/www.vasutca.hu\/wp-content\/uploads\/2018\/05\/img_20180525_1709431813364405-e1527573307679-768x492.jpg 768w\" sizes=\"(max-width: 525px) 100vw, 525px\" \/><\/p>\n<p>Ne feledj\u00e9k, hogy minden \u00e9v m\u00e1jus utols\u00f3 p\u00e9ntek d\u00e9lut\u00e1nj\u00e1n v\u00e1rjuk szeretettel a r\u00e9gi tan\u00edtv\u00e1nyainkat \u00e9s tan\u00e1rainkat.<\/p>\n","protected":false},"excerpt":{"rendered":"<p>&nbsp; V\u00e9gzett oszt\u00e1lyok, tabl\u00f3k 2007-ig Tabl\u00f3k 2008- &nbsp; &nbsp; \u00d6REGDI\u00c1K TAL\u00c1LKOZ\u00d3 2019. m\u00e1jus 31. Nagyon \u00f6r\u00fcl\u00fcnk, hogy sok-sok \u00f6regdi\u00e1kunk \u00e9s tan\u00e1runk elj\u00f6tt a szok\u00e1sos \u00e9vi \u00f6regdi\u00e1k tal\u00e1lkoz\u00f3ra. A sok l\u00e1togat\u00f3 k\u00f6z\u00f6tt h\u00e1rom oszt\u00e1ly tartott tal\u00e1lkoz\u00f3t: 1963-1967\u00a0 &#8211; oszt\u00e1lyf\u0151n\u00f6k: Nyitrai Gy\u00f6rgyn\u00e9 N\u00f3ra n\u00e9ni, aki el is tudott j\u00f6nni az \u00fcnneps\u00e9gre 1965-1969 &#8211; oszt\u00e1lyf\u0151n\u00f6k: Dr. N\u00e9meth Gy\u00f6rgyn\u00e9 &hellip; <\/p>\n<p class=\"link-more\"><a href=\"https:\/\/www.vasutca.hu\/?page_id=86\" class=\"more-link\"><span class=\"screen-reader-text\">&#8220;Arch\u00edvum&#8221;<\/span> b\u0151vebben<\/a><\/p>\n","protected":false},"author":4,"featured_media":0,"parent":0,"menu_order":0,"comment_status":"closed","ping_status":"closed","template":"","meta":{"footnotes":""},"_links":{"self":[{"href":"https:\/\/www.vasutca.hu\/index.php?rest_route=\/wp\/v2\/pages\/86"}],"collection":[{"href":"https:\/\/www.vasutca.hu\/index.php?rest_route=\/wp\/v2\/pages"}],"about":[{"href":"https:\/\/www.vasutca.hu\/index.php?rest_route=\/wp\/v2\/types\/page"}],"author":[{"embeddable":true,"href":"https:\/\/www.vasutca.hu\/index.php?rest_route=\/wp\/v2\/users\/4"}],"replies":[{"embeddable":true,"href":"https:\/\/www.vasutca.hu\/index.php?rest_route=%2Fwp%2Fv2%2Fcomments&post=86"}],"version-history":[{"count":21,"href":"https:\/\/www.vasutca.hu\/index.php?rest_route=\/wp\/v2\/pages\/86\/revisions"}],"predecessor-version":[{"id":1465,"href":"https:\/\/www.vasutca.hu\/index.php?rest_route=\/wp\/v2\/pages\/86\/revisions\/1465"}],"wp:attachment":[{"href":"https:\/\/www.vasutca.hu\/index.php?rest_route=%2Fwp%2Fv2%2Fmedia&parent=86"}],"curies":[{"name":"wp","href":"https:\/\/api.w.org\/{rel}","templated":true}]}}