{"id":76,"date":"2018-05-28T04:56:43","date_gmt":"2018-05-28T04:56:43","guid":{"rendered":"http:\/\/vasutca.rakdfel.hu\/?page_id=76"},"modified":"2018-06-04T12:40:16","modified_gmt":"2018-06-04T12:40:16","slug":"epuletunk","status":"publish","type":"page","link":"https:\/\/www.vasutca.hu\/?page_id=76","title":{"rendered":"\u00c9p\u00fclet\u00fcnk"},"content":{"rendered":"<p>Az iskol\u00e1nak n\u00e9gy \u00e9vig, 1908-1912. k\u00f6z\u00f6tt nem volt \u00f6n\u00e1ll\u00f3 \u00e9p\u00fclete. A komoly munka folytat\u00e1s\u00e1hoz \u00e9s elm\u00e9ly\u00edt\u00e9s\u00e9hez m\u00e9lt\u00f3 keretet ny\u00fajtott az \u00faj iskola\u00e9p\u00fclet a VIII. ker\u00fcleti Vas utca 9-11-ben, ahol 1912 szeptember\u00e9ben kezd\u0151dhetett el az oktat\u00e1s.<\/p>\n<p>Az iskolapalotak\u00e9nt emlegetett \u00e9p\u00fclet val\u00f3ban minden szempontb\u00f3l megfelelt a kor k\u00f6vetelm\u00e9nyeinek: kiel\u00e9g\u00edtette a nevel\u00e9s, a higi\u00e9nia \u00e9s a kereskedelmi szakoktat\u00e1s c\u00e9ljait. B\u00e1rczy Istv\u00e1n polg\u00e1rmester \u00e9p\u00edt\u0151programj\u00e1nak els\u0151 ciklus\u00e1ban kapott megb\u00edz\u00e1st\u00a0<a href=\"https:\/\/hu.wikipedia.org\/wiki\/Lajta_B%C3%A9la\"><b>Lajta <\/b><b>B\u00e9la<\/b><\/a>\u00a0\u00e9p\u00edt\u00e9sz a kivitelez\u00e9sre, s a saj\u00e1t tervei alapj\u00e1n impoz\u00e1ns \u00e9p\u00fcletet emelt.<\/p>\n<p>A mer\u00e9sz, f\u00fcgg\u00e9lyes szerkezet\u0171 homlokzat, az er\u0151sen kik\u00e9pzett pill\u00e9rek, a m\u00e9rt\u00e9ktart\u00f3an d\u00edsz\u00edtett rizalitok kiemelik a n\u00e9gyemeletes \u00e9p\u00fcletet a b\u00e9rh\u00e1zak jellegtelen egyhang\u00fas\u00e1g\u00e1b\u00f3l. De nemcsak a homlokzat, hanem az eg\u00e9sz \u00e9p\u00fclet \u0096 a legapr\u00f3bb r\u00e9szletekig \u0096 modern \u00e9s c\u00e9lszer\u0171.<img loading=\"lazy\" decoding=\"async\" class=\"aligncenter\" style=\"font-size: 1rem;\" src=\"http:\/\/vasutca.hu\/docs\/kepek\/iskola\/kicsik\/Szech.jpg\" alt=\"eredeti m\u00e9ret\" width=\"274\" height=\"393\" \/><\/p>\n<p>Lajta B\u00e9la \u0096 Bart\u00f3k \u00e9s Kod\u00e1ly munk\u00e1ss\u00e1g\u00e1t k\u00f6vetve \u0096 a n\u00e9pi \u00e9p\u00edt\u00e9szet \u00e9s iparm\u0171v\u00e9szet eml\u00e9keit gy\u0171jt\u00f6tte azzal a c\u00e9llal, hogy ezeket \u0096 a modern \u00e9p\u00edt\u00e9szet alapelveinek \u00e9s form\u00e1inak alkalmaz\u00e1s\u00e1val \u0096 felhaszn\u00e1lja egy \u00fajabb magyar \u00e9p\u00edt\u00e9szeti st\u00edlus alapjaik\u00e9nt. Lechner \u00d6d\u00f6n \u00e9s K\u00f3s K\u00e1roly mellett Lajta B\u00e9la (1875-1920) volt a sz\u00e1zadfordul\u00f3 harmadik jeles s az el\u0151bbiekkel egyenrang\u00fa \u00e9p\u00edt\u00e9sze. A fiatal Lechner-tan\u00edtv\u00e1nyb\u00f3l a modern t\u00f6rekv\u00e9sek magyarorsz\u00e1gi vez\u00e9ralakja lett.<\/p>\n<p>R\u00f6vid \u00e9p\u00edt\u00e9szi p\u00e1lyafut\u00e1sa alatt t\u00f6bb kit\u0171n\u0151 \u00e9p\u00fcletet tervezett, els\u0151sorban Budapesten. Legszebb alkot\u00e1sai k\u00f6z\u00e9 tartoznak a VII. ker\u00fcleti R\u00e1k\u00f3czi \u00fat 18. sz\u00e1m\u00fa (ma F\u0151v\u00e1rosi G\u00e1zm\u0171vek) \u00e9p\u00fclet, az V. ker\u00fcleti Martinelli t\u00e9r 5. sz\u00e1m\u00fa \u00fan. R\u00f3zsav\u00f6lgyih\u00e1z, az egykori Gyermeksz\u00ednh\u00e1z, ma \u00daj Sz\u00ednh\u00e1z \u00e9p\u00fclete (V. ker\u00fclet Paulay Ede utca 35.).<\/p>\n<p><img decoding=\"async\" class=\"aligncenter\" src=\"http:\/\/vasutca.hu\/docs\/kepek\/iskola\/kicsik\/homlok1.jpg\" alt=\"eredeti m\u00e9ret\" height=\"250\" align=\"left\" \/><\/p>\n<p>&nbsp;<\/p>\n<p>&nbsp;<\/p>\n<p>&nbsp;<\/p>\n<p>&nbsp;<\/p>\n<p>&nbsp;<\/p>\n<p>&nbsp;<\/p>\n<p>A Vas utcai &#8220;iskolapalota&#8221; az egyik legszebb p\u00e9ld\u00e1ja a Lajta B\u00e9la tervezte \u00e9p\u00fcleteknek. Gy\u00f6ny\u00f6r\u0171en festett mennyezetei \u00e9s f\u00e9mdombor\u00edt\u00e1sai, a\u00a0\u00a0 bej\u00e1rati falakjelk\u00e9pes k\u00f6rreliefjei, amelyeknek mot\u00edvumai egyszerre hirdetik a kereskedelem nemzeti mivolt\u00e1t (sz\u00e9kely \u00e9s nagyalf\u00f6ldi mint\u00e1k) \u00e9s nemzeten t\u00fali jelleg\u00e9t (mozdony, l\u00e9ghaj\u00f3, postagalamb stb.), valamint a kereskedelmi iskola feladatait. \u00c9p\u00fcleteit nem els\u0151sorban a n\u00e9pies ihlet\u00e9s\u0171 d\u00edsz\u00edt\u00e9sek teszik modernn\u00e9, hanem a j\u00f3l m\u0171k\u00f6d\u0151 t\u00e9rkapcsolatok, az \u00e9p\u00fcletr\u00e9szek funkci\u00f3 szerinti sz\u00e9tv\u00e1laszt\u00e1sa. A korszak \u00e1ltal\u00e1nos szok\u00e1sa szerint az \u00e9p\u00edt\u00e9sz egyben iparm\u0171v\u00e9sz is, s ezt bizony\u00edtja, hogy Lajta maga tervezte nemcsak a falakat, ajt\u00f3kat d\u00edsz\u00edt\u0151 mot\u00edvumokat, hanem a b\u00fatorokat, berendez\u00e9si t\u00e1rgyakat, melyek d\u00edsz\u00edt\u0151elemei \u00f6sszhangban vannak az \u00e9p\u00fcletet \u00e9kes\u00edt\u0151 mot\u00edvumokkal.<\/p>\n<p>&nbsp;<\/p>\n<table border=\"0\" width=\"90%\" cellspacing=\"0\" cellpadding=\"4\">\n<tbody>\n<tr>\n<td>Az 1912-13-as tan\u00e9vr\u0151l h\u00edrt ad\u00f3 \u00e9vk\u00f6nyv a k\u00f6vetkez\u0151k\u00e9ppen jellemzi az \u00e9p\u00fcletet:<\/td>\n<\/tr>\n<tr>\n<td><i>&#8220;\u00c9s Lajta B\u00e9la e nem mindennapi feladat\u00e1nak eleget is tett. A Vas utca 9-11. sz\u00e1m alatt fekv\u0151 telken, amelyen \u00e9veken kereszt\u00fcl kis \u00f3voda\u00e9p\u00fclet \u00e1llott, n\u00e9gyemeletes palot\u00e1t emelt, amely az utca h\u00e1zai k\u00f6z\u00e9 iktatva, a sz\u0171k fronton f\u0151leg mer\u00e9sz f\u00fcgg\u00e9nyes szerkezet\u00e9vel, er\u0151sen kik\u00e9pzett pill\u00e9reivel, a vas\u00e9p\u00edtkez\u00e9s szil\u00e1rds\u00e1g\u00e1val m\u00e1r messzir\u0151l el\u00e1rulja, hogy ennek az \u00e9p\u00fcletnek a b\u00e9rh\u00e1zak megszokott sorai k\u00f6z\u00f6tt \u00fcnnep\u00e9lyes rendeltet\u00e9se van. A f\u0151kapubej\u00e1rat sz\u00e9kelyajt\u00f3k fafaragv\u00e1nyaib\u00f3l, fels\u0151-magyarorsz\u00e1gi \u00e1csok mestermunk\u00e1ib\u00f3l \u00e9s nagyalf\u00f6ldi l\u00e1nyok h\u00edmz\u00e9seib\u0151l vett magyaros mot\u00edvumai a kereskedelem nemzeti mivolt\u00e1ra, a kereskedelem szimb\u00f3lumai: a mozdony, rep\u00fcl\u0151g\u00e9p, postagalamb, annak internacionalit\u00e1s\u00e1ra utalnak.&#8221;<\/i><\/td>\n<\/tr>\n<\/tbody>\n<\/table>\n<p>Az iskola feladat\u00e1t, a gyakorlati \u00e9letre val\u00f3 felk\u00e9sz\u00fcl\u00e9s fontoss\u00e1g\u00e1t hirdeti a f\u0151bej\u00e1rat f\u00f6l\u00f6tt a latin k\u00f6zmond\u00e1s: &#8220;Non scholae, sed vitae discimus&#8221;.<\/p>\n<p>(Nem az iskol\u00e1nak, az \u00e9letnek tanulunk.)<a href=\"http:\/\/www.szechenyi-ker-bp.sulinet.hu\/kepek\/iskola\/bejarat.jpg\"><img loading=\"lazy\" decoding=\"async\" class=\"aligncenter\" src=\"http:\/\/vasutca.hu\/docs\/kepek\/iskola\/kicsik\/bejarat.jpg\" alt=\"eredeti m\u00e9ret\" width=\"240\" height=\"320\" \/><\/a><\/p>\n<p>Az \u00e9p\u00fcletbe l\u00e9pve szem\u00fcnk el\u00e9 t\u00e1rul a f\u00f6ldszint t\u00e1gas, b\u00e1r s\u00f6t\u00e9t aul\u00e1ja, mennyezet\u00e9n jellegzetes, &#8220;a parasztmenyecsk\u00e9k kend\u0151ir\u0151l vett mint\u00e1kkal&#8221;. Jobbra a tornaterem bej\u00e1rata, mellette az alap\u00edt\u00e1sra eml\u00e9keztet\u0151 t\u00e1bla l\u00e1that\u00f3. Ugyancsak a f\u00f6ldszinten tal\u00e1lhat\u00f3 P\u00f3r Bertalan &#8220;Az ifj\u00fas\u00e1g a tan\u00edt\u00f3mesterrel&#8221; c\u00edm\u0171 mozaikk\u00e9pe, amelynek alkot\u00f3ja a &#8220;Nyolcak&#8221; m\u0171v\u00e9szcsoport legakt\u00edvabb, legmark\u00e1nsabb tagja volt.<\/p>\n<p>Az I. emeletre impoz\u00e1ns l\u00e9pcs\u0151sor vezet, ahol az els\u0151 fordul\u00f3ban tal\u00e1ljuk eredeti alakj\u00e1ban az I. vil\u00e1gh\u00e1bor\u00faban elesett tanul\u00f3k eml\u00e9km\u0171v\u00e9t, melynek fel\u00e1ll\u00edt\u00e1s\u00e1t 1924-ben az iskola Sz\u00e9chenyi Ifj\u00fas\u00e1gi K\u00f6re kezdem\u00e9nyezett. Lux Elek szobr\u00e1szm\u0171v\u00e9sz alkot\u00e1s\u00e1nak ellen\u00e9rt\u00e9k\u00e9t saj\u00e1t bev\u00e9telb\u0151l \u00e9s adom\u00e1nyokb\u00f3l gy\u0171jt\u00f6tt\u00e9k \u00f6ssze, s 1933-ban \u00e1ll\u00edtott\u00e1k fel.<\/p>\n<p>Az \u00e9p\u00fclet 1912-ben nemcsak az akkori jelennek, hanem a j\u00f6v\u0151nek is \u00e9p\u00fclt: t\u00e1gas folyos\u00f3i, a ruhat\u00e1ri r\u00e9szlegek (amelyeket ma m\u00e1r sajnos nem eredeti funkci\u00f3jukban haszn\u00e1lunk), a tantermek a mai ig\u00e9nyeknek is megfelelnek. A korabeli le\u00edr\u00e1s szerint<\/p>\n<p>&nbsp;<\/p>\n<table border=\"0\" width=\"90%\" cellspacing=\"0\" cellpadding=\"4\">\n<tbody>\n<tr>\n<td><i>&#8220;az oszt\u00e1lyokba vezet\u0151 ajt\u00f3k csillagszer\u0171 ragyog\u00f3 sz\u00ednekben pomp\u00e1z\u00f3 d\u00edsz\u00edt\u00e9sekkel a magyar paraszth\u00e1zak bej\u00e1rat\u00e1ra eml\u00e9keztetnek A tantermek hatalmas ablakokkal, k\u00f6nnyen moshat\u00f3 csempefalazattal, \u00e9s v\u00e1ltakoz\u00f3 nagy t\u00e1bl\u00e1kkal vannak ell\u00e1tva&#8221;.<\/i><\/td>\n<\/tr>\n<\/tbody>\n<\/table>\n<p>&nbsp;<\/p>\n<table style=\"height: 326px;\" border=\"0\" width=\"292\" cellspacing=\"0\" cellpadding=\"4\">\n<tbody>\n<tr>\n<td align=\"right\" valign=\"top\"><a href=\"http:\/\/www.szechenyi-ker-bp.sulinet.hu\/kepek\/iskola\/ajto.jpg\"><img loading=\"lazy\" decoding=\"async\" class=\"aligncenter\" src=\"http:\/\/vasutca.hu\/docs\/kepek\/iskola\/kicsik\/ajto.jpg\" alt=\"eredeti m\u00e9ret\" width=\"240\" height=\"320\" \/><\/a><\/td>\n<td align=\"left\" valign=\"top\"><\/td>\n<\/tr>\n<\/tbody>\n<\/table>\n<p>E mondatokat ak\u00e1r ma is fogalmazhattuk volna, a t\u00e1bl\u00e1k, a csempefal ma is jellemz\u0151je a tantermeknek \u0096 b\u00e1r mint ahogy az ajt\u00f3k z\u00f6ldje \u0096 kiss\u00e9 megkopva \u0151rzik r\u00e9gi sz\u00e9ps\u00e9g\u00fcket.<\/p>\n<p><a href=\"http:\/\/www.szechenyi-ker-bp.sulinet.hu\/kepek\/iskola\/tanari2.jpg\"><img loading=\"lazy\" decoding=\"async\" class=\"alignleft\" src=\"http:\/\/vasutca.hu\/docs\/kepek\/iskola\/kicsik\/tanari2.jpg\" alt=\"eredeti m\u00e9ret\" width=\"270\" height=\"197\" align=\"left\" \/><\/a>A tan\u00e1ri szob\u00e1ban kazett\u00e1s mennyezetet, a tan\u00e1roknak faragott d\u00edsz\u00edt\u00e9ssel ell\u00e1tott szekr\u00e9nyeket alak\u00edtottak ki.<\/p>\n<p>&nbsp;<\/p>\n<p>&nbsp;<\/p>\n<p>Az eredeti l\u00e1mp\u00e1knak sajnos csak t\u00f6red\u00e9ke van meg, melyeket n\u00e9h\u00e1ny, ma m\u00e1r iparm\u0171v\u00e9szeti eml\u00e9knek sz\u00e1m\u00edt\u00f3 berendez\u00e9si t\u00e1rggyal egy\u00fctt, f\u00e9ltve \u0151rz\u00fcnk. Ennek eredm\u00e9nyek\u00e9nt a tan\u00e1ri szob\u00e1t, az igazgat\u00f3i \u00e9s az igazgat\u00f3helyettesi irod\u00e1t Lajta-b\u00fatorok d\u00edsz\u00edtik, s itt t\u00f6bbf\u00e9le m\u00f3don kialak\u00edtott l\u00e1mpatesttel is tal\u00e1lkozhat a szeml\u00e9l\u0151d\u0151.<\/p>\n<p><img decoding=\"async\" class=\"aligncenter\" src=\"http:\/\/vasutca.hu\/docs\/kepek\/iskola\/kicsik\/lampa.JPG\" alt=\"eredeti m\u00e9ret\" width=\"150\" align=\"left\" \/><\/p>\n<p>&nbsp;<\/p>\n<p>&nbsp;<\/p>\n<p>&nbsp;<\/p>\n<p>&nbsp;<\/p>\n<p>&nbsp;<\/p>\n<p>&nbsp;<\/p>\n<p>&nbsp;<\/p>\n<p>&nbsp;<\/p>\n<p>Az 1923-1924-es tan\u00e9vnek jelent\u0151s esem\u00e9ny volt a Kereskedelmi Szakk\u00f6nyvt\u00e1r megalap\u00edt\u00e1sa, amely azt jelentette, hogy a megl\u00e9v\u0151 k\u00f6nyvt\u00e1rhelyis\u00e9gben, koncentr\u00e1ltan fejlesztik a szakmai k\u00f6nyv\u00e1llom\u00e1nyt, s c\u00e9lk\u00e9nt a feln\u0151ttek tov\u00e1bbk\u00e9pz\u00e9s\u00e9t, a szaktudom\u00e1nyok ter\u00e9n val\u00f3 \u00f6n\u00e1ll\u00f3 b\u00fav\u00e1rkod\u00e1st jel\u00f6lt\u00e9k meg. A k\u00f6nyvt\u00e1r 1106 k\u00f6tettel indult, de az adom\u00e1nyoz\u00e1s \u00e9s tervszer\u0171 beszerz\u00e9s eredm\u00e9nyek\u00e9nt 1926-ban m\u00e1r 2357 k\u00f6tet megl\u00e9t\u00e9r\u0151l ad tud\u00f3s\u00edt\u00e1st az \u00c9vk\u00f6nyv. E k\u00f6nyvt\u00e1r eredeti berendez\u00e9s\u00e9vel ma is a negyedik emeleten tal\u00e1lhat\u00f3, s t\u00f6bb mint 16 000 k\u00f6tettel egy\u00fctt szolg\u00e1lja a feln\u0151ttek \u00e9s a di\u00e1kok tud\u00e1sig\u00e9ny\u00e9t.<\/p>\n<p><a href=\"http:\/\/www.szechenyi-ker-bp.sulinet.hu\/kepek\/iskola\/konyvtar.JPG\"><img loading=\"lazy\" decoding=\"async\" src=\"http:\/\/vasutca.hu\/docs\/kepek\/iskola\/kicsik\/konyvtar.JPG\" alt=\"eredeti m\u00e9ret\" width=\"200\" height=\"124\" align=\"left\" \/><\/a>A k\u00f6nyvt\u00e1r helyis\u00e9ge tet\u0151vil\u00e1g\u00edt\u00e1ssal, ferde asztallapjaival a legl\u00e1togatottabb helyis\u00e9ge iskol\u00e1nknak.<\/p>\n<p><a href=\"http:\/\/www.szechenyi-ker-bp.sulinet.hu\/kepek\/iskola\/bagoly2.jpg\"><img decoding=\"async\" src=\"http:\/\/vasutca.hu\/docs\/kepek\/iskola\/kicsik\/bagoly2.jpg\" alt=\"eredeti m\u00e9ret\" width=\"160\" align=\"right\" \/><\/a><\/p>\n<p>&nbsp;<\/p>\n<p>Bej\u00e1rat\u00e1val szemben, a falfordul\u00f3ba \u00e9p\u00edtve egy stiliz\u00e1lt b\u00f6lcs bagoly \u00fcl.<br \/>\nEz \u00e9s a homlokzaton elhelyezett hat t\u00e1rsa m\u00e9lt\u00e1n hirdetik, hogy a tudom\u00e1ny hajl\u00e9k\u00e1ban j\u00e1runk.<\/p>\n<p>&nbsp;<\/p>\n<p>&nbsp;<\/p>\n<p>A 3. \u00e9s a 4. emeleten k\u00e9t el\u0151ad\u00f3termet tal\u00e1lunk (vegytani, \u00e9s term\u00e9szet tudom\u00e1nyi), melyeket az elm\u00falt \u00e9v sor\u00e1n \u0096 az eredetivel megegyez\u0151 m\u00f3don \u0096 \u00faj\u00edtottak fel, meg\u0151rizve mindk\u00e9t el\u0151ad\u00f3terem emelked\u0151 padsoros berendez\u00e9s\u00e9t \u00e9s a nagym\u00e9ret\u0171 k\u00eds\u00e9rleti, el\u0151k\u00e9sz\u00edt\u0151 tan\u00e1ri asztalt.<\/p>\n<p><center><a href=\"http:\/\/www.szechenyi-ker-bp.sulinet.hu\/kepek\/iskola\/eloado.jpg\"><img loading=\"lazy\" decoding=\"async\" src=\"http:\/\/vasutca.hu\/docs\/kepek\/iskola\/kicsik\/eloado.jpg\" alt=\"\" width=\"240\" height=\"180\" \/><\/a><\/center><br \/>\nMa is rendeltet\u00e9sszer\u0171en funkcion\u00e1lnak az el\u0151ad\u00f3khoz tartoz\u00f3 kieg\u00e9sz\u00edt\u0151 helyis\u00e9gek, szert\u00e1r\u00e1kat, melyek igazolj\u00e1k, hogy magas szakmai szinten folyt \u00e9s folyik itt ma is az oktat\u00e1s.<\/p>\n","protected":false},"excerpt":{"rendered":"<p>Az iskol\u00e1nak n\u00e9gy \u00e9vig, 1908-1912. k\u00f6z\u00f6tt nem volt \u00f6n\u00e1ll\u00f3 \u00e9p\u00fclete. A komoly munka folytat\u00e1s\u00e1hoz \u00e9s elm\u00e9ly\u00edt\u00e9s\u00e9hez m\u00e9lt\u00f3 keretet ny\u00fajtott az \u00faj iskola\u00e9p\u00fclet a VIII. ker\u00fcleti Vas utca 9-11-ben, ahol 1912 szeptember\u00e9ben kezd\u0151dhetett el az oktat\u00e1s. Az iskolapalotak\u00e9nt emlegetett \u00e9p\u00fclet val\u00f3ban minden szempontb\u00f3l megfelelt a kor k\u00f6vetelm\u00e9nyeinek: kiel\u00e9g\u00edtette a nevel\u00e9s, a higi\u00e9nia \u00e9s a kereskedelmi szakoktat\u00e1s &hellip; <\/p>\n<p class=\"link-more\"><a href=\"https:\/\/www.vasutca.hu\/?page_id=76\" class=\"more-link\"><span class=\"screen-reader-text\">&#8220;\u00c9p\u00fclet\u00fcnk&#8221;<\/span> b\u0151vebben<\/a><\/p>\n","protected":false},"author":4,"featured_media":0,"parent":0,"menu_order":0,"comment_status":"closed","ping_status":"closed","template":"","meta":{"footnotes":""},"_links":{"self":[{"href":"https:\/\/www.vasutca.hu\/index.php?rest_route=\/wp\/v2\/pages\/76"}],"collection":[{"href":"https:\/\/www.vasutca.hu\/index.php?rest_route=\/wp\/v2\/pages"}],"about":[{"href":"https:\/\/www.vasutca.hu\/index.php?rest_route=\/wp\/v2\/types\/page"}],"author":[{"embeddable":true,"href":"https:\/\/www.vasutca.hu\/index.php?rest_route=\/wp\/v2\/users\/4"}],"replies":[{"embeddable":true,"href":"https:\/\/www.vasutca.hu\/index.php?rest_route=%2Fwp%2Fv2%2Fcomments&post=76"}],"version-history":[{"count":3,"href":"https:\/\/www.vasutca.hu\/index.php?rest_route=\/wp\/v2\/pages\/76\/revisions"}],"predecessor-version":[{"id":150,"href":"https:\/\/www.vasutca.hu\/index.php?rest_route=\/wp\/v2\/pages\/76\/revisions\/150"}],"wp:attachment":[{"href":"https:\/\/www.vasutca.hu\/index.php?rest_route=%2Fwp%2Fv2%2Fmedia&parent=76"}],"curies":[{"name":"wp","href":"https:\/\/api.w.org\/{rel}","templated":true}]}}