{"id":743,"date":"2019-06-06T09:04:22","date_gmt":"2019-06-06T08:04:22","guid":{"rendered":"http:\/\/www.vasutca.hu\/?page_id=743"},"modified":"2019-06-06T09:04:22","modified_gmt":"2019-06-06T08:04:22","slug":"pedagogusnapi-koszontes","status":"publish","type":"page","link":"https:\/\/www.vasutca.hu\/?page_id=743","title":{"rendered":"Pedag\u00f3gusnapi k\u00f6sz\u00f6nt\u00e9s"},"content":{"rendered":"<p>Nagy szeretettel \u00e9s nagy b\u00fcszkes\u00e9ggel k\u00f6sz\u00f6nthett\u00fcnk t\u00f6bb tan\u00e1r koll\u00e9g\u00e1t is pedag\u00f3gusnap alkalm\u00e1b\u00f3l.<\/p>\n<p><img loading=\"lazy\" decoding=\"async\" class=\"alignnone size-medium wp-image-746\" src=\"http:\/\/www.vasutca.hu\/wp-content\/uploads\/2019\/06\/IMG_9013-225x300.jpg\" alt=\"\" width=\"225\" height=\"300\" srcset=\"https:\/\/www.vasutca.hu\/wp-content\/uploads\/2019\/06\/IMG_9013-225x300.jpg 225w, https:\/\/www.vasutca.hu\/wp-content\/uploads\/2019\/06\/IMG_9013-768x1024.jpg 768w\" sizes=\"(max-width: 225px) 100vw, 225px\" \/><\/p>\n<p>T\u00f3thn\u00e9 Gyugyi \u00c1gnes tan\u00e1rn\u0151 negyven \u00e9vnyi magas sz\u00ednvonal\u00fa pedag\u00f3gusi munk\u00e1ja elismer\u00e9sek\u00e9nt kapta meg a Miniszter Elismer\u0151 Oklevel\u00e9t.<\/p>\n","protected":false},"excerpt":{"rendered":"<p>Nagy szeretettel \u00e9s nagy b\u00fcszkes\u00e9ggel k\u00f6sz\u00f6nthett\u00fcnk t\u00f6bb tan\u00e1r koll\u00e9g\u00e1t is pedag\u00f3gusnap alkalm\u00e1b\u00f3l. T\u00f3thn\u00e9 Gyugyi \u00c1gnes tan\u00e1rn\u0151 negyven \u00e9vnyi magas sz\u00ednvonal\u00fa pedag\u00f3gusi munk\u00e1ja elismer\u00e9sek\u00e9nt kapta meg a Miniszter Elismer\u0151 Oklevel\u00e9t.<\/p>\n","protected":false},"author":5,"featured_media":0,"parent":0,"menu_order":0,"comment_status":"closed","ping_status":"closed","template":"","meta":{"footnotes":""},"_links":{"self":[{"href":"https:\/\/www.vasutca.hu\/index.php?rest_route=\/wp\/v2\/pages\/743"}],"collection":[{"href":"https:\/\/www.vasutca.hu\/index.php?rest_route=\/wp\/v2\/pages"}],"about":[{"href":"https:\/\/www.vasutca.hu\/index.php?rest_route=\/wp\/v2\/types\/page"}],"author":[{"embeddable":true,"href":"https:\/\/www.vasutca.hu\/index.php?rest_route=\/wp\/v2\/users\/5"}],"replies":[{"embeddable":true,"href":"https:\/\/www.vasutca.hu\/index.php?rest_route=%2Fwp%2Fv2%2Fcomments&post=743"}],"version-history":[{"count":1,"href":"https:\/\/www.vasutca.hu\/index.php?rest_route=\/wp\/v2\/pages\/743\/revisions"}],"predecessor-version":[{"id":749,"href":"https:\/\/www.vasutca.hu\/index.php?rest_route=\/wp\/v2\/pages\/743\/revisions\/749"}],"wp:attachment":[{"href":"https:\/\/www.vasutca.hu\/index.php?rest_route=%2Fwp%2Fv2%2Fmedia&parent=743"}],"curies":[{"name":"wp","href":"https:\/\/api.w.org\/{rel}","templated":true}]}}