{"id":73,"date":"2018-05-28T04:55:32","date_gmt":"2018-05-28T04:55:32","guid":{"rendered":"http:\/\/vasutca.rakdfel.hu\/?page_id=73"},"modified":"2018-05-28T04:56:25","modified_gmt":"2018-05-28T04:56:25","slug":"iskolank-tortenete","status":"publish","type":"page","link":"https:\/\/www.vasutca.hu\/?page_id=73","title":{"rendered":"Iskol\u00e1nk t\u00f6rt\u00e9nete"},"content":{"rendered":"<p>Az 1900-as \u00e9vek elej\u00e9n gazdas\u00e1gi fellend\u00fcl\u00e9s mutatkozott vil\u00e1gszerte, amely \u0096 ellentmond\u00e1sosan, b\u00e1r \u0096 Magyarorsz\u00e1gon is \u00e9reztette j\u00f3t\u00e9kony hat\u00e1s\u00e1t. H\u00e1rom \u00e9v leforg\u00e1sa alatt t\u00f6bb mint 2300 \u00faj v\u00e1llalat alakult az orsz\u00e1gban 513 milli\u00f3 korona alapt\u0151k\u00e9vel, amely igen jelent\u0151s \u00f6sszegnek sz\u00e1m\u00edtott abban az id\u0151ben. E k\u00f6r\u00fclm\u00e9nyek k\u00f6z\u00f6tt igen j\u00f3nak sz\u00e1m\u00edtottak az elhelyezked\u00e9si lehet\u0151s\u00e9gek, s a fiatalok \u00f6r\u00f6mmel k\u00e9sz\u00fcltek gyakorlati p\u00e1ly\u00e1kra, k\u00f6zt\u00fck a kereskedelmi p\u00e1ly\u00e1ra is. A rohamosan n\u00f6vekv\u0151 ig\u00e9nyek kiel\u00e9g\u00edt\u00e9se miatt 1908. augusztus 27-\u00e9n,\u00a0<b>dr. B\u00e1rczy Istv\u00e1n f\u0151polg\u00e1rmester<\/b>\u00a0eln\u00f6klet\u00e9vel, Budapest Sz\u00e9kesf\u0151v\u00e1ros Tan\u00e1csa \u00fagy d\u00f6nt\u00f6tt, hogy a VI. ker\u00fcleti Nagymez\u0151 utcai Fels\u0151 Kereskedelmi Iskol\u00e1nak a R\u00f6kk Szil\u00e1rd utc\u00e1ban elhelyezett oszt\u00e1lyait \u00f6n\u00e1ll\u00f3 iskol\u00e1v\u00e1 nyilv\u00e1n\u00edtja, \u00e9s d<b>r. Mih\u00e1ly J\u00f3zsef<\/b>\u00a0fels\u0151 kereskedelmi iskolai tan\u00e1rt b\u00edzta meg az \u00faj fi\u00faiskola vezet\u00e9s\u00e9vel.<\/p>\n<p>14 tan\u00e1rral, \u00f6sszesen 254 di\u00e1kkal (k\u00e9t als\u00f3, k\u00e9t k\u00f6z\u00e9ps\u0151 \u00e9s k\u00e9t fels\u0151 \u00e9vfolyammal) megny\u00edlt a h\u00e1rom \u00e9vfolyamos iskola, amely a k\u00f6vetelm\u00e9nyeknek megfelel\u0151en v\u00e9gezte munk\u00e1j\u00e1t, s\u0151t m\u00e9g emelte is az oktat\u00e1s sz\u00ednvonal\u00e1t. Az iskolareformot is megel\u0151zve a tan\u00e1ri kar sz\u00e1mos kezdem\u00e9nyez\u00e9ssel j\u00e1rult hozz\u00e1 ahhoz, hogy min\u00e9l m\u0171veltebb \u00e9s gyakorlatiasabb szakembereket k\u00e9pezzenek a gazdas\u00e1gi \u00e9let sz\u00e1m\u00e1ra. Az impon\u00e1l\u00f3 t\u00f6rekv\u00e9sek \u00e9s \u00faj\u00edt\u00e1sok \u00f6nmaguk\u00e9rt besz\u00e9lnek:<\/p>\n<ol>\n<li>A gyors- \u00e9s g\u00e9p\u00edr\u00e1st \u0096 b\u00e1r nem k\u00f6telez\u0151 tant\u00e1rgyak \u0096 minden tanul\u00f3 tanulja.<\/li>\n<li>A testnevel\u00e9s al\u00f3l csak orvosi javaslat alapj\u00e1n mentes\u00fclnek a tanul\u00f3k \u0096 j\u00f3llehet ez sem k\u00f6telez\u0151 t\u00e1rgy.<\/li>\n<li>Az idegen nyelveket megosztva, oszt\u00e1lyonk\u00e9nt k\u00e9t-k\u00e9t csoportban oktatj\u00e1k.<\/li>\n<li>A francia nyelv rov\u00e1s\u00e1ra egy angol nyelvi oszt\u00e1ly is ny\u00edlik, els\u0151k\u00e9nt a szakoktat\u00e1s \u00f6sszes int\u00e9zetei k\u00f6z\u00f6tt.<\/li>\n<li>K\u00fcl\u00f6n szerb-horv\u00e1t nyelvtanfolyam indul.<\/li>\n<li>A fels\u0151 \u00e9vfolyamon a tehets\u00e9gesebb tanul\u00f3knak n\u00e9met \u00e9s francia nyelven tartanak k\u00f6zgazdas\u00e1gi \u00e9s kereskedelmi t\u00e1rgy\u00fa konzervat\u00f3riumokat.<\/li>\n<li>N\u00f6velik a tant\u00e1rgyi koncentr\u00e1ci\u00f3t \u00fagy, hogy a rokont\u00e1rgyakat azonos tan\u00e1r tan\u00edtja.<\/li>\n<li>Megszervezik az els\u0151 budapesti fels\u0151 kereskedelmi le\u00e1nyiskol\u00e1t, amely r\u00f6gt\u00f6n m\u00e1s helyis\u00e9gben, k\u00fcl\u00f6n igazgat\u00e1s alatt kezdi meg m\u0171k\u00f6d\u00e9s\u00e9t.<\/li>\n<\/ol>\n<p>De nemcsak a kor\u00e1t meghalad\u00f3 tan\u00edt\u00f3-nevel\u0151 munk\u00e1t kell kiemeln\u00fcnk az iskola indul\u00e1si \u00e9veivel kapcsolatban, hanem azt, hogy az \u00f6t\u00f6dik tan\u00e9vt\u0151l m\u00e1r \u00f6n\u00e1ll\u00f3,\u00a0<a href=\"http:\/\/vasutca.hu\/index.php\/iskolankrol\/epuletunk\">\u00faj \u00e9p\u00fcletben<\/a>folyhatott az oktat\u00e1s.<\/p>\n<p>A lend\u00fcletes munk\u00e1t azonban hamarosan az I. vil\u00e1gh\u00e1bor\u00fa t\u00f6rte meg. A h\u00e1bor\u00fas viszonyok (sz\u00e9nsz\u00fcnet, tan\u00e1r- \u00e9s teremhi\u00e1ny, katonai \u00e9retts\u00e9gi stb.) k\u00f6z\u00f6tt az iskola csak r\u00e9szben tudott megfelelni alapvet\u0151 feladat\u00e1nak.<\/p>\n<p>Az 1925-\u00f6s \u00e9vben int\u00e9zm\u00e9ny\u00fcnk felvette Sz\u00e9chenyi Istv\u00e1n nev\u00e9t. Az esem\u00e9ny egybeesett Sz\u00e9chenyi orsz\u00e1ggy\u0171l\u00e9si fell\u00e9p\u00e9s\u00e9nek 100. \u00e9vfordul\u00f3j\u00e1val. Err\u0151l az esem\u00e9nyr\u0151l a\u00a0<b>Krisch Jen\u0151<\/b>\u00a0igazgat\u00f3 \u00e1ltal szerkesztett \u00c9vk\u00f6nyv a k\u00f6vetkez\u0151ket \u00edrja:<\/p>\n<p>&nbsp;<\/p>\n<table border=\"0\" width=\"90%\" cellspacing=\"0\" cellpadding=\"4\">\n<tbody>\n<tr>\n<td><i>&#8220;Mi Sz\u00e9chenyi Istv\u00e1n nev\u00e9t, mint els\u0151rang\u00fa k\u00f6zgazd\u00e1sznak nev\u00e9t \u00edrjuk int\u00e9zet\u00fcnk homlokzat\u00e1ra. F\u0151 t\u00f6rekv\u00e9s\u00fcnk oda ir\u00e1nyul, hogy ifjaink lelk\u00e9be belepl\u00e1nt\u00e1ljuk Sz\u00e9chenyi szellem\u00e9t. Azt a k\u00f6zgazdas\u00e1gi szellemet, amely a rideg \u00e9s nyers anyagi er\u0151ket \u00f6sszekapcsolja az erk\u00f6lcsi \u00e9let \u00e9t\u00e9keivel. Ezt tette Sz\u00e9chenyi, s ez\u00e9rt v\u00e1lt bel\u0151le nemzetnevel\u0151. \u00cdgy akarunk mi is a magyar k\u00f6zgazdas\u00e1gi \u00e9let sz\u00e1m\u00e1ra Sz\u00e9chenyi katon\u00e1kat nevelni. Azt akarjuk, hogy di\u00e1kjaink legyenek els\u0151rang\u00fa szakemberek, becs\u00fcletes keresked\u0151k vagy j\u00f3 bankf\u00e9rfiak Ha ebben a feladatban iskola \u00e9s csal\u00e1d v\u00e1llvetve dolgozik, akkor lesz \u00e9rtelme az \u00faj elnevez\u00e9snek, s akkor lesz igaz\u00e1n iskol\u00e1nk Sz\u00e9chenyi-iskola.&#8221;<\/i><\/td>\n<\/tr>\n<\/tbody>\n<\/table>\n<p>Ett\u0151l az id\u0151t\u0151l kezdve p\u00e1ratlan Sz\u00e9chenyi-kultusz bontakozott ki az iskol\u00e1ban, melyhez az is hozz\u00e1tartozik, hogy sz\u00e1mos, magas rang\u00fa k\u00f6z\u00e9leti szem\u00e9ly \u00e9s gazdas\u00e1gi szakember tartott itt el\u0151ad\u00e1st a tanul\u00f3ifj\u00fas\u00e1gnak. \u00cdgy ker\u00fclhetett sor az 1929-30-as tan\u00e9vben az els\u0151 orsz\u00e1gos tehets\u00e9gversenyre, amelynek c\u00e9ljai k\u00f6z\u00f6tt szerepelt az iskolai szakoktat\u00e1snak a gyakorlati \u00e9lettel val\u00f3 szorosabb \u00f6sszekapcsol\u00e1sa. Ett\u0151l kezdve \u00e9venk\u00e9nt a Vas utcai kereskedelmi iskola adott otthont a k\u00f6zel sz\u00e1z f\u0151v\u00e1rosi \u00e9s vid\u00e9ki kereskedelmi iskol\u00e1k tanulm\u00e1nyi verseny\u00e9nek.<\/p>\n<p>A Sz\u00e9chenyi-kultusz fontosabb t\u00e1rgyi bizony\u00edt\u00e9kait ma is \u0151rizz\u00fck iskol\u00e1nk falai k\u00f6z\u00f6tt, s b\u00fcszk\u00e9n mutatjuk meg \u00faj di\u00e1kjainknak \u00e9s a hozz\u00e1nk l\u00e1togat\u00f3knak. P\u00e9ld\u00e1ul:<\/p>\n<ul>\n<li>1929-ben az ifj\u00fas\u00e1gi hangverseny bev\u00e9tel\u00e9b\u0151l elk\u00e9sz\u00fclt\u00a0<b>Sz\u00e9chenyi Istv\u00e1n \u00e9letnagys\u00e1g\u00fa k\u00e9pe<\/b>\u00a0a tan\u00e1ri szoba sz\u00e1m\u00e1ra, mely m\u00e1solatot\u00a0<b>Kiss Viktor<\/b>\u00a0k\u00e9sz\u00edtette (a Magyar Tudom\u00e1nyos Akad\u00e9mia k\u00e9pt\u00e1r\u00e1ban tal\u00e1lhat\u00f3 Amerling Frigyes alkot\u00e1sa alapj\u00e1n).<\/li>\n<li>1930-ban hat\u00e1rozt\u00e1k el a\u00a0<b>di\u00e1ksapka<\/b>\u00a0visel\u00e9s\u00e9t, s a sapk\u00e1ra Sz\u00e9chenyi arck\u00e9p\u00e9vel d\u00edsz\u00edtett jelv\u00e9ny ker\u00fclt.<\/li>\n<li>1936-ban a V\u00e9gzett Tanul\u00f3k Egyes\u00fclete z\u00e1szl\u00f3t aj\u00e1nd\u00e9kozott az iskol\u00e1nak, az egyik oldal\u00e1n Sz\u00e9chenyi arck\u00e9p\u00e9vel.<\/li>\n<li>1941-ben a V\u00e9gzett Tanul\u00f3k Egyes\u00fclete aj\u00e1nd\u00e9kak\u00e9nt avatt\u00e1k fel az els\u0151 emeleten tal\u00e1lhat\u00f3 bronz\u00a0<a href=\"http:\/\/vasutca.hu\/kepek\/iskola\/szechenyi.jpg\">mellszobrot<\/a>, melyet\u00a0<b>Papp J\u00f3zsef<\/b>\u00a0k\u00e9sz\u00edtett. A z\u00e1szl\u00f3n \u00e9s a szobron is &#8220;<b>A tett az els\u0151, a sz\u00f3 a m\u00e1sodik<\/b>&#8221; Sz\u00e9chenyi-mond\u00e1s olvashat\u00f3.<\/li>\n<\/ul>\n<p>A jeles \u00e9p\u00fclet kit\u0171n\u0151 tan\u00e1rokkal is dicsekedhet. K\u00f6z\u00fcl\u00fck is kiemelkedik Szerb Antal. Eml\u00e9k\u00e9t ma m\u00e1r nemcsak a f\u00f6ldszinten elhelyezett, hanem a p\u00e1r \u00e9ve \u0096 sz\u00fclet\u00e9s\u00e9nek 100. \u00e9vfordul\u00f3j\u00e1n \u0096 \u00e1tadott eml\u00e9kt\u00e1bla is \u0151rzi. De itt tan\u00edtott Ancsel \u00c9va filoz\u00f3fus is, s folytathatn\u00e1nk a sort, mely egy hosszabb l\u00e9legzet\u0171 kutat\u00f3munk\u00e1t ig\u00e9nyelne.<\/p>\n<p>1933-ban fenn\u00e1ll\u00e1s\u00e1nak 25. \u00e9vfordul\u00f3j\u00e1t f\u00e9nyes k\u00fcls\u0151s\u00e9gek k\u00f6z\u00f6tt \u00fcnnepelt\u00e9k meg az int\u00e9zm\u00e9ny tan\u00e1rai \u00e9s di\u00e1kjai, de a leg\u00e9kesebb sz\u00f3noklatokb\u00f3l is \u00e9rz\u0151d\u00f6tt a n\u00e9gy \u00e9ve tombol\u00f3 gazdas\u00e1gi vil\u00e1gv\u00e1ls\u00e1g nyomaszt\u00f3 l\u00e9gk\u00f6re. A legszebb szavak sem tudt\u00e1k leplezni az ifj\u00fas\u00e1g el\u0151tt \u00e1ll\u00f3 bizonytalan j\u00f6v\u0151t, a munkan\u00e9lk\u00fclis\u00e9get. A helyzet a k\u00e9s\u0151bbi \u00e9vekben sem javult jelent\u0151sen, m\u00e9g az 1935-36-os \u00c9vk\u00f6nyv is \u00edgy \u00edrt:<\/p>\n<p>&nbsp;<\/p>\n<table border=\"0\" width=\"90%\" cellspacing=\"0\" cellpadding=\"4\">\n<tbody>\n<tr>\n<td><i>&#8220;A fixfizet\u00e9ses \u00e1ll\u00e1sok elnyer\u00e9s\u00e9\u00e9rt er\u0151s k\u00fczdelem folyik, a szabad p\u00e1ly\u00e1kon az \u00f6n\u00e1ll\u00f3 exisztencia megteremt\u00e9se \u00e9s fenntart\u00e1sa er\u0151s akaratot, sok ismeretet \u00e9s nagy kitart\u00e1st k\u00f6vetel.&#8221;<\/i><\/td>\n<\/tr>\n<\/tbody>\n<\/table>\n<p>Az iskola mindent megtett annak \u00e9rdek\u00e9ben, hogy a kem\u00e9ny versenyben helyt\u00e1lljanak n\u00f6vend\u00e9kei, hogy min\u00e9l szil\u00e1rdabb \u00e9s alkalmazhat\u00f3bb tud\u00e1ssal l\u00e9pjenek ki az \u00e9letbe. Megpr\u00f3b\u00e1lt\u00e1k a k\u00fcls\u0151 kapcsolatokat tov\u00e1bb er\u0151s\u00edteni a v\u00e1llalatokkal, \u00fczemekkel \u00e9s kultur\u00e1lis int\u00e9zm\u00e9nyekkel.<\/p>\n<p>A m\u00e1sodik vil\u00e1gh\u00e1bor\u00fa m\u00e9g borzalmasabb puszt\u00edt\u00e1st v\u00e9gzett, mint az els\u0151, b\u00e1r maga az \u00e9p\u00fclet szerencs\u00e9sen \u00e1tv\u00e9szelte a sz\u00f6rny\u0171 id\u0151ket, s az ide telep\u00fclt hadik\u00f3rh\u00e1z kik\u00f6lt\u00f6z\u00e9se ut\u00e1n, 1946 \u0151sz\u00e9n ism\u00e9t birtokba vehett\u00e9k a tanul\u00f3k. A h\u00e1bor\u00fa ut\u00e1n tan\u00e1rok, di\u00e1kok, sz\u00fcl\u0151k \u0096 er\u0151t, anyagiakat \u00e9s f\u00e1rads\u00e1got nem k\u00edm\u00e9lve \u0096 hozt\u00e1k rendbe az \u00e9p\u00fcletet \u00e9s teremtett\u00e9k el\u0151 a sz\u00fcks\u00e9ges berendez\u00e9seket. Az iskolai \u00e9letben gy\u00f6keres v\u00e1ltoz\u00e1sok t\u00f6rt\u00e9ntek: beindult az \u00f6nk\u00e9pz\u0151k\u00f6r, az \u00e9nek- \u00e9s zenekar, megalakult az ifj\u00fas\u00e1gi v\u00f6r\u00f6skereszt szervezete, a sportk\u00f6r pedig \u0096 a hagyom\u00e1nyaihoz h\u00edven \u0096 kiv\u00e1l\u00f3 eredm\u00e9nyeket \u00e9rt el a labdar\u00fag\u00e1s, a kos\u00e1rlabda, az atl\u00e9tika, a birk\u00f3z\u00e1s \u00e9s a sakk ter\u00fclet\u00e9n.<\/p>\n<p>A kor szellem\u00e9nek megfelel\u0151en az iskola neve (meg\u0151rizve a n\u00e9vad\u00f3 megjel\u00f6l\u00e9s\u00e9t) gyakran v\u00e1ltozott:<\/p>\n<ul>\n<li>1947-ig Kereskedelmi K\u00f6z\u00e9piskola, majd Kereskedelmi Gimn\u00e1zium, K\u00f6zgazdas\u00e1gi Gimn\u00e1zium;<\/li>\n<li>1950-t\u00f6l K\u00f6zgazdas\u00e1gi K\u00f6z\u00e9piskola;<\/li>\n<li>1953-56-ig Kereskedelmi tagozat\u00fa Gyakorl\u00f3 K\u00f6zgazdas\u00e1gi Technikum;<\/li>\n<li>1956-67-ig Kereskedelmi tagozat\u00fa K\u00f6zgazdas\u00e1gi Technikum;<\/li>\n<li>1968-69-ben Kereskedelmi Szakk\u00f6z\u00e9piskola;<\/li>\n<li>1969-t\u0151l Gyakorl\u00f3 Kereskedelmi Szakk\u00f6z\u00e9piskola;<\/li>\n<li>majd voltunk Sz\u00e9chenyi Istv\u00e1n Gyakorl\u00f3 Kereskedelmi Szakk\u00f6z\u00e9piskola \u00e9s Gimn\u00e1zium is.<\/li>\n<li>2013-t\u00f3l Sz\u00e9chenyi Istv\u00e1n Kereskedelmi Szakk\u00f6z\u00e9piskola lett\u00fcnk.<\/li>\n<li>2015 j\u00falius 1-j\u00e9t\u0151l a Budapesti gazdas\u00e1gi Szakk\u00e9pz\u00e9si centrum Sz\u00e9chenyi Istv\u00e1n Kereskedelmi Szakk\u00f6z\u00e9piskol\u00e1ja a nev\u00fcnk.<\/li>\n<\/ul>\n<p>De hi\u00e1ba a n\u00e9vv\u00e1ltoz\u00e1s, az iskola k\u00e9pz\u00e9si c\u00e9lja \u00e9s profilja \u0096 l\u00e9nyeg\u00e9t tekintve \u0096 2015-ig alig m\u00f3dosult. 2015\/2016-os tan\u00e9vt\u0151l a kereskedelem \u00e1gazati k\u00e9pz\u00e9s mellett elind\u00edtottuk a TURISZTIKA \u00e1gazati k\u00e9pz\u00e9st is.<\/p>\n<p>A tiszta fi\u00faiskol\u00e1ba el\u0151sz\u00f6r 1951-ben vettek fel l\u00e1nyokat, s p\u00e1r \u00e9v m\u00falva m\u00e1r h\u00e1romszor annyi l\u00e1ny j\u00e1rt az int\u00e9zm\u00e9nybe, mint fi\u00fa. A tan\u00e1ri karban is hasonl\u00f3an alakult a nemek ar\u00e1nya. Enn\u00e9l l\u00e9nyegesebb v\u00e1ltoz\u00e1s az int\u00e9zet \u00e9let\u00e9ben, hogy 1953-ban \u0096 trad\u00edci\u00f3i, kiv\u00e1l\u00f3 t\u00e1rgyi \u00e9s szem\u00e9lyi adotts\u00e1gai alapj\u00e1n \u0096 gyakorl\u00f3 iskol\u00e1v\u00e1 nyilv\u00e1n\u00edtj\u00e1k. Napjainkig itt k\u00e9sz\u00fclnek v\u00e1lasztott hivat\u00e1sukra nemcsak a szakmai szakos tan\u00e1rjel\u00f6ltek. El\u0151sz\u00f6r a Marx K\u00e1roly K\u00f6zgazdas\u00e1gtudom\u00e1nyi Egyetemr\u0151l j\u00f6ttek iskol\u00e1nkba tan\u00edt\u00e1si gyakorlatra, majd 1977 \u00f3ta a Kereskedelmi Vend\u00e9gl\u00e1t\u00f3ipari \u00e9s Idegenforgalmi F\u0151iskol\u00e1r\u00f3l is. A rendszerv\u00e1lt\u00e1s ut\u00e1n sok\u00e1ig nem volt tan\u00e1rk\u00e9pz\u00e9s a Budapesti K\u00f6zgazdas\u00e1gtudom\u00e1nyi Egyetemen, de 1997\/98-ban \u00fajra indult \u00e9s a k\u00f6vetkez\u0151 \u00e9vekben ism\u00e9t sz\u00e1m\u00edtanak r\u00e1nk, mint hagyom\u00e1nyos k\u00e9pz\u0151helyre, s\u0151t napjainkban az E\u00f6tv\u00f6s Lor\u00e1nd Tudom\u00e1ny Egyetemr\u0151l is fogadunk &#8220;kistan\u00e1rokat&#8221;.<\/p>\n<p>Az 50-es \u00e9vekben k\u00f6z\u00e9pfok\u00fa, kereskedelemi k\u00e1der-k\u00e9pz\u00e9s\u00e9t folyt az \u00e9p\u00fcletben. A szomor\u00fa 1956-os esem\u00e9nyek ut\u00e1n, 1958-ban, az 50 \u00e9ves fenn\u00e1ll\u00e1st m\u00e1r ar\u00e1nylag konszolid\u00e1lt viszonyok k\u00f6z\u00f6tt \u00fcnnepli meg az iskola.<\/p>\n<p>A 60-as \u00e9vekben az \u00faj tantervi k\u00f6vetelm\u00e9nyek alapj\u00e1n bevezett\u00e9k a gyakorlati k\u00e9pz\u00e9st, amely a szakk\u00f6z\u00e9piskolai k\u00e9pz\u00e9si form\u00e1ban \u00e9p\u00fclt ki. Az orsz\u00e1gos, illetve a t\u00f6bb iskol\u00e1t \u00e9rint\u0151 k\u00eds\u00e9rletekkel p\u00e1rhuzamosan helyi kezdem\u00e9nyez\u00e9sek is t\u00f6rt\u00e9ntek. Ezek a ma ember\u00e9nek tal\u00e1n furcs\u00e1n hangzanak, de a tanul\u00e1s hat\u00e9konys\u00e1g\u00e1t n\u00f6vel\u0151 t\u00e9nyez\u0151k mellett val\u00f3sz\u00edn\u0171leg a k\u00f6z\u00f6ss\u00e9geket \u00e9p\u00edt\u0151k \u00e9s er\u0151s\u00edt\u0151k is voltak, nem besz\u00e9lve a napjaink di\u00e1kjait is \u00e9rint\u0151 harmadik probl\u00e9m\u00e1r\u00f3l, a cselleng\u00e9sr\u0151l. A di\u00e1kok \u00e9rdek\u00e9ben vezett\u00e9k be, p\u00e9ld\u00e1ul az eg\u00e9sz napos nevel\u00e9st, a kereskedelmi porty\u00e1kat, a fakultat\u00edv napokat. De ide tartozik az iskolai b\u00fcf\u00e9 megszervez\u00e9se is, melyr\u0151l a k\u00f6vetkez\u0151ket olvashatjuk az 1983-as \u00c9vk\u00f6nyvben:<\/p>\n<p>&nbsp;<\/p>\n<table border=\"0\" width=\"90%\" cellspacing=\"0\" cellpadding=\"4\">\n<tbody>\n<tr>\n<td><i>&#8220;K\u00f6zkedvelt tev\u00e9kenys\u00e9g az iskolasz\u00f6vetkezeti munka is\u0085A m\u00e1sodik emeleti folyos\u00f3n berendezett boltban a n\u00f6vend\u00e9kek az \u00e1ruforgalom valamennyi mozzanat\u00e1t gyakorolj\u00e1k teljes \u00f6n\u00e1ll\u00f3s\u00e1ggal\u0085 \u00cdgy \u0096 amellett, hogy k\u00f6zvetlen\u00fcl m\u00f3d ny\u00edlik az elm\u00e9let \u00e9s a gyakorlat \u00f6sszekapcsol\u00e1s\u00e1ra \u0096 a tanul\u00f3ifj\u00fas\u00e1g helyben v\u00e1s\u00e1rolhatja meg t\u00edz\u00f3raij\u00e1t \u00e9s \u00edr\u00f3szereit&#8221;.<\/i><\/td>\n<\/tr>\n<\/tbody>\n<\/table>\n<p>A 70-es \u00e9vek elej\u00e9n kapcsol\u00f3dik be n\u00e9h\u00e1ny oszt\u00e1ly az MTA eln\u00f6ks\u00e9ge \u00e1ltal ir\u00e1ny\u00edtott matematikatan\u00edt\u00e1si k\u00eds\u00e9rletbe, amely az akkori tantervi v\u00e1ltoz\u00e1sokat k\u00e9sz\u00edti el\u0151. De a Vas utc\u00e1ban rendezik meg az orsz\u00e1gban el\u0151sz\u00f6r a kereskedelmi iskol\u00e1k \u00f6sszevont \u00e9retts\u00e9gi-felv\u00e9teli vizsg\u00e1j\u00e1t is a Kereskedelmi \u00e9s Vend\u00e9gl\u00e1t\u00f3ipari F\u0151iskol\u00e1val kar\u00f6ltve.<\/p>\n<p>A 90-es \u00e9vek magyarorsz\u00e1gi politikai, t\u00e1rsadalmi v\u00e1ltoz\u00e1saival egy\u00fctt gy\u00f6keresen \u00e1talakultak a kereskedelmi szakk\u00e9pz\u00e9ssel szemben t\u00e1masztott k\u00f6vetelm\u00e9nyek is. Az iskol\u00e1nak &#8211; mint t\u00f6rt\u00e9nelme sor\u00e1n mindenkor &#8211; a t\u00e1rsadalom ig\u00e9nyeinek \u00e9s elv\u00e1r\u00e1sainak kellett megfelelnie. A gyorsan v\u00e1ltoz\u00f3 t\u00f6rv\u00e9nyi elv\u00e1r\u00e1sok \u00e9s k\u00f6rnyezeti felt\u00e9telek folyamatos alkalmazkod\u00e1st ig\u00e9nyeltek.<\/p>\n<p>A rendszerv\u00e1lt\u00e1s \u00f3ta a szakk\u00e9pz\u00e9sben sz\u00e1mos jelent\u0151s v\u00e1ltoz\u00e1s t\u00f6rt\u00e9nt.<\/p>\n<p>Els\u0151 l\u00e9p\u00e9sk\u00e9nt megsz\u0171nt a h\u00edres 51-100-as \u00e9retts\u00e9gi-k\u00e9pes\u00edt\u0151 vizsga 2000-t\u0151l felmen\u0151 rendszerben. A szakk\u00e9pz\u00e9s \u00e1tker\u00fclt az \u00e9retts\u00e9gi ut\u00e1ni id\u0151szakra.<\/p>\n<p>K\u00f6vetkezett az OKJ \u00e1talak\u00edt\u00e1sa, \u00e9s 2005-t\u0151l a szakk\u00e9pz\u0151 iskol\u00e1k T\u00e9rs\u00e9gi Szakk\u00e9pz\u0151 K\u00f6zpontokba szervez\u00e9se. Iskol\u00e1nk a BETISZK tagja lett 6 m\u00e1sik t\u00e1rsiskol\u00e1val egy\u00fctt.<\/p>\n<p>2008-t\u00f3l a szakk\u00e9pz\u0151 oszt\u00e1lyok \u00e1tker\u00fcltek a BETISZK k\u00f6zponti k\u00e9pz\u0151hely\u00e9re, a Doh\u00e1ny utc\u00e1ba. \u00cdgy a mi iskol\u00e1nk is szakk\u00e9pz\u00e9s n\u00e9lk\u00fcli szakk\u00f6z\u00e9piskola lett.<\/p>\n<p>2013-t\u00f3l a szakk\u00e9pz\u0151 oszt\u00e1lyok r\u00e9szben visszaker\u00fcltek az &#8220;anyaiskol\u00e1kba&#8221;. N\u00e1lunk az OKJ 54 341 01-es Keresked\u0151 szakk\u00e9pz\u00e9s indult el ism\u00e9t, amely k\u00e9t \u00e9v helyett 1 \u00e9v alatt k\u00e9sz\u00edt fel a szakmai vizsg\u00e1ra az el\u0151zetes tanulm\u00e1nyok besz\u00e1m\u00edt\u00e1sa miatt.<\/p>\n<p>A szakmai kerettantervek is megv\u00e1ltoztak, \u00edgy felmen\u0151 rendszerben \u00faj szakmai k\u00e9pz\u00e9s t\u00f6rt\u00e9nik a 9-12. \u00e9vfolyamokon. Az els\u0151 oszt\u00e1lyok, amelyek tanul\u00f3i sz\u00e1m\u00e1ra ism\u00e9t k\u00f6telez\u0151 lesz az \u00e1gazati szakmai tant\u00e1rgyb\u00f3l \u00e9retts\u00e9gizni, 2017-ben v\u00e9geznek majd.<\/p>\n<p>N\u00e9h\u00e1ny \u00e9v alatt a 2. fenntart\u00f3v\u00e1lt\u00e1st \u00e9lj\u00fck meg. A F\u0151v\u00e1rosi \u00d6nkorm\u00e1nyzat fenntart\u00e1sa al\u00f3l 2 \u00e9vre \u00e1tker\u00fclt\u00fcnk a Klebelsberg Int\u00e9zm\u00e9nyfenntart\u00f3 K\u00f6zpont al\u00e1, majd 2015. j\u00falius 1-j\u00e9t\u0151l a Nemzetgazdas\u00e1gi Miniszt\u00e9rium lett a fenntart\u00f3nk. 44 szakk\u00e9pz\u00e9si centrum alakult haz\u00e1nkban. Mi a Budapesti Gazdas\u00e1gi Szakk\u00e9pz\u00e9si Centrum tagiskol\u00e1ja lett\u00fcnk 17 k\u00f6zgazdas\u00e1gi \u00e9s kereskedelmi iskol\u00e1val egy\u00fctt.<\/p>\n<p>2015-t\u0151l b\u0151v\u00edtj\u00fck k\u00e9pz\u00e9si k\u00edn\u00e1latunkat.A kereskedelem mellett a TURISZTIKA \u00e1gazatban is oktatunk felmen\u0151 rendszerben.<\/p>\n<p>Hossz\u00fa kihagy\u00e1s ut\u00e1n ism\u00e9t\u00a0megindult esti tagozaton is a k\u00e9pz\u00e9s.<\/p>\n","protected":false},"excerpt":{"rendered":"<p>Az 1900-as \u00e9vek elej\u00e9n gazdas\u00e1gi fellend\u00fcl\u00e9s mutatkozott vil\u00e1gszerte, amely \u0096 ellentmond\u00e1sosan, b\u00e1r \u0096 Magyarorsz\u00e1gon is \u00e9reztette j\u00f3t\u00e9kony hat\u00e1s\u00e1t. H\u00e1rom \u00e9v leforg\u00e1sa alatt t\u00f6bb mint 2300 \u00faj v\u00e1llalat alakult az orsz\u00e1gban 513 milli\u00f3 korona alapt\u0151k\u00e9vel, amely igen jelent\u0151s \u00f6sszegnek sz\u00e1m\u00edtott abban az id\u0151ben. E k\u00f6r\u00fclm\u00e9nyek k\u00f6z\u00f6tt igen j\u00f3nak sz\u00e1m\u00edtottak az elhelyezked\u00e9si lehet\u0151s\u00e9gek, s a fiatalok \u00f6r\u00f6mmel &hellip; <\/p>\n<p class=\"link-more\"><a href=\"https:\/\/www.vasutca.hu\/?page_id=73\" class=\"more-link\"><span class=\"screen-reader-text\">&#8220;Iskol\u00e1nk t\u00f6rt\u00e9nete&#8221;<\/span> b\u0151vebben<\/a><\/p>\n","protected":false},"author":4,"featured_media":0,"parent":0,"menu_order":0,"comment_status":"closed","ping_status":"closed","template":"","meta":{"footnotes":""},"_links":{"self":[{"href":"https:\/\/www.vasutca.hu\/index.php?rest_route=\/wp\/v2\/pages\/73"}],"collection":[{"href":"https:\/\/www.vasutca.hu\/index.php?rest_route=\/wp\/v2\/pages"}],"about":[{"href":"https:\/\/www.vasutca.hu\/index.php?rest_route=\/wp\/v2\/types\/page"}],"author":[{"embeddable":true,"href":"https:\/\/www.vasutca.hu\/index.php?rest_route=\/wp\/v2\/users\/4"}],"replies":[{"embeddable":true,"href":"https:\/\/www.vasutca.hu\/index.php?rest_route=%2Fwp%2Fv2%2Fcomments&post=73"}],"version-history":[{"count":2,"href":"https:\/\/www.vasutca.hu\/index.php?rest_route=\/wp\/v2\/pages\/73\/revisions"}],"predecessor-version":[{"id":75,"href":"https:\/\/www.vasutca.hu\/index.php?rest_route=\/wp\/v2\/pages\/73\/revisions\/75"}],"wp:attachment":[{"href":"https:\/\/www.vasutca.hu\/index.php?rest_route=%2Fwp%2Fv2%2Fmedia&parent=73"}],"curies":[{"name":"wp","href":"https:\/\/api.w.org\/{rel}","templated":true}]}}