{"id":714,"date":"2019-05-22T08:17:27","date_gmt":"2019-05-22T07:17:27","guid":{"rendered":"http:\/\/www.vasutca.hu\/?page_id=714"},"modified":"2019-05-22T08:29:41","modified_gmt":"2019-05-22T07:29:41","slug":"vekop-8-6-3-16-2017-00001","status":"publish","type":"page","link":"https:\/\/www.vasutca.hu\/?page_id=714","title":{"rendered":"VEKOP-8.6.3-16-2017-00001"},"content":{"rendered":"<p>A szakk\u00e9pz\u00e9si int\u00e9zm\u00e9nyrendszer \u00e1tfog\u00f3 fejleszt\u00e9se a Budapesti Gazdas\u00e1gi Szakk\u00e9pz\u00e9si Centrum tagint\u00e9zm\u00e9nyeiben<\/p>\n<p>&nbsp;<\/p>\n<p>Iskol\u00e1nkban 7 tanul\u00f3csoport alakult kialak\u00edt\u00e1sra, csoportonk\u00e9nt 7 f\u0151vel. A tanul\u00f3k matematikai, sz\u00f6veg\u00e9rt\u00e9si \u00e9s digit\u00e1lis kompetenci\u00e1j\u00e1nak fejleszt\u00e9s\u00e9t pedag\u00f3gusok, fejleszt\u0151pedag\u00f3gus, pszichol\u00f3gus, gy\u00f3gypedag\u00f3gus \u00e9s szoci\u00e1lpedag\u00f3gus v\u00e9gezte.<\/p>\n<p><img loading=\"lazy\" decoding=\"async\" class=\"alignnone size-large wp-image-725\" src=\"http:\/\/www.vasutca.hu\/wp-content\/uploads\/2019\/05\/IMG_20190220_135244-1024x768.jpg\" alt=\"\" width=\"525\" height=\"394\" srcset=\"https:\/\/www.vasutca.hu\/wp-content\/uploads\/2019\/05\/IMG_20190220_135244-1024x768.jpg 1024w, https:\/\/www.vasutca.hu\/wp-content\/uploads\/2019\/05\/IMG_20190220_135244-300x225.jpg 300w, https:\/\/www.vasutca.hu\/wp-content\/uploads\/2019\/05\/IMG_20190220_135244-768x576.jpg 768w, https:\/\/www.vasutca.hu\/wp-content\/uploads\/2019\/05\/IMG_20190220_135244.jpg 1184w\" sizes=\"(max-width: 525px) 100vw, 525px\" \/> <img loading=\"lazy\" decoding=\"async\" class=\"alignnone size-large wp-image-726\" src=\"http:\/\/www.vasutca.hu\/wp-content\/uploads\/2019\/05\/IMG_20190220_135119-1024x768.jpg\" alt=\"\" width=\"525\" height=\"394\" srcset=\"https:\/\/www.vasutca.hu\/wp-content\/uploads\/2019\/05\/IMG_20190220_135119-1024x768.jpg 1024w, https:\/\/www.vasutca.hu\/wp-content\/uploads\/2019\/05\/IMG_20190220_135119-300x225.jpg 300w, https:\/\/www.vasutca.hu\/wp-content\/uploads\/2019\/05\/IMG_20190220_135119-768x576.jpg 768w, https:\/\/www.vasutca.hu\/wp-content\/uploads\/2019\/05\/IMG_20190220_135119.jpg 1184w\" sizes=\"(max-width: 525px) 100vw, 525px\" \/> <img loading=\"lazy\" decoding=\"async\" class=\"alignnone size-large wp-image-727\" src=\"http:\/\/www.vasutca.hu\/wp-content\/uploads\/2019\/05\/IMG_20190220_135051-1024x768.jpg\" alt=\"\" width=\"525\" height=\"394\" srcset=\"https:\/\/www.vasutca.hu\/wp-content\/uploads\/2019\/05\/IMG_20190220_135051-1024x768.jpg 1024w, https:\/\/www.vasutca.hu\/wp-content\/uploads\/2019\/05\/IMG_20190220_135051-300x225.jpg 300w, https:\/\/www.vasutca.hu\/wp-content\/uploads\/2019\/05\/IMG_20190220_135051-768x576.jpg 768w, https:\/\/www.vasutca.hu\/wp-content\/uploads\/2019\/05\/IMG_20190220_135051.jpg 1184w\" sizes=\"(max-width: 525px) 100vw, 525px\" \/> <img loading=\"lazy\" decoding=\"async\" class=\"alignnone size-large wp-image-728\" src=\"http:\/\/www.vasutca.hu\/wp-content\/uploads\/2019\/05\/IMG_20190220_134957-1024x768.jpg\" alt=\"\" width=\"525\" height=\"394\" srcset=\"https:\/\/www.vasutca.hu\/wp-content\/uploads\/2019\/05\/IMG_20190220_134957-1024x768.jpg 1024w, https:\/\/www.vasutca.hu\/wp-content\/uploads\/2019\/05\/IMG_20190220_134957-300x225.jpg 300w, https:\/\/www.vasutca.hu\/wp-content\/uploads\/2019\/05\/IMG_20190220_134957-768x576.jpg 768w, https:\/\/www.vasutca.hu\/wp-content\/uploads\/2019\/05\/IMG_20190220_134957.jpg 1249w\" sizes=\"(max-width: 525px) 100vw, 525px\" \/> <img loading=\"lazy\" decoding=\"async\" class=\"alignnone size-large wp-image-729\" src=\"http:\/\/www.vasutca.hu\/wp-content\/uploads\/2019\/05\/IMG_8644-1-1024x768.jpg\" alt=\"\" width=\"525\" height=\"394\" srcset=\"https:\/\/www.vasutca.hu\/wp-content\/uploads\/2019\/05\/IMG_8644-1-1024x768.jpg 1024w, https:\/\/www.vasutca.hu\/wp-content\/uploads\/2019\/05\/IMG_8644-1-300x225.jpg 300w, https:\/\/www.vasutca.hu\/wp-content\/uploads\/2019\/05\/IMG_8644-1-768x576.jpg 768w, https:\/\/www.vasutca.hu\/wp-content\/uploads\/2019\/05\/IMG_8644-1.jpg 1632w\" sizes=\"(max-width: 525px) 100vw, 525px\" \/> <img loading=\"lazy\" decoding=\"async\" class=\"alignnone size-large wp-image-730\" src=\"http:\/\/www.vasutca.hu\/wp-content\/uploads\/2019\/05\/53070210_2282009548751516_788132460230606848_n-1-573x1024.jpg\" alt=\"\" width=\"525\" height=\"938\" srcset=\"https:\/\/www.vasutca.hu\/wp-content\/uploads\/2019\/05\/53070210_2282009548751516_788132460230606848_n-1-573x1024.jpg 573w, https:\/\/www.vasutca.hu\/wp-content\/uploads\/2019\/05\/53070210_2282009548751516_788132460230606848_n-1-168x300.jpg 168w, https:\/\/www.vasutca.hu\/wp-content\/uploads\/2019\/05\/53070210_2282009548751516_788132460230606848_n-1-768x1373.jpg 768w\" sizes=\"(max-width: 525px) 100vw, 525px\" \/><\/p>\n","protected":false},"excerpt":{"rendered":"<p>A szakk\u00e9pz\u00e9si int\u00e9zm\u00e9nyrendszer \u00e1tfog\u00f3 fejleszt\u00e9se a Budapesti Gazdas\u00e1gi Szakk\u00e9pz\u00e9si Centrum tagint\u00e9zm\u00e9nyeiben &nbsp; Iskol\u00e1nkban 7 tanul\u00f3csoport alakult kialak\u00edt\u00e1sra, csoportonk\u00e9nt 7 f\u0151vel. A tanul\u00f3k matematikai, sz\u00f6veg\u00e9rt\u00e9si \u00e9s digit\u00e1lis kompetenci\u00e1j\u00e1nak fejleszt\u00e9s\u00e9t pedag\u00f3gusok, fejleszt\u0151pedag\u00f3gus, pszichol\u00f3gus, gy\u00f3gypedag\u00f3gus \u00e9s szoci\u00e1lpedag\u00f3gus v\u00e9gezte.<\/p>\n","protected":false},"author":4,"featured_media":0,"parent":0,"menu_order":0,"comment_status":"closed","ping_status":"closed","template":"","meta":{"footnotes":""},"_links":{"self":[{"href":"https:\/\/www.vasutca.hu\/index.php?rest_route=\/wp\/v2\/pages\/714"}],"collection":[{"href":"https:\/\/www.vasutca.hu\/index.php?rest_route=\/wp\/v2\/pages"}],"about":[{"href":"https:\/\/www.vasutca.hu\/index.php?rest_route=\/wp\/v2\/types\/page"}],"author":[{"embeddable":true,"href":"https:\/\/www.vasutca.hu\/index.php?rest_route=\/wp\/v2\/users\/4"}],"replies":[{"embeddable":true,"href":"https:\/\/www.vasutca.hu\/index.php?rest_route=%2Fwp%2Fv2%2Fcomments&post=714"}],"version-history":[{"count":4,"href":"https:\/\/www.vasutca.hu\/index.php?rest_route=\/wp\/v2\/pages\/714\/revisions"}],"predecessor-version":[{"id":731,"href":"https:\/\/www.vasutca.hu\/index.php?rest_route=\/wp\/v2\/pages\/714\/revisions\/731"}],"wp:attachment":[{"href":"https:\/\/www.vasutca.hu\/index.php?rest_route=%2Fwp%2Fv2%2Fmedia&parent=714"}],"curies":[{"name":"wp","href":"https:\/\/api.w.org\/{rel}","templated":true}]}}