{"id":712,"date":"2019-05-22T08:16:51","date_gmt":"2019-05-22T07:16:51","guid":{"rendered":"http:\/\/www.vasutca.hu\/?page_id=712"},"modified":"2019-05-22T08:25:40","modified_gmt":"2019-05-22T07:25:40","slug":"vekop-8-5-1-17-2017-00001","status":"publish","type":"page","link":"https:\/\/www.vasutca.hu\/?page_id=712","title":{"rendered":"VEKOP-8.5.1-17-2017-00001"},"content":{"rendered":"<p>VEKOP-8.5.1-17-2017-00001 \u2013 Idegen nyelvi k\u00e9szs\u00e9gek fejleszt\u00e9se a Budapesti Gazdas\u00e1gi Szakk\u00e9pz\u00e9si Centrumban<\/p>\n<p>2018. szeptember 1-t\u0151l \u00fatj\u00e1ra indult az \u201eIdegen nyelvi k\u00e9szs\u00e9gek fejleszt\u00e9se a Budapesti Gazdas\u00e1gi Szakk\u00e9pz\u00e9si Centrumban\u201d c\u00edm\u0171 p\u00e1ly\u00e1zat.<\/p>\n<p>A projekt f\u0151 strat\u00e9giai c\u00e9lja a 16-65 \u00e9v k\u00f6z\u00f6tti, munkak\u00e9pes lakoss\u00e1g nyelvi tud\u00e1s\u00e1nak \u00f6szt\u00f6nz\u00e9se a K\u00f6z\u00e9p-magyarorsz\u00e1gi r\u00e9gi\u00f3ban.<\/p>\n<p>Kiemelt c\u00e9l, hogy az alap- \u00e9s k\u00f6z\u00e9pfok\u00fa nyelvvizsg\u00e1k sz\u00e1m\u00e1t n\u00f6velj\u00fck, valamint az alacsony idegen nyelvi k\u00e9szs\u00e9gekkel rendelkez\u0151k sz\u00e1m\u00e1t cs\u00f6kkents\u00fck.<\/p>\n<p>\u00c1ltal\u00e1nos c\u00e9lk\u00e9nt fogalmazhatjuk meg, hogy a projekt megval\u00f3sul\u00e1sa nagyobb es\u00e9lyt teremt a<br \/>\nr\u00e9sztvev\u0151k sz\u00e1m\u00e1ra, hogy nyelvtud\u00e1suk r\u00e9v\u00e9n nagyobb es\u00e9llyel tal\u00e1ljanak szakk\u00e9pzetts\u00e9g\u00fcknek megfelel\u0151 munkahelyet, a programban r\u00e9sztvev\u0151k munkaer\u0151-piaci st\u00e1tusza meger\u0151s\u00f6dj\u00f6n, megtarthass\u00e1k m\u00e1r megl\u00e9v\u0151 munkahely\u00fcket, magasabb poz\u00edci\u00f3ba l\u00e9phessenek, k\u00e9pess\u00e9geinek \u00e9s szakk\u00e9pzetts\u00e9g\u00fcknek megfelel\u0151 munk\u00e1t tal\u00e1lhassanak, vagy \u00faj bel\u00e9p\u0151k\u00e9nt alkalmasak legyenek a min\u0151s\u00e9gi munkav\u00e9gz\u00e9sre, foglalkoztathat\u00f3s\u00e1guk n\u00f6vekedjen.<\/p>\n<p>Tov\u00e1bbi c\u00e9l, hogy lehet\u0151v\u00e9 tegy\u00fck az Eur\u00f3pai Uni\u00f3 t\u00f6bbi orsz\u00e1g\u00e1hoz val\u00f3 felz\u00e1rk\u00f3z\u00e1s lehet\u0151s\u00e9g\u00e9t, a m\u00e1sodik idegen nyelv elsaj\u00e1t\u00edt\u00e1s\u00e1nak vonatkoz\u00e1s\u00e1ban, ez\u00e1ltal tov\u00e1bb cs\u00f6kkenjen azon tanul\u00f3ink sz\u00e1ma, akik t\u00e9nyleges nyelvtud\u00e1s hi\u00e1ny\u00e1ban fejezik be tanulm\u00e1nyaikat int\u00e9zm\u00e9ny\u00fcnkben.<\/p>\n<p>A program operat\u00edv c\u00e9lja, hogy k\u00e9t \u00e9v alatt 2100 tanul\u00f3nak biztos\u00edtsuk az egy\u00e9ni kompetenci\u00e1iknak megfelel\u0151 nyelvoktat\u00e1st. A szakmai nyelvi modulok bevon\u00e1s\u00e1val a centrumon bel\u00fcl a k\u00fcl\u00f6nb\u00f6z\u0151 iskolat\u00edpusokba j\u00e1r\u00f3 tanul\u00f3k nyelvi szintj\u00e9nek, nyelvi kompetenci\u00e1inak k\u00fcl\u00f6nbs\u00e9geit cs\u00f6kkenteni tudjuk.<\/p>\n<p>A projekt a k\u00f6z\u00e9p-magyarorsz\u00e1gi r\u00e9gi\u00f3ban, Budapesten val\u00f3sul meg, a Budapesti Gazdas\u00e1gi Szakk\u00e9pz\u00e9si Centrum 19 tagint\u00e9zm\u00e9ny\u00e9ben. A p\u00e1ly\u00e1zat teljes t\u00e1mogat\u00e1si \u00f6sszege 312,5 milli\u00f3 Ft, melynek t\u00e1mogat\u00e1si m\u00e9rt\u00e9ke 100 %.<\/p>\n<p>A projekt tervezett befejez\u00e9si d\u00e1tuma 2020. augusztus 31.<\/p>\n<p>A k\u00e9pz\u00e9si programok nyilv\u00e1ntart\u00e1sbav\u00e9teli sz\u00e1ma:<\/p>\n<p>n\u00e9met: E-001356\/2015\/C004<\/p>\n<p>angol:\u00a0E-001356\/2015\/C005<\/p>\n<p>A 2018\/2019-es tan\u00e9vben h\u00e1rom angol \u00e9s egy n\u00e9met csoportban tanult 14-14 di\u00e1k idegen nyelvet.<\/p>\n<figure id=\"attachment_721\" aria-describedby=\"caption-attachment-721\" style=\"width: 525px\" class=\"wp-caption alignnone\"><img loading=\"lazy\" decoding=\"async\" class=\"size-large wp-image-721\" src=\"http:\/\/www.vasutca.hu\/wp-content\/uploads\/2019\/05\/IMG_20181210_132641-1024x573.jpg\" alt=\"\" width=\"525\" height=\"294\" srcset=\"https:\/\/www.vasutca.hu\/wp-content\/uploads\/2019\/05\/IMG_20181210_132641-1024x573.jpg 1024w, https:\/\/www.vasutca.hu\/wp-content\/uploads\/2019\/05\/IMG_20181210_132641-300x168.jpg 300w, https:\/\/www.vasutca.hu\/wp-content\/uploads\/2019\/05\/IMG_20181210_132641-768x430.jpg 768w\" sizes=\"(max-width: 525px) 100vw, 525px\" \/><figcaption id=\"caption-attachment-721\" class=\"wp-caption-text\">dav<\/figcaption><\/figure>\n","protected":false},"excerpt":{"rendered":"<p>VEKOP-8.5.1-17-2017-00001 \u2013 Idegen nyelvi k\u00e9szs\u00e9gek fejleszt\u00e9se a Budapesti Gazdas\u00e1gi Szakk\u00e9pz\u00e9si Centrumban 2018. szeptember 1-t\u0151l \u00fatj\u00e1ra indult az \u201eIdegen nyelvi k\u00e9szs\u00e9gek fejleszt\u00e9se a Budapesti Gazdas\u00e1gi Szakk\u00e9pz\u00e9si Centrumban\u201d c\u00edm\u0171 p\u00e1ly\u00e1zat. A projekt f\u0151 strat\u00e9giai c\u00e9lja a 16-65 \u00e9v k\u00f6z\u00f6tti, munkak\u00e9pes lakoss\u00e1g nyelvi tud\u00e1s\u00e1nak \u00f6szt\u00f6nz\u00e9se a K\u00f6z\u00e9p-magyarorsz\u00e1gi r\u00e9gi\u00f3ban. Kiemelt c\u00e9l, hogy az alap- \u00e9s k\u00f6z\u00e9pfok\u00fa nyelvvizsg\u00e1k sz\u00e1m\u00e1t n\u00f6velj\u00fck, &hellip; <\/p>\n<p class=\"link-more\"><a href=\"https:\/\/www.vasutca.hu\/?page_id=712\" class=\"more-link\"><span class=\"screen-reader-text\">&#8220;VEKOP-8.5.1-17-2017-00001&#8221;<\/span> b\u0151vebben<\/a><\/p>\n","protected":false},"author":4,"featured_media":0,"parent":0,"menu_order":0,"comment_status":"closed","ping_status":"closed","template":"","meta":{"footnotes":""},"_links":{"self":[{"href":"https:\/\/www.vasutca.hu\/index.php?rest_route=\/wp\/v2\/pages\/712"}],"collection":[{"href":"https:\/\/www.vasutca.hu\/index.php?rest_route=\/wp\/v2\/pages"}],"about":[{"href":"https:\/\/www.vasutca.hu\/index.php?rest_route=\/wp\/v2\/types\/page"}],"author":[{"embeddable":true,"href":"https:\/\/www.vasutca.hu\/index.php?rest_route=\/wp\/v2\/users\/4"}],"replies":[{"embeddable":true,"href":"https:\/\/www.vasutca.hu\/index.php?rest_route=%2Fwp%2Fv2%2Fcomments&post=712"}],"version-history":[{"count":5,"href":"https:\/\/www.vasutca.hu\/index.php?rest_route=\/wp\/v2\/pages\/712\/revisions"}],"predecessor-version":[{"id":723,"href":"https:\/\/www.vasutca.hu\/index.php?rest_route=\/wp\/v2\/pages\/712\/revisions\/723"}],"wp:attachment":[{"href":"https:\/\/www.vasutca.hu\/index.php?rest_route=%2Fwp%2Fv2%2Fmedia&parent=712"}],"curies":[{"name":"wp","href":"https:\/\/api.w.org\/{rel}","templated":true}]}}