{"id":527,"date":"2019-03-04T09:52:14","date_gmt":"2019-03-04T08:52:14","guid":{"rendered":"http:\/\/www.vasutca.hu\/?page_id=527"},"modified":"2025-05-21T07:04:27","modified_gmt":"2025-05-21T06:04:27","slug":"erettsegi","status":"publish","type":"page","link":"https:\/\/www.vasutca.hu\/?page_id=527","title":{"rendered":"\u00c9retts\u00e9gi"},"content":{"rendered":"\n<h1 class=\"wp-block-heading\"><strong>2025. m\u00e1jus-j\u00faniusi vizsgaid\u0151szak<\/strong><\/h1>\n\n\n\n<p><strong><mark style=\"background-color:rgba(0, 0, 0, 0)\" class=\"has-inline-color has-luminous-vivid-orange-color\">Kijav\u00edtott \u00edr\u00e1sbeli dolgozatok megtekint\u00e9se<\/mark><\/strong><\/p>\n\n\n\n<p><strong>2025. m\u00e1jus 29-\u00e9n 8 \u00e9s 16 \u00f3ra k\u00f6z\u00f6tt az iskol\u00e1ban<\/strong> kijel\u00f6lt helyen tekinthetik meg a vizsg\u00e1z\u00f3k a kijav\u00edtott \u00edr\u00e1sbeli dolgozataikat (k\u00f6z\u00e9p- \u00e9s emeltszint). Megtekint\u00e9s csak szem\u00e9lyesen vagy meghatalmazott \u00e1ltal (\u00edr\u00e1sbeli meghatalmaz\u00e1ssal) lehets\u00e9ges a kijel\u00f6lt napon. Telefonon, e-mailben nem adunk inform\u00e1ci\u00f3t.  A kijav\u00edtott \u00edr\u00e1sbeli dolgozatokkal kapcsolatban \u00e9rszrev\u00e9tel tehet\u0151 indokolt esetben, melyet az iskola igazgat\u00f3j\u00e1hoz kell beny\u00fajtani legk\u00e9s\u0151bb 2025. m\u00e1jus 30., 16 \u00f3r\u00e1ig.<\/p>\n\n\n\n<h2 class=\"wp-block-heading\">Inform\u00e1ci\u00f3k, t\u00e1j\u00e9koztat\u00f3 az \u00edr\u00e1sbeli vizsg\u00e1kr\u00f3l:<\/h2>\n\n\n\n<p class=\"has-medium-font-size\"><strong><mark style=\"background-color:rgba(0, 0, 0, 0)\" class=\"has-inline-color has-luminous-vivid-orange-color\">2025. m\u00e1jus 5. &#8211; magyar nyelv \u00e9s irodalom, magyar mint idegen nyelv<\/mark><\/strong><\/p>\n\n\n\n<p>\u00c9rkez\u00e9s az iskol\u00e1ba: 8:00, sz\u00f6veggy\u0171jtem\u00e9nyek \u00e1tv\u00e9tele az els\u0151 emeleti aul\u00e1ban. Amit a vizsg\u00e1z\u00f3 hozzon mag\u00e1val: k\u00e9k sz\u00edn\u0171 tollak, szem\u00e9lyi igazolv\u00e1ny, \u00e9tel, ital. Megjelen\u00e9s \u00fcnnepl\u0151ben, eleg\u00e1ns \u00f6lt\u00f6zetben. Beoszt\u00e1s a f\u00f6ldszinti hirdet\u0151t\u00e1bl\u00e1n lesz olvashat\u00f3.<\/p>\n\n\n\n<p class=\"has-medium-font-size\"><strong><mark style=\"background-color:rgba(0, 0, 0, 0)\" class=\"has-inline-color has-vivid-red-color\">2025. m\u00e1jus 6. &#8211; matematika<\/mark><\/strong><\/p>\n\n\n\n<p>\u00c9rkez\u00e9s az iskol\u00e1ba: 8:15. Amit a vizsg\u00e1z\u00f3 hozzon mag\u00e1val: szem\u00e9lyi igazolv\u00e1ny, k\u00e9k sz\u00edn\u0171 tollak, n\u00e9gyjegy\u0171 f\u00fcggv\u00e9nyt\u00e1bl\u00e1zat, zsebsz\u00e1mol\u00f3g\u00e9p, \u00e9tel, ital (esetleg vonalz\u00f3, k\u00f6rz\u0151, sz\u00f6gm\u00e9r\u0151). Megjelen\u00e9s \u00fcnnepl\u0151ben.<\/p>\n\n\n\n<p class=\"has-medium-font-size\"><strong><mark style=\"background-color:rgba(0, 0, 0, 0)\" class=\"has-inline-color has-vivid-purple-color\">2025. m\u00e1jus 7. &#8211; t\u00f6rt\u00e9nelem<\/mark><\/strong><\/p>\n\n\n\n<p>\u00c9rkez\u00e9s az iskol\u00e1ba: 8:15. Amit a vizsg\u00e1z\u00f3 hozzon mag\u00e1val: szem\u00e9lyi igazolv\u00e1ny, k\u00e9k sz\u00edn\u0171 tollak, t\u00f6rt\u00e9nelem atlasz, \u00e9tel, ital. Megjelen\u00e9s \u00fcnnepl\u0151ben.<\/p>\n\n\n\n<p class=\"has-medium-font-size\"><strong><mark style=\"background-color:rgba(0, 0, 0, 0)\" class=\"has-inline-color has-vivid-green-cyan-color\">2025. m\u00e1jus 8. &#8211; angol nyelv<\/mark><\/strong><\/p>\n\n\n\n<p>\u00c9rkez\u00e9s az iskol\u00e1ba: 8:15. Amit a vizsg\u00e1z\u00f3 hozzon mag\u00e1val: szem\u00e9lyi igazolv\u00e1ny, k\u00e9k sz\u00edn\u0171 tollak, angol-magyar, magyar-angol nyomtatott sz\u00f3t\u00e1r (b\u00e1rmely m\u00e9ret\u0171), \u00e9tel, ital. Megjelen\u00e9s \u00fcnnepl\u0151ben.<\/p>\n\n\n\n<p class=\"has-medium-font-size\"><strong><mark style=\"background-color:rgba(0, 0, 0, 0)\" class=\"has-inline-color has-vivid-cyan-blue-color\">2025. m\u00e1jus 9. &#8211; n\u00e9met nyelv<\/mark><\/strong><\/p>\n\n\n\n<p>\u00c9rkez\u00e9s az iskol\u00e1ba: 8:15. Amit a vizsg\u00e1z\u00f3 hozzon mag\u00e1val: szem\u00e9lyi igazolv\u00e1ny, k\u00e9k sz\u00edn\u0171 tollak, n\u00e9met-magyar, magyar-n\u00e9met sz\u00f3t\u00e1r, \u00e9tel, ital. Megjelen\u00e9s \u00fcnnepl\u0151ben.<\/p>\n\n\n\n<p><strong>Jelentkez\u00e9s az \u00e9retts\u00e9gi vizsg\u00e1ra:<\/strong><\/p>\n\n\n\n<p><strong>R\u00e9szletes t\u00e1j\u00e9koztat\u00f3: <a href=\"https:\/\/www.oktatas.hu\/kozneveles\/erettsegi\/jelentkezes\" data-type=\"link\" data-id=\"https:\/\/www.oktatas.hu\/kozneveles\/erettsegi\/jelentkezes\">itt<\/a><\/strong><\/p>\n\n\n\n<p><strong>Vizsgaid\u0151pontok:<\/strong><\/p>\n\n\n\n<figure class=\"wp-block-image size-full\"><img loading=\"lazy\" decoding=\"async\" width=\"743\" height=\"823\" src=\"https:\/\/www.vasutca.hu\/wp-content\/uploads\/2025\/02\/idopontok.jpg\" alt=\"\" class=\"wp-image-3440\" srcset=\"https:\/\/www.vasutca.hu\/wp-content\/uploads\/2025\/02\/idopontok.jpg 743w, https:\/\/www.vasutca.hu\/wp-content\/uploads\/2025\/02\/idopontok-271x300.jpg 271w\" sizes=\"(max-width: 706px) 89vw, (max-width: 767px) 82vw, 740px\" \/><\/figure>\n\n\n\n<p class=\"has-vivid-purple-color has-text-color has-link-color has-large-font-size wp-elements-2b876f17c2247cc6555e3ebd6f890544\"><strong>2024. okt\u00f3ber-novemberi vizsgaid\u0151szak<\/strong><\/p>\n\n\n\n<p class=\"has-black-color has-text-color has-link-color has-medium-font-size wp-elements-421cace5375b5452911e0444724450c1\"><strong>Sz\u00f3beli vizsga<\/strong> (csak k\u00f6z\u00e9pszint)<\/p>\n\n\n\n<p class=\"has-black-color has-text-color has-link-color wp-elements-a6e86ff1120ccdc898fb36aa5c44174d\"><strong>2024. november 18-\u00e1n \u00e9s 19-\u00e9n sz\u00f3beli vizsg\u00e1k k\u00fcl\u00f6n beoszt\u00e1s szerint. <\/strong><\/p>\n\n\n\n<p class=\"has-vivid-red-color has-text-color has-link-color wp-elements-cbab8406eb08bb0618fa5fc20c5edf1b\"><strong>T\u00e1j\u00e9koztat\u00f3 \u00e9rtekezlet a vizsg\u00e1z\u00f3k sz\u00e1m\u00e1ra: 2024. november 18., 7:45.<\/strong> Helysz\u00edn\u00e9r\u0151l a titk\u00e1rs\u00e1gon lehet \u00e9rdekl\u0151dni. Megjelen\u00e9s szem\u00e9lyi igazolv\u00e1nnyal, \u00edr\u00f3szerrel, sz\u00f3beli vizsg\u00e1n haszn\u00e1lhat\u00f3 seg\u00e9deszk\u00f6zzel, vizsg\u00e1hoz ill\u0151 \u00f6lt\u00f6zetben.<\/p>\n\n\n\n<p class=\"has-vivid-cyan-blue-color has-text-color has-link-color has-medium-font-size wp-elements-3de91047dcc3118b864fc1a7592b75a5\"><strong>Eredm\u00e9nyhirdet\u00e9s a vizsg\u00e1z\u00f3k sz\u00e1m\u00e1ra (k\u00f6z\u00e9p- \u00e9s emelt szint): 2024. november 20., 14 \u00f3ra.<\/strong><\/p>\n\n\n\n<p>A tan\u00fas\u00edtv\u00e1nyokat, bizony\u00edtv\u00e1nyokat a vizsg\u00e1z\u00f3k szem\u00e9lyesen vehetik \u00e1t, akad\u00e1lyoztat\u00e1s eset\u00e9n meghatalmazott szem\u00e9ly is \u00e1tveheti a dokumentumokat.<\/p>\n\n\n\n<p>Aki nem tud j\u00f6nni az eredm\u00e9nyhirdet\u00e9sre, munkanapokon (H-Cs 8:00-16:00, P 8:00-14:00) a titk\u00e1rs\u00e1gon \u00e1tveheti a dokumentumokat.<\/p>\n\n\n\n<p><strong><mark style=\"background-color:rgba(0, 0, 0, 0)\" class=\"has-inline-color has-vivid-red-color\">K\u00f6z\u00e9pszint\u0171 \u00edr\u00e1sbeli vizsg\u00e1kra nem k\u00fcld\u00fcnk k\u00fcl\u00f6n beh\u00edv\u00f3t, levelet, \u00e9rtes\u00edt\u00e9st.<\/mark><\/strong><\/p>\n\n\n\n<p><strong><mark style=\"background-color:rgba(0, 0, 0, 0)\" class=\"has-inline-color has-vivid-purple-color\">Minden vizsganapon a vizsg\u00e1z\u00f3nak<\/mark><\/strong><mark style=\"background-color:rgba(0, 0, 0, 0)\" class=\"has-inline-color has-vivid-purple-color\"><strong> k\u00f6telez\u0151 megjelenni a vizsga helysz\u00edn\u00e9n 7:30-kor<\/strong><\/mark><strong><mark style=\"background-color:rgba(0, 0, 0, 0)\" class=\"has-inline-color has-vivid-purple-color\">. (F\u00f6ldrajz vizsg\u00e1n 13:30-kor) <\/mark><\/strong><\/p>\n\n\n\n<p>A vizsg\u00e1z\u00f3k hozzanak magukkal szem\u00e9lyi igazolv\u00e1nyt (vagy szem\u00e9lyazonos\u00edt\u00e1sra alkalmas igazolv\u00e1nyt &#8211; \u00fatlev\u00e9l, vezet\u0151i enged\u00e9ly), \u00edr\u00f3szert \u00e9s az adott vizsgat\u00e1rgyb\u00f3l megengedett seg\u00e9deszk\u00f6zt, amelyeket a vizsg\u00e1z\u00f3nak kell biztos\u00edtani. (idegen nyelv: sz\u00f3t\u00e1r, matematika: f\u00fcggv\u00e9nyt\u00e1bl\u00e1zat, sz\u00e1mol\u00f3g\u00e9p, t\u00f6rt\u00e9nelem: k\u00f6z\u00e9piskolai atlasz)<\/p>\n\n\n\n<h2 class=\"wp-block-heading\">\u00cdr\u00e1sbeli dolgozatok (k\u00f6z\u00e9p- \u00e9s emelt szint) megtekint\u00e9se, \u00edr\u00e1sbeli eredm\u00e9nyekr\u0151l t\u00e1j\u00e9koz\u00f3d\u00e1s: <mark style=\"background-color:rgba(0, 0, 0, 0)\" class=\"has-inline-color has-vivid-red-color\">2024. november 5., 8:00 \u00e9s 16:00 \u00f3ra k\u00f6z\u00f6tt az iskol\u00e1ban. (1088 Budapest, Vas u. 9-11.) <\/mark><mark style=\"background-color:rgba(0, 0, 0, 0)\" class=\"has-inline-color has-black-color\">Csak<\/mark><mark style=\"background-color:rgba(0, 0, 0, 0)\" class=\"has-inline-color has-vivid-red-color\"> <\/mark>szem\u00e9lyesen vagy meghatalmazott \u00fatj\u00e1n adunk t\u00e1j\u00e9koztat\u00e1st az el\u00e9rt eredm\u00e9nyr\u0151l. \u00c9szrev\u00e9telt a jav\u00edt\u00e1ssal kapcsolatban 2024. november 6., 16:00 \u00f3r\u00e1ig lehet tenni \u00edr\u00e1sban. (Formanyomtatv\u00e1nyt adunk.) <\/h2>\n\n\n\n<p><strong><mark style=\"background-color:rgba(0, 0, 0, 0)\" class=\"has-inline-color has-vivid-cyan-blue-color\">Sz\u00f3beli beoszt\u00e1sr\u00f3l is 2024. november 5-\u00e9n adunk t\u00e1j\u00e9koztat\u00e1st.<\/mark><\/strong><\/p>\n\n\n\n<p><\/p>\n\n\n\n<p><\/p>\n\n\n\n<figure class=\"wp-block-image size-full\"><img loading=\"lazy\" decoding=\"async\" width=\"917\" height=\"856\" src=\"https:\/\/www.vasutca.hu\/wp-content\/uploads\/2024\/09\/erettsegi-idopontok.jpg\" alt=\"\" class=\"wp-image-3284\" srcset=\"https:\/\/www.vasutca.hu\/wp-content\/uploads\/2024\/09\/erettsegi-idopontok.jpg 917w, https:\/\/www.vasutca.hu\/wp-content\/uploads\/2024\/09\/erettsegi-idopontok-300x280.jpg 300w, https:\/\/www.vasutca.hu\/wp-content\/uploads\/2024\/09\/erettsegi-idopontok-768x717.jpg 768w\" sizes=\"(max-width: 767px) 89vw, (max-width: 1000px) 54vw, (max-width: 1071px) 543px, 580px\" \/><\/figure>\n\n\n\n<p>Minden inform\u00e1ci\u00f3t az <a href=\"https:\/\/www.oktatas.hu\/kozneveles\/erettsegi\/2024oszi_vizsgaidoszak\" data-type=\"link\" data-id=\"https:\/\/www.oktatas.hu\/kozneveles\/erettsegi\/2024oszi_vizsgaidoszak\">Oktat\u00e1si Hivatal<\/a><\/p>\n\n\n\n<p> honlapj\u00e1n megtal\u00e1l az \u00e9rdekl\u0151d\u0151. <\/p>\n\n\n\n<h3 class=\"wp-block-heading\"><strong><span class=\"has-inline-color has-vivid-red-color\">2024. m\u00e1jus-j\u00faniusi vizsgaid\u0151szak<\/span><\/strong><\/h3>\n\n\n\n<p><strong>Jelentkez\u00e9s az \u00e9retts\u00e9gi vizsg\u00e1ra<\/strong><\/p>\n\n\n\n<p>A jelentkez\u00e9si hat\u00e1rid\u0151 a m\u00e1jus-j\u00faniusi vizsgaid\u0151szak eset\u00e9n&nbsp;<strong>febru\u00e1r 15<\/strong>. Az \u00e9retts\u00e9gi vizsg\u00e1ra t\u00f6rt\u00e9n\u0151&nbsp;<strong>jelentkez\u00e9s<\/strong>&nbsp;az e c\u00e9lra szolg\u00e1l\u00f3&nbsp;<strong>jelentkez\u00e9si lappal t\u00f6rt\u00e9nik,&nbsp;<\/strong>amelyet az \u00e9retts\u00e9gi jelentkez\u00e9st fogad\u00f3 int\u00e9zm\u00e9nybe kell beny\u00fajtani.&nbsp;A jelentkez\u00e9si lapot abban a k\u00f6z\u00e9piskol\u00e1ban kaphat a vizsg\u00e1z\u00f3, ahol jelentkezik. <\/p>\n\n\n\n<p>A Jelentkez\u00e9skor sz\u00fcks\u00e9ges dokumentumok, igazolv\u00e1nyok: szem\u00e9lyi igazolv\u00e1ny, lakc\u00edm k\u00e1rtya. Tov\u00e1bb\u00e1 mentess\u00e9g eset\u00e9n a pedag\u00f3giai szakszolg\u00e1latt\u00f3l kapott szak\u00e9rt\u0151i v\u00e9lem\u00e9ny \u00e9s a vizsg\u00e1z\u00f3 (kiskor\u00fa eset\u00e9ben a gondvisel\u0151) k\u00e9relme. (K\u00e9relem minta let\u00f6lthet\u0151 a &#8220;dokumentumok&#8221; k\u00f6z\u00fcl err\u0151l a honlapr\u00f3l.)<\/p>\n\n\n\n<p>Az \u00e9retts\u00e9gi vizsg\u00e1val kapcsolatban r\u00e9szletesen t\u00e1j\u00e9koz\u00f3dhatnak az \u00e9rdekl\u0151d\u0151k az <a href=\"https:\/\/www.oktatas.hu\/kozneveles\/erettsegi\/2024tavaszi_vizsgaidoszak\/jelentkezes\" data-type=\"URL\" data-id=\"https:\/\/www.oktatas.hu\/kozneveles\/erettsegi\/2024tavaszi_vizsgaidoszak\/jelentkezes\"><strong><span class=\"has-inline-color has-vivid-green-cyan-color\">Oktat\u00e1si Hivatal<\/span><\/strong><\/a> honlapj\u00e1n.<\/p>\n\n\n\n<p><strong><span class=\"has-inline-color has-vivid-cyan-blue-color\">Vizsgaid\u0151pontok<\/span><\/strong><\/p>\n\n\n\n<figure class=\"wp-block-image size-large\"><img loading=\"lazy\" decoding=\"async\" width=\"849\" height=\"698\" src=\"http:\/\/www.vasutca.hu\/wp-content\/uploads\/2024\/01\/irasbeli-vizsga.jpg\" alt=\"\" class=\"wp-image-2929\" srcset=\"https:\/\/www.vasutca.hu\/wp-content\/uploads\/2024\/01\/irasbeli-vizsga.jpg 849w, https:\/\/www.vasutca.hu\/wp-content\/uploads\/2024\/01\/irasbeli-vizsga-300x247.jpg 300w, https:\/\/www.vasutca.hu\/wp-content\/uploads\/2024\/01\/irasbeli-vizsga-768x631.jpg 768w\" sizes=\"(max-width: 767px) 89vw, (max-width: 1000px) 54vw, (max-width: 1071px) 543px, 580px\" \/><\/figure>\n\n\n\n<figure class=\"wp-block-image size-large is-resized\"><img loading=\"lazy\" decoding=\"async\" width=\"835\" height=\"180\" src=\"http:\/\/www.vasutca.hu\/wp-content\/uploads\/2024\/01\/szobeli-vizsga.jpg\" alt=\"\" class=\"wp-image-2930\" style=\"width:842px;height:auto\" srcset=\"https:\/\/www.vasutca.hu\/wp-content\/uploads\/2024\/01\/szobeli-vizsga.jpg 835w, https:\/\/www.vasutca.hu\/wp-content\/uploads\/2024\/01\/szobeli-vizsga-300x65.jpg 300w, https:\/\/www.vasutca.hu\/wp-content\/uploads\/2024\/01\/szobeli-vizsga-768x166.jpg 768w\" sizes=\"(max-width: 767px) 89vw, (max-width: 1000px) 54vw, (max-width: 1071px) 543px, 580px\" \/><\/figure>\n\n\n\n<p><strong><span class=\"has-inline-color has-vivid-cyan-blue-color\">Vizsgak\u00f6vetelm\u00e9nyek<\/span><\/strong><\/p>\n\n\n\n<p>A&nbsp;<strong><em>2024. janu\u00e1r 1-je ut\u00e1n<\/em><\/strong>&nbsp;\u00e9s ezt k\u00f6vet\u0151en m\u00e1r kiz\u00e1r\u00f3lag a vizsgaszab\u00e1lyzat 3. mell\u00e9kletek\u00e9nt bevezetett \u00faj \u00e1ltal\u00e1nos k\u00f6vetelm\u00e9nyek, \u00e9s az ezekhez kapcsol\u00f3d\u00f3, \u00faj r\u00e9szletes k\u00f6vetelm\u00e9nyek szerint lehet csak \u00e9retts\u00e9gi vizsg\u00e1t tenni. (Ez ut\u00f3bbi al\u00f3l kiv\u00e9telt k\u00e9pez az \u00e1gazati, \u00e1gazaton bel\u00fcli specializ\u00e1ci\u00f3s vizsg\u00e1knak egy sz\u0171k k\u00f6re.)<\/p>\n\n\n\n<p>R\u00e9szletes vizsgak\u00f6vetelm\u00e9nyekr\u0151l, vizsgale\u00edr\u00e1sr\u00f3l az <a href=\"https:\/\/www.oktatas.hu\/kozneveles\/erettsegi\/erettsegi_vizsgatargyak\" data-type=\"URL\" data-id=\"https:\/\/www.oktatas.hu\/kozneveles\/erettsegi\/erettsegi_vizsgatargyak\"><strong><span class=\"has-inline-color has-vivid-green-cyan-color\">Oktat\u00e1si Hivatal<\/span><\/strong><\/a> honlapj\u00e1n t\u00e1j\u00e9koz\u00f3dhatnak az \u00e9rdekl\u0151d\u0151k.<\/p>\n\n\n\n<h3 class=\"wp-block-heading\"><span style=\"background-color:rgba(0, 0, 0, 0)\" class=\"has-inline-color has-vivid-cyan-blue-color\"><strong>Nyilv\u00e1noss\u00e1gra hozhat\u00f3 anyagok<\/strong><\/span><\/h3>\n\n\n\n<h5 class=\"wp-block-heading\"><span style=\"background-color:rgba(0, 0, 0, 0);color:#06412c\" class=\"has-inline-color\">T\u00e9telsor, tematika (let\u00f6lthet\u0151)<\/span><\/h5>\n\n\n\n<div class=\"wp-block-file\"><a id=\"wp-block-file--media-92645dc8-6754-41a3-9833-0a488d46eee9\" href=\"http:\/\/www.vasutca.hu\/wp-content\/uploads\/2024\/02\/Magyar-nyelv-es-irodalom_2024_12A.docx\">Magyar-nyelv-es-irodalom_2024_12A<\/a><a href=\"http:\/\/www.vasutca.hu\/wp-content\/uploads\/2024\/02\/Magyar-nyelv-es-irodalom_2024_12A.docx\" class=\"wp-block-file__button wp-element-button\" download aria-describedby=\"wp-block-file--media-92645dc8-6754-41a3-9833-0a488d46eee9\">Download<\/a><\/div>\n\n\n\n<div class=\"wp-block-file\"><a id=\"wp-block-file--media-7394237b-a0fd-4c69-abd2-03ccbf249515\" href=\"https:\/\/www.vasutca.hu\/wp-content\/uploads\/2024\/02\/Magyarerettsegi-tetelsor-2024-tavasz12D_12E.doc\">Magyarerettsegi-tetelsor-2024-tavasz12D_12E<\/a><a href=\"https:\/\/www.vasutca.hu\/wp-content\/uploads\/2024\/02\/Magyarerettsegi-tetelsor-2024-tavasz12D_12E.doc\" class=\"wp-block-file__button wp-element-button\" download aria-describedby=\"wp-block-file--media-7394237b-a0fd-4c69-abd2-03ccbf249515\">Download<\/a><\/div>\n\n\n\n<div class=\"wp-block-file\"><a id=\"wp-block-file--media-da8f3916-d8ca-45e4-929d-9a5d95714a30\" href=\"https:\/\/www.vasutca.hu\/wp-content\/uploads\/2024\/04\/tortenelem_tematika_kozepszint.pdf\">tortenelem_tematika_kozepszint<\/a><a href=\"https:\/\/www.vasutca.hu\/wp-content\/uploads\/2024\/04\/tortenelem_tematika_kozepszint.pdf\" class=\"wp-block-file__button wp-element-button\" download aria-describedby=\"wp-block-file--media-da8f3916-d8ca-45e4-929d-9a5d95714a30\">Download<\/a><\/div>\n\n\n\n<h4 class=\"wp-block-heading\">Kor\u00e1bbi vizsgaid\u0151szakban( 2023. \u0151sz) szerzett \u00e9retts\u00e9gi bizony\u00edtv\u00e1nyok, t\u00f6rzslapok \u00e1tv\u00e9tele:<\/h4>\n\n\n\n<p>Az \u0151szi \u00e9retts\u00e9git k\u00f6vet\u0151en az iskola titk\u00e1rs\u00e1g\u00e1n lehet \u00e1tvenni az eredm\u00e9nyr\u0151l a t\u00f6rzslapokat, \u00e9retts\u00e9gi bizony\u00edtv\u00e1nyokat, egy\u00e9b bizony\u00edtv\u00e1nyokat <strong>2023. november 24-t\u0151l.<\/strong> <strong>H\u00e9tf\u0151t\u0151l cs\u00fct\u00f6rt\u00f6kig 8 \u00e9s 16 \u00f3ra k\u00f6z\u00f6tt, p\u00e9nteken 8 \u00e9s 13 \u00f3ra<\/strong> k\u00f6z\u00f6tt. A vizsg\u00e1z\u00f3 szem\u00e9lyesen (szem\u00e9lyi igazolv\u00e1nnyal) vagy meghatalmazott \u00fatj\u00e1n (meghatalmaz\u00e1s kell) juthat hozz\u00e1 a dokumentumokhoz.<\/p>\n\n\n\n<p><\/p>\n","protected":false},"excerpt":{"rendered":"<p>2025. m\u00e1jus-j\u00faniusi vizsgaid\u0151szak Kijav\u00edtott \u00edr\u00e1sbeli dolgozatok megtekint\u00e9se 2025. m\u00e1jus 29-\u00e9n 8 \u00e9s 16 \u00f3ra k\u00f6z\u00f6tt az iskol\u00e1ban kijel\u00f6lt helyen tekinthetik meg a vizsg\u00e1z\u00f3k a kijav\u00edtott \u00edr\u00e1sbeli dolgozataikat (k\u00f6z\u00e9p- \u00e9s emeltszint). Megtekint\u00e9s csak szem\u00e9lyesen vagy meghatalmazott \u00e1ltal (\u00edr\u00e1sbeli meghatalmaz\u00e1ssal) lehets\u00e9ges a kijel\u00f6lt napon. Telefonon, e-mailben nem adunk inform\u00e1ci\u00f3t. A kijav\u00edtott \u00edr\u00e1sbeli dolgozatokkal kapcsolatban \u00e9rszrev\u00e9tel tehet\u0151 indokolt &hellip; <\/p>\n<p class=\"link-more\"><a href=\"https:\/\/www.vasutca.hu\/?page_id=527\" class=\"more-link\"><span class=\"screen-reader-text\">&#8220;\u00c9retts\u00e9gi&#8221;<\/span> b\u0151vebben<\/a><\/p>\n","protected":false},"author":4,"featured_media":0,"parent":0,"menu_order":0,"comment_status":"closed","ping_status":"closed","template":"","meta":{"footnotes":""},"_links":{"self":[{"href":"https:\/\/www.vasutca.hu\/index.php?rest_route=\/wp\/v2\/pages\/527"}],"collection":[{"href":"https:\/\/www.vasutca.hu\/index.php?rest_route=\/wp\/v2\/pages"}],"about":[{"href":"https:\/\/www.vasutca.hu\/index.php?rest_route=\/wp\/v2\/types\/page"}],"author":[{"embeddable":true,"href":"https:\/\/www.vasutca.hu\/index.php?rest_route=\/wp\/v2\/users\/4"}],"replies":[{"embeddable":true,"href":"https:\/\/www.vasutca.hu\/index.php?rest_route=%2Fwp%2Fv2%2Fcomments&post=527"}],"version-history":[{"count":68,"href":"https:\/\/www.vasutca.hu\/index.php?rest_route=\/wp\/v2\/pages\/527\/revisions"}],"predecessor-version":[{"id":3646,"href":"https:\/\/www.vasutca.hu\/index.php?rest_route=\/wp\/v2\/pages\/527\/revisions\/3646"}],"wp:attachment":[{"href":"https:\/\/www.vasutca.hu\/index.php?rest_route=%2Fwp%2Fv2%2Fmedia&parent=527"}],"curies":[{"name":"wp","href":"https:\/\/api.w.org\/{rel}","templated":true}]}}