{"id":44,"date":"2018-05-27T19:39:20","date_gmt":"2018-05-27T19:39:20","guid":{"rendered":"http:\/\/vasutca.rakdfel.hu\/?page_id=44"},"modified":"2018-11-12T21:09:18","modified_gmt":"2018-11-12T20:09:18","slug":"okoiskola","status":"publish","type":"page","link":"https:\/\/www.vasutca.hu\/?page_id=44","title":{"rendered":"\u00d6koiskola"},"content":{"rendered":"<p><strong>\u00d6koiskolai fejleszt\u00e9sek, innov\u00e1ci\u00f3k <\/strong><\/p>\n<p>Az iskola vezet\u0151s\u00e9ge \u00e9s a nevel\u0151test\u00fclete elk\u00f6telezettek a fenntarthat\u00f3s\u00e1gra \u00e9s a glob\u00e1lis felel\u0151ss\u00e9gv\u00e1llal\u00e1sra nevel\u00e9s ir\u00e1nt, melynek tartalmai \u00e9s m\u00f3dszerei az iskol\u00e1ban oktatott minden m\u0171velts\u00e9gter\u00fcleten megjelennek, minden tant\u00e1rgyba be\u00e1gyaz\u00f3dtak. A glob\u00e1lis felel\u0151ss\u00e9gv\u00e1llal\u00e1sra nevel\u00e9snek helye van mind a tan\u00f3rai, mind a tan\u00f3r\u00e1n k\u00edv\u00fcli keretek k\u00f6z\u00f6tt.<\/p>\n<p>A gazdas\u00e1gi, oktat\u00e1spolitikai, t\u00e1rsadalmi k\u00f6rnyezetet adta lehet\u0151s\u00e9geket kiakn\u00e1zva igyekszik a nevel\u00e9s \u00e9s oktat\u00e1s ter\u00e9n megval\u00f3s\u00edtani ezen c\u00e9lokat.<\/p>\n<ul>\n<li>\u00d6lt\u00f6z\u0151k \u00e9s mell\u00e9khelyis\u00e9geik fel\u00faj\u00edt\u00e1sa az el\u0151\u00edr\u00e1soknak megfelel\u0151en.<\/li>\n<li>Tanul\u00f3i sz\u00e9kek \u00e9s asztalok beszerz\u00e9se eg\u00e9szs\u00e9gmeg\u0151rz\u00e9s \u00e9s eszt\u00e9tikus k\u00f6rnyezet kialak\u00edt\u00e1sa \u00e9rdek\u00e9ben.<\/li>\n<li>Informatikai fejleszt\u00e9s: szaktantermi \u00e9s tanul\u00f3i sz\u00e1m\u00edt\u00f3g\u00e9pek, sz\u00e1m\u00edt\u00f3g\u00e9pterem teljes fel\u00faj\u00edt\u00e1sa (burkolat, falfest\u00e9s, b\u00fatorzat), projektorok felszerel\u00e9se, tan\u00e1ri g\u00e9ppark b\u0151v\u00edt\u00e9se, iskolai wifi h\u00e1l\u00f3zat ki\u00e9p\u00edt\u00e9se.<\/li>\n<li>Takar\u00edt\u00e1si d\u00e9lut\u00e1nok szervez\u00e9se, di\u00e1kok bevon\u00e1s\u00e1val.<\/li>\n<li>Hullad\u00e9kgy\u0171jt\u00e9si akci\u00f3k, elektronikai hullad\u00e9kok, fa- \u00e9s f\u00e9mhullad\u00e9k gy\u0171jt\u00e9se \u00e9s elsz\u00e1ll\u00edt\u00e1suk megszervez\u00e9se. Hullad\u00e9kgy\u0171jt\u00e9si akci\u00f3ba bevontuk a di\u00e1kokat is.<\/li>\n<li>Oszt\u00e1lytermek, folyos\u00f3k z\u00f6ld\u00edt\u00e9se, oszt\u00e1lydekor\u00e1ci\u00f3k k\u00e9sz\u00edt\u00e9se, eszt\u00e9tikus k\u00f6rnyezet kialak\u00edt\u00e1sa.<\/li>\n<\/ul>\n<p>Az int\u00e9zm\u00e9ny f\u00f6ldrajzi elhelyezked\u00e9se (Budapest belv\u00e1rosa lak\u00f3\u00e9p\u00fcletek szomsz\u00e9ds\u00e1g\u00e1ban) \u00e9s az \u00e9p\u00fclet m\u0171eml\u00e9k jellege korl\u00e1tozza a fejleszt\u00e9si lehet\u0151s\u00e9geinket. Tov\u00e1bb\u00e1 meg kell eml\u00edteni, hogy az iskola nem \u00f6n\u00e1ll\u00f3 gazd\u00e1lkod\u00f3 szervezet, minden anyagi fedezetet ig\u00e9nyl\u0151 fejleszt\u00e9st a fenntart\u00f3 hagy j\u00f3v\u00e1.<\/p>\n<p>A di\u00e1kok glob\u00e1lis felel\u0151ss\u00e9gv\u00e1llal\u00e1sra nevel\u00e9se fontos az iskola nevel\u0151test\u00fclete sz\u00e1m\u00e1ra, ez\u00e9rt minden lehet\u0151s\u00e9get megragadunk, hogy min\u00e9l v\u00e1ltozatosabb form\u00e1ban \u00e9s m\u00f3don hangs\u00falyozzuk a szeml\u00e9letv\u00e1lt\u00e1s fontoss\u00e1g\u00e1t, hogy k\u00f6rnyezet\u00fck v\u00e9delme ir\u00e1nt elk\u00f6telezett di\u00e1kokat nevelj\u00fcnk. Tan\u00f3r\u00e1kon \u00e9s tan\u00f3r\u00e1n k\u00edv\u00fcli foglalkoz\u00e1sokon, el\u0151ad\u00e1sokon, iskol\u00e1n k\u00edv\u00fcli programokon \u00e9s versenyeken vesznek r\u00e9szt a tanul\u00f3k a fenntarthat\u00f3s\u00e1g t\u00e9mak\u00f6r\u00e9vel kapcsolatban.<\/p>\n<p>Minden \u00e9vben csatlakozunk a Fenntarthat\u00f3s\u00e1gi T\u00e9mah\u00e9thez, tan\u00f3rai foglalkoz\u00e1sokat tartanak a pedag\u00f3gusok, iskolai kir\u00e1ndul\u00e1st szervez\u00fcnk, az int\u00e9zm\u00e9nybe h\u00edvunk el\u0151ad\u00f3kat.<\/p>\n<p>A di\u00e1k\u00f6nkorm\u00e1nyzattal egy\u00fcttm\u0171k\u00f6dve olyan programokat szervez\u00fcnk, melyek szorosan kapcsol\u00f3dnak a k\u00f6rnyezetv\u00e9delemhez, term\u00e9szeti k\u00f6rnyezet\u00fcnk megismer\u00e9s\u00e9het, meg\u00f3v\u00e1s\u00e1hoz, holisztikus nevel\u00e9shez.<\/p>\n<p><strong><a href=\"http:\/\/www.vasutca.hu\/wp-content\/uploads\/2018\/11\/Glob\u00e1lis-felel\u0151ss\u00e9gv\u00e1llal\u00e1sr\u00f3l-1.pdf\">Glob\u00e1lis felel\u0151ss\u00e9gv\u00e1llal\u00e1sr\u00f3l<\/a><\/strong><\/p>\n<p><img loading=\"lazy\" decoding=\"async\" class=\"alignnone size-full wp-image-252\" src=\"http:\/\/195.199.225.11\/wp-content\/uploads\/2018\/11\/\u00f6koiskola.jpg\" alt=\"\" width=\"665\" height=\"960\" \/>2017\/2018-as tan\u00e9v:<\/p>\n<p>ELTE EKSZ szervez\u00e9s\u00e9ben upcycling \u00e9s k\u00f6nyvk\u00f6t\u00e9s.<\/p>\n<p><img loading=\"lazy\" decoding=\"async\" class=\"alignnone size-large wp-image-325\" src=\"http:\/\/www.vasutca.hu\/wp-content\/uploads\/2018\/11\/upcycling-1024x768.jpg\" alt=\"\" width=\"525\" height=\"394\" srcset=\"https:\/\/www.vasutca.hu\/wp-content\/uploads\/2018\/11\/upcycling-1024x768.jpg 1024w, https:\/\/www.vasutca.hu\/wp-content\/uploads\/2018\/11\/upcycling-300x225.jpg 300w, https:\/\/www.vasutca.hu\/wp-content\/uploads\/2018\/11\/upcycling-768x576.jpg 768w, https:\/\/www.vasutca.hu\/wp-content\/uploads\/2018\/11\/upcycling.jpg 2048w\" sizes=\"(max-width: 525px) 100vw, 525px\" \/> <img loading=\"lazy\" decoding=\"async\" class=\"alignnone size-large wp-image-326\" src=\"http:\/\/www.vasutca.hu\/wp-content\/uploads\/2018\/11\/upcycling2-1024x768.jpg\" alt=\"\" width=\"525\" height=\"394\" srcset=\"https:\/\/www.vasutca.hu\/wp-content\/uploads\/2018\/11\/upcycling2-1024x768.jpg 1024w, https:\/\/www.vasutca.hu\/wp-content\/uploads\/2018\/11\/upcycling2-300x225.jpg 300w, https:\/\/www.vasutca.hu\/wp-content\/uploads\/2018\/11\/upcycling2-768x576.jpg 768w, https:\/\/www.vasutca.hu\/wp-content\/uploads\/2018\/11\/upcycling2.jpg 2048w\" sizes=\"(max-width: 525px) 100vw, 525px\" \/> <img loading=\"lazy\" decoding=\"async\" class=\"alignnone size-large wp-image-327\" src=\"http:\/\/www.vasutca.hu\/wp-content\/uploads\/2018\/11\/upcycling3-1024x768.jpg\" alt=\"\" width=\"525\" height=\"394\" srcset=\"https:\/\/www.vasutca.hu\/wp-content\/uploads\/2018\/11\/upcycling3-1024x768.jpg 1024w, https:\/\/www.vasutca.hu\/wp-content\/uploads\/2018\/11\/upcycling3-300x225.jpg 300w, https:\/\/www.vasutca.hu\/wp-content\/uploads\/2018\/11\/upcycling3-768x576.jpg 768w, https:\/\/www.vasutca.hu\/wp-content\/uploads\/2018\/11\/upcycling3.jpg 2048w\" sizes=\"(max-width: 525px) 100vw, 525px\" \/> <img loading=\"lazy\" decoding=\"async\" class=\"alignnone size-large wp-image-328\" src=\"http:\/\/www.vasutca.hu\/wp-content\/uploads\/2018\/11\/upcycling4-1024x768.jpg\" alt=\"\" width=\"525\" height=\"394\" srcset=\"https:\/\/www.vasutca.hu\/wp-content\/uploads\/2018\/11\/upcycling4-1024x768.jpg 1024w, https:\/\/www.vasutca.hu\/wp-content\/uploads\/2018\/11\/upcycling4-300x225.jpg 300w, https:\/\/www.vasutca.hu\/wp-content\/uploads\/2018\/11\/upcycling4-768x576.jpg 768w, https:\/\/www.vasutca.hu\/wp-content\/uploads\/2018\/11\/upcycling4.jpg 2048w\" sizes=\"(max-width: 525px) 100vw, 525px\" \/><\/p>\n<p>Fenntarthat\u00f3s\u00e1gi T\u00e9mah\u00e9t &#8211; 2018. &#8211; Minden hullad\u00e9k szem\u00e9t?<\/p>\n<p><img loading=\"lazy\" decoding=\"async\" class=\"alignnone size-large wp-image-329\" src=\"http:\/\/www.vasutca.hu\/wp-content\/uploads\/2018\/11\/DSC_0248-1024x578.jpg\" alt=\"\" width=\"525\" height=\"296\" srcset=\"https:\/\/www.vasutca.hu\/wp-content\/uploads\/2018\/11\/DSC_0248-1024x578.jpg 1024w, https:\/\/www.vasutca.hu\/wp-content\/uploads\/2018\/11\/DSC_0248-300x169.jpg 300w, https:\/\/www.vasutca.hu\/wp-content\/uploads\/2018\/11\/DSC_0248-768x433.jpg 768w, https:\/\/www.vasutca.hu\/wp-content\/uploads\/2018\/11\/DSC_0248.jpg 1882w\" sizes=\"(max-width: 525px) 100vw, 525px\" \/> <img loading=\"lazy\" decoding=\"async\" class=\"alignnone size-large wp-image-330\" src=\"http:\/\/www.vasutca.hu\/wp-content\/uploads\/2018\/11\/DSC_0249-e1542053279675-578x1024.jpg\" alt=\"\" width=\"525\" height=\"930\" srcset=\"https:\/\/www.vasutca.hu\/wp-content\/uploads\/2018\/11\/DSC_0249-e1542053279675-578x1024.jpg 578w, https:\/\/www.vasutca.hu\/wp-content\/uploads\/2018\/11\/DSC_0249-e1542053279675-169x300.jpg 169w, https:\/\/www.vasutca.hu\/wp-content\/uploads\/2018\/11\/DSC_0249-e1542053279675-768x1361.jpg 768w, https:\/\/www.vasutca.hu\/wp-content\/uploads\/2018\/11\/DSC_0249-e1542053279675.jpg 1062w\" sizes=\"(max-width: 525px) 100vw, 525px\" \/> <img loading=\"lazy\" decoding=\"async\" class=\"alignnone size-large wp-image-331\" src=\"http:\/\/www.vasutca.hu\/wp-content\/uploads\/2018\/11\/DSC_0250-e1542053289394-578x1024.jpg\" alt=\"\" width=\"525\" height=\"930\" srcset=\"https:\/\/www.vasutca.hu\/wp-content\/uploads\/2018\/11\/DSC_0250-e1542053289394-578x1024.jpg 578w, https:\/\/www.vasutca.hu\/wp-content\/uploads\/2018\/11\/DSC_0250-e1542053289394-169x300.jpg 169w, https:\/\/www.vasutca.hu\/wp-content\/uploads\/2018\/11\/DSC_0250-e1542053289394-768x1361.jpg 768w, https:\/\/www.vasutca.hu\/wp-content\/uploads\/2018\/11\/DSC_0250-e1542053289394.jpg 1062w\" sizes=\"(max-width: 525px) 100vw, 525px\" \/><\/p>\n","protected":false},"excerpt":{"rendered":"<p>\u00d6koiskolai fejleszt\u00e9sek, innov\u00e1ci\u00f3k Az iskola vezet\u0151s\u00e9ge \u00e9s a nevel\u0151test\u00fclete elk\u00f6telezettek a fenntarthat\u00f3s\u00e1gra \u00e9s a glob\u00e1lis felel\u0151ss\u00e9gv\u00e1llal\u00e1sra nevel\u00e9s ir\u00e1nt, melynek tartalmai \u00e9s m\u00f3dszerei az iskol\u00e1ban oktatott minden m\u0171velts\u00e9gter\u00fcleten megjelennek, minden tant\u00e1rgyba be\u00e1gyaz\u00f3dtak. A glob\u00e1lis felel\u0151ss\u00e9gv\u00e1llal\u00e1sra nevel\u00e9snek helye van mind a tan\u00f3rai, mind a tan\u00f3r\u00e1n k\u00edv\u00fcli keretek k\u00f6z\u00f6tt. A gazdas\u00e1gi, oktat\u00e1spolitikai, t\u00e1rsadalmi k\u00f6rnyezetet adta lehet\u0151s\u00e9geket kiakn\u00e1zva igyekszik &hellip; <\/p>\n<p class=\"link-more\"><a href=\"https:\/\/www.vasutca.hu\/?page_id=44\" class=\"more-link\"><span class=\"screen-reader-text\">&#8220;\u00d6koiskola&#8221;<\/span> b\u0151vebben<\/a><\/p>\n","protected":false},"author":4,"featured_media":0,"parent":0,"menu_order":0,"comment_status":"closed","ping_status":"closed","template":"","meta":{"footnotes":""},"_links":{"self":[{"href":"https:\/\/www.vasutca.hu\/index.php?rest_route=\/wp\/v2\/pages\/44"}],"collection":[{"href":"https:\/\/www.vasutca.hu\/index.php?rest_route=\/wp\/v2\/pages"}],"about":[{"href":"https:\/\/www.vasutca.hu\/index.php?rest_route=\/wp\/v2\/types\/page"}],"author":[{"embeddable":true,"href":"https:\/\/www.vasutca.hu\/index.php?rest_route=\/wp\/v2\/users\/4"}],"replies":[{"embeddable":true,"href":"https:\/\/www.vasutca.hu\/index.php?rest_route=%2Fwp%2Fv2%2Fcomments&post=44"}],"version-history":[{"count":6,"href":"https:\/\/www.vasutca.hu\/index.php?rest_route=\/wp\/v2\/pages\/44\/revisions"}],"predecessor-version":[{"id":332,"href":"https:\/\/www.vasutca.hu\/index.php?rest_route=\/wp\/v2\/pages\/44\/revisions\/332"}],"wp:attachment":[{"href":"https:\/\/www.vasutca.hu\/index.php?rest_route=%2Fwp%2Fv2%2Fmedia&parent=44"}],"curies":[{"name":"wp","href":"https:\/\/api.w.org\/{rel}","templated":true}]}}