{"id":4101,"date":"2026-04-16T08:14:29","date_gmt":"2026-04-16T07:14:29","guid":{"rendered":"https:\/\/www.vasutca.hu\/?page_id=4101"},"modified":"2026-04-16T10:58:17","modified_gmt":"2026-04-16T09:58:17","slug":"modositott-ideiglenes-felveteli-jegyzek-2026","status":"publish","type":"page","link":"https:\/\/www.vasutca.hu\/?page_id=4101","title":{"rendered":"M\u00f3dos\u00edtott ideiglenes felv\u00e9teli jegyz\u00e9k (2026)"},"content":{"rendered":"\n<h1 class=\"wp-block-heading\">Tisztelt Sz\u00fcl\u0151k, Kedves Felv\u00e9teliz\u0151 Di\u00e1kok!<\/h1>\n\n\n\n<p>A mell\u00e9kelt t\u00e1bl\u00e1zatok&nbsp;az ut\u00e1n k\u00e9sz\u00fcltek, hogy \u00d6n\u00f6k k\u00f6z\u00fcl t\u00f6bben is \u00e9ltek azzal a lehet\u0151s\u00e9ggel, hogy a felv\u00e9teli eredm\u00e9nyek ismeret\u00e9ben \u00faj tagozatokat lehetett megjel\u00f6lni. A t\u00e1bl\u00e1zatban szerepl\u0151 \u2013 a tanulm\u00e1nyi ter\u00fcletek bont\u00e1s\u00e1ban megadott \u2212 v\u00e9gleges\u00edtett rangsorsz\u00e1mokat fogjuk a gy\u0151ri Felv\u00e9teli K\u00f6zpontnak is megk\u00fcldeni.  Az egyes tanulm\u00e1nyi ter\u00fcletek t\u00e1bl\u00e1zatai (\u00f6sszpontsz\u00e1mokkal) \u00e9s az \u00f6sszes\u00edtett t\u00e1bl\u00e1zat let\u00f6lthet\u0151, az \u00f6sszes\u00edtett t\u00e1bl\u00e1zat alul l\u00e1that\u00f3 is.<\/p>\n\n\n\n<p>A Felv\u00e9teli K\u00f6zpont \u00e1prilis 27-\u00e9n k\u00fcldi meg iskol\u00e1nknak a felvett di\u00e1kok n\u00e9vsor\u00e1t (ez az&nbsp;<em>egyeztetett felv\u00e9teli jegyz\u00e9k<\/em>), melyet iskol\u00e1nk honlapj\u00e1n tesz\u00fcnk k\u00f6zz\u00e9, v\u00e1rhat\u00f3an \u00e1prilis 28-\u00e1n. Ez alapj\u00e1n a felv\u00e9teli eredm\u00e9nyekr\u0151l (a&nbsp;<em>felv\u00e9telr\u0151l&nbsp;<\/em>vagy az&nbsp;<em>elutas\u00edt\u00e1sr\u00f3l<\/em>) m\u00e1jus 8-ig \u00e9rtes\u00edtj\u00fck a tanul\u00f3kat a jelentkez\u00e9si lapon megadott \u00e9rtes\u00edt\u00e9si c\u00edmen, valamint az \u00e1ltal\u00e1nos iskol\u00e1kat jegyz\u00e9k form\u00e1j\u00e1ban.<\/p>\n\n\n\n<div class=\"wp-block-file\"><a id=\"wp-block-file--media-a569d0e9-db65-44b7-898e-5fd3f8363fa6\" href=\"https:\/\/www.vasutca.hu\/wp-content\/uploads\/2026\/04\/modositott-0001-Kereskedo-es-webaruhaz-technikus-elso-idegen-nyelv-angol.pdf\">modositott-0001-Kereskedo-es-webaruhaz-technikus-elso-idegen-nyelv-angol<\/a><a href=\"https:\/\/www.vasutca.hu\/wp-content\/uploads\/2026\/04\/modositott-0001-Kereskedo-es-webaruhaz-technikus-elso-idegen-nyelv-angol.pdf\" class=\"wp-block-file__button wp-element-button\" download aria-describedby=\"wp-block-file--media-a569d0e9-db65-44b7-898e-5fd3f8363fa6\">Download<\/a><\/div>\n\n\n\n<div class=\"wp-block-file\"><a id=\"wp-block-file--media-9c876a73-ecc3-474e-8d2c-18b5a681577e\" href=\"https:\/\/www.vasutca.hu\/wp-content\/uploads\/2026\/04\/modositott-0002-Kereskedo-es-webaruhaz-technikus-elso-idegen-nyelv-nemet.pdf\">modositott-0002-Kereskedo-es-webaruhaz-technikus-elso-idegen-nyelv-nemet<\/a><a href=\"https:\/\/www.vasutca.hu\/wp-content\/uploads\/2026\/04\/modositott-0002-Kereskedo-es-webaruhaz-technikus-elso-idegen-nyelv-nemet.pdf\" class=\"wp-block-file__button wp-element-button\" download aria-describedby=\"wp-block-file--media-9c876a73-ecc3-474e-8d2c-18b5a681577e\">Download<\/a><\/div>\n\n\n\n<div class=\"wp-block-file\"><a id=\"wp-block-file--media-a1e8fc3c-cce6-4dce-bc87-03f7a01e467e\" href=\"https:\/\/www.vasutca.hu\/wp-content\/uploads\/2026\/04\/modositott-0003-Turisztika-technikus-elso-idegen-nyelv-angol-1.pdf\">modositott-0003-Turisztika-technikus-elso-idegen-nyelv-angol-1<\/a><a href=\"https:\/\/www.vasutca.hu\/wp-content\/uploads\/2026\/04\/modositott-0003-Turisztika-technikus-elso-idegen-nyelv-angol-1.pdf\" class=\"wp-block-file__button wp-element-button\" download aria-describedby=\"wp-block-file--media-a1e8fc3c-cce6-4dce-bc87-03f7a01e467e\">Download<\/a><\/div>\n\n\n\n<div class=\"wp-block-file\"><a id=\"wp-block-file--media-f00f59b8-28aa-46ba-808e-35543f1fce32\" href=\"https:\/\/www.vasutca.hu\/wp-content\/uploads\/2026\/04\/modositott-0004-Turisztika-technikus-elso-idegen-nyelv-nemet.pdf\">modositott-0004-Turisztika-technikus-elso-idegen-nyelv-nemet<\/a><a href=\"https:\/\/www.vasutca.hu\/wp-content\/uploads\/2026\/04\/modositott-0004-Turisztika-technikus-elso-idegen-nyelv-nemet.pdf\" class=\"wp-block-file__button wp-element-button\" download aria-describedby=\"wp-block-file--media-f00f59b8-28aa-46ba-808e-35543f1fce32\">Download<\/a><\/div>\n\n\n\n<div class=\"wp-block-file\"><a id=\"wp-block-file--media-46cc5285-4879-43d3-b564-cce2acbb326f\" href=\"https:\/\/www.vasutca.hu\/wp-content\/uploads\/2026\/04\/modositott-teljes-rangsor-oktatasi-azonosito-alapjan-novekvoben-1.pdf\">modositott-teljes-rangsor-oktatasi-azonosito-alapjan-novekvoben-1<\/a><a href=\"https:\/\/www.vasutca.hu\/wp-content\/uploads\/2026\/04\/modositott-teljes-rangsor-oktatasi-azonosito-alapjan-novekvoben-1.pdf\" class=\"wp-block-file__button wp-element-button\" download aria-describedby=\"wp-block-file--media-46cc5285-4879-43d3-b564-cce2acbb326f\">Download<\/a><\/div>\n","protected":false},"excerpt":{"rendered":"<p>Tisztelt Sz\u00fcl\u0151k, Kedves Felv\u00e9teliz\u0151 Di\u00e1kok! A mell\u00e9kelt t\u00e1bl\u00e1zatok&nbsp;az ut\u00e1n k\u00e9sz\u00fcltek, hogy \u00d6n\u00f6k k\u00f6z\u00fcl t\u00f6bben is \u00e9ltek azzal a lehet\u0151s\u00e9ggel, hogy a felv\u00e9teli eredm\u00e9nyek ismeret\u00e9ben \u00faj tagozatokat lehetett megjel\u00f6lni. A t\u00e1bl\u00e1zatban szerepl\u0151 \u2013 a tanulm\u00e1nyi ter\u00fcletek bont\u00e1s\u00e1ban megadott \u2212 v\u00e9gleges\u00edtett rangsorsz\u00e1mokat fogjuk a gy\u0151ri Felv\u00e9teli K\u00f6zpontnak is megk\u00fcldeni. Az egyes tanulm\u00e1nyi ter\u00fcletek t\u00e1bl\u00e1zatai (\u00f6sszpontsz\u00e1mokkal) \u00e9s az &hellip; <\/p>\n<p class=\"link-more\"><a href=\"https:\/\/www.vasutca.hu\/?page_id=4101\" class=\"more-link\"><span class=\"screen-reader-text\">&#8220;M\u00f3dos\u00edtott ideiglenes felv\u00e9teli jegyz\u00e9k (2026)&#8221;<\/span> b\u0151vebben<\/a><\/p>\n","protected":false},"author":10,"featured_media":0,"parent":0,"menu_order":0,"comment_status":"closed","ping_status":"closed","template":"","meta":{"footnotes":""},"_links":{"self":[{"href":"https:\/\/www.vasutca.hu\/index.php?rest_route=\/wp\/v2\/pages\/4101"}],"collection":[{"href":"https:\/\/www.vasutca.hu\/index.php?rest_route=\/wp\/v2\/pages"}],"about":[{"href":"https:\/\/www.vasutca.hu\/index.php?rest_route=\/wp\/v2\/types\/page"}],"author":[{"embeddable":true,"href":"https:\/\/www.vasutca.hu\/index.php?rest_route=\/wp\/v2\/users\/10"}],"replies":[{"embeddable":true,"href":"https:\/\/www.vasutca.hu\/index.php?rest_route=%2Fwp%2Fv2%2Fcomments&post=4101"}],"version-history":[{"count":7,"href":"https:\/\/www.vasutca.hu\/index.php?rest_route=\/wp\/v2\/pages\/4101\/revisions"}],"predecessor-version":[{"id":4116,"href":"https:\/\/www.vasutca.hu\/index.php?rest_route=\/wp\/v2\/pages\/4101\/revisions\/4116"}],"wp:attachment":[{"href":"https:\/\/www.vasutca.hu\/index.php?rest_route=%2Fwp%2Fv2%2Fmedia&parent=4101"}],"curies":[{"name":"wp","href":"https:\/\/api.w.org\/{rel}","templated":true}]}}