{"id":4004,"date":"2026-01-09T12:12:11","date_gmt":"2026-01-09T11:12:11","guid":{"rendered":"https:\/\/www.vasutca.hu\/?page_id=4004"},"modified":"2026-01-09T12:24:08","modified_gmt":"2026-01-09T11:24:08","slug":"tanulmanyok-alatti-vizsgak-idopontjai","status":"publish","type":"page","link":"https:\/\/www.vasutca.hu\/?page_id=4004","title":{"rendered":"Tanulm\u00e1nyok alatti vizsg\u00e1k id\u0151pontjai"},"content":{"rendered":"\n<p><\/p>\n\n\n\n<ul>\n<li>a 2025. \u0151szi \u00e9retts\u00e9gi vizsgaid\u0151szak oszt\u00e1lyoz\u00f3 vizsg\u00e1i 09. 08. \u00e9s 09. 15. k\u00f6z\u00f6tt ker\u00fclnek ki\u00edr\u00e1sra, a  konkr\u00e9t id\u0151pontok a honlapon 06. 15-t\u0151l el\u00e9rhet\u0151k \u00e9s a vizsga el\u0151tt KR\u00c9TA \u00e9rtes\u00edt\u00e9st is kapnak a  tanul\u00f3k \u00e9s gondvisel\u0151k.<\/li>\n\n\n\n<li>a 2026. tavaszi \u00e9retts\u00e9gi vizsgaid\u0151szak oszt\u00e1lyoz\u00f3 vizsg\u00e1i 04. 01. \u00e9s 04. 15. k\u00f6z\u00f6tt<br>ker\u00fclnek ki\u00edr\u00e1sra, a konkr\u00e9t id\u0151pontok a honlapon 2026.01.15-t\u0151l el\u00e9rhet\u0151k \u00e9s a vizsga<br>el\u0151tt KR\u00c9TA-\u00e9rtes\u00edt\u00e9st is kapnak a tanul\u00f3k \u00e9s gondvisel\u0151k.<\/li>\n\n\n\n<li>a 2026. \u0151szi \u00e9retts\u00e9gi vizsgaid\u0151szak oszt\u00e1lyoz\u00f3 vizsg\u00e1i 09. 07. \u00e9s 09. 15. k\u00f6z\u00f6tt ker\u00fclnek<br>ki\u00edr\u00e1sra, a konkr\u00e9t id\u0151pontok a honlapon 2026. 06. 15-t\u0151l el\u00e9rhet\u0151k \u00e9s a vizsga el\u0151tt<br>KR\u00c9TA-\u00e9rtes\u00edt\u00e9st is kapnak a tanul\u00f3k \u00e9s gondvisel\u0151k.<\/li>\n\n\n\n<li>a nem \u00e9retts\u00e9gi miatti oszt\u00e1lyoz\u00f3 vizsg\u00e1k lez\u00e1r\u00e1s\u00e1nak legk\u00e9s\u0151bbi id\u0151pontja: 2026. 06.01.<br>Az oszt\u00e1lyoz\u00f3 vizsga konkr\u00e9t id\u0151pontj\u00e1r\u00f3l a vizsga el\u0151tt KR\u00c9TA-\u00e9rtes\u00edt\u00e9st is kapnak a<br>tanul\u00f3k \u00e9s gondvisel\u0151k.<\/li>\n<\/ul>\n\n\n\n<p class=\"has-medium-font-size\"><strong>2025 \u0151szi \u00e9retts\u00e9gi oszt\u00e1lyoz\u00f3 vizsg\u00e1k id\u0151pontjai: <\/strong><\/p>\n\n\n\n<ul>\n<li class=\"has-medium-font-size\">\u00edr\u00e1sbelik: 2025.09.08-2025.09.09<\/li>\n\n\n\n<li class=\"has-medium-font-size\">sz\u00f3belik: 2025.09.10-2025.09.11.<\/li>\n<\/ul>\n\n\n\n<p class=\"has-medium-font-size\"><strong>2026 tavaszi \u00e9retts\u00e9gi oszt\u00e1lyoz\u00f3 vizsg\u00e1k id\u0151pontjai: <\/strong><\/p>\n\n\n\n<ul>\n<li class=\"has-medium-font-size\">\u00edr\u00e1sbelik: 2026.04.06.-2026.04.08.<\/li>\n\n\n\n<li class=\"has-medium-font-size\">sz\u00f3belik: 2026.04.13.-2026.04.15.<\/li>\n<\/ul>\n","protected":false},"excerpt":{"rendered":"<p>2025 \u0151szi \u00e9retts\u00e9gi oszt\u00e1lyoz\u00f3 vizsg\u00e1k id\u0151pontjai: 2026 tavaszi \u00e9retts\u00e9gi oszt\u00e1lyoz\u00f3 vizsg\u00e1k id\u0151pontjai:<\/p>\n","protected":false},"author":10,"featured_media":0,"parent":0,"menu_order":0,"comment_status":"closed","ping_status":"closed","template":"","meta":{"footnotes":""},"_links":{"self":[{"href":"https:\/\/www.vasutca.hu\/index.php?rest_route=\/wp\/v2\/pages\/4004"}],"collection":[{"href":"https:\/\/www.vasutca.hu\/index.php?rest_route=\/wp\/v2\/pages"}],"about":[{"href":"https:\/\/www.vasutca.hu\/index.php?rest_route=\/wp\/v2\/types\/page"}],"author":[{"embeddable":true,"href":"https:\/\/www.vasutca.hu\/index.php?rest_route=\/wp\/v2\/users\/10"}],"replies":[{"embeddable":true,"href":"https:\/\/www.vasutca.hu\/index.php?rest_route=%2Fwp%2Fv2%2Fcomments&post=4004"}],"version-history":[{"count":6,"href":"https:\/\/www.vasutca.hu\/index.php?rest_route=\/wp\/v2\/pages\/4004\/revisions"}],"predecessor-version":[{"id":4007,"href":"https:\/\/www.vasutca.hu\/index.php?rest_route=\/wp\/v2\/pages\/4004\/revisions\/4007"}],"wp:attachment":[{"href":"https:\/\/www.vasutca.hu\/index.php?rest_route=%2Fwp%2Fv2%2Fmedia&parent=4004"}],"curies":[{"name":"wp","href":"https:\/\/api.w.org\/{rel}","templated":true}]}}