{"id":3991,"date":"2025-12-18T13:37:15","date_gmt":"2025-12-18T12:37:15","guid":{"rendered":"https:\/\/www.vasutca.hu\/?page_id=3991"},"modified":"2025-12-22T22:22:30","modified_gmt":"2025-12-22T21:22:30","slug":"osztalyfonokok-2026-27","status":"publish","type":"page","link":"https:\/\/www.vasutca.hu\/?page_id=3991","title":{"rendered":"Oszt\u00e1lyf\u0151n\u00f6k\u00f6k 2026\/27"},"content":{"rendered":"\n<p>Kedves Di\u00e1kok!<\/p>\n\n\n\n<p>Ismerkedjetek meg iskol\u00e1nk j\u00f6v\u0151 \u00e9vi kilencedikes oszt\u00e1lyf\u0151n\u00f6keivel!<\/p>\n\n\n\n<p>N\u00e9zz\u00e9tek meg a bemutatkoz\u00f3 rajzukat \u00e9s vide\u00f3jukat (a kisfilm a Facebook-oldalunkon \u00e9rhet\u0151 el: <a href=\"https:\/\/www.facebook.com\/vasutca\">https:\/\/www.facebook.com\/vasutca<\/a>)!<\/p>\n\n\n\n<p>Dr. Gizawn\u00e9 Imre Anik\u00f3, matematikatan\u00e1r<\/p>\n\n\n\n<p>Tak\u00e1csn\u00e9 Sipt\u00e1r \u00c1gnes, turisztikai szakmai tan\u00e1r<\/p>\n\n\n\n<p>Nagyn\u00e9 Cs\u00f6rsz Vikt\u00f3ria, magyartan\u00e1r<\/p>\n\n\n\n<figure class=\"wp-block-gallery has-nested-images columns-default is-cropped wp-block-gallery-1 is-layout-flex wp-block-gallery-is-layout-flex\">\n<figure class=\"wp-block-image size-large\"><img loading=\"lazy\" decoding=\"async\" width=\"768\" height=\"1024\" data-id=\"3995\" src=\"https:\/\/www.vasutca.hu\/wp-content\/uploads\/2025\/12\/Aniko-portre-768x1024.jpg\" alt=\"\" class=\"wp-image-3995\" srcset=\"https:\/\/www.vasutca.hu\/wp-content\/uploads\/2025\/12\/Aniko-portre-768x1024.jpg 768w, https:\/\/www.vasutca.hu\/wp-content\/uploads\/2025\/12\/Aniko-portre-225x300.jpg 225w, https:\/\/www.vasutca.hu\/wp-content\/uploads\/2025\/12\/Aniko-portre-1152x1536.jpg 1152w, https:\/\/www.vasutca.hu\/wp-content\/uploads\/2025\/12\/Aniko-portre.jpg 1536w\" sizes=\"(max-width: 767px) 89vw, (max-width: 1000px) 54vw, (max-width: 1071px) 543px, 580px\" \/><\/figure>\n<\/figure>\n\n\n\n<figure class=\"wp-block-gallery has-nested-images columns-default is-cropped wp-block-gallery-2 is-layout-flex wp-block-gallery-is-layout-flex\">\n<figure class=\"wp-block-image size-large\"><img loading=\"lazy\" decoding=\"async\" width=\"1024\" height=\"572\" data-id=\"3997\" src=\"https:\/\/www.vasutca.hu\/wp-content\/uploads\/2025\/12\/Aniko-infografika-1024x572.jpg\" alt=\"\" class=\"wp-image-3997\" srcset=\"https:\/\/www.vasutca.hu\/wp-content\/uploads\/2025\/12\/Aniko-infografika-1024x572.jpg 1024w, https:\/\/www.vasutca.hu\/wp-content\/uploads\/2025\/12\/Aniko-infografika-300x167.jpg 300w, https:\/\/www.vasutca.hu\/wp-content\/uploads\/2025\/12\/Aniko-infografika-768x429.jpg 768w, https:\/\/www.vasutca.hu\/wp-content\/uploads\/2025\/12\/Aniko-infografika-1536x857.jpg 1536w, https:\/\/www.vasutca.hu\/wp-content\/uploads\/2025\/12\/Aniko-infografika.jpg 2048w\" sizes=\"(max-width: 767px) 89vw, (max-width: 1000px) 54vw, (max-width: 1071px) 543px, 580px\" \/><\/figure>\n<\/figure>\n\n\n\n<figure class=\"wp-block-gallery has-nested-images columns-default is-cropped wp-block-gallery-3 is-layout-flex wp-block-gallery-is-layout-flex\">\n<figure class=\"wp-block-image size-large\"><img loading=\"lazy\" decoding=\"async\" width=\"649\" height=\"637\" data-id=\"3998\" src=\"https:\/\/www.vasutca.hu\/wp-content\/uploads\/2025\/12\/Agi-portre.jpg\" alt=\"\" class=\"wp-image-3998\" srcset=\"https:\/\/www.vasutca.hu\/wp-content\/uploads\/2025\/12\/Agi-portre.jpg 649w, https:\/\/www.vasutca.hu\/wp-content\/uploads\/2025\/12\/Agi-portre-300x294.jpg 300w\" sizes=\"(max-width: 649px) 100vw, 649px\" \/><\/figure>\n<\/figure>\n\n\n\n<figure class=\"wp-block-gallery has-nested-images columns-default is-cropped wp-block-gallery-4 is-layout-flex wp-block-gallery-is-layout-flex\">\n<figure class=\"wp-block-image size-large\"><img loading=\"lazy\" decoding=\"async\" width=\"1024\" height=\"572\" data-id=\"3999\" src=\"https:\/\/www.vasutca.hu\/wp-content\/uploads\/2025\/12\/Agi-infografika-1024x572.jpg\" alt=\"\" class=\"wp-image-3999\" srcset=\"https:\/\/www.vasutca.hu\/wp-content\/uploads\/2025\/12\/Agi-infografika-1024x572.jpg 1024w, https:\/\/www.vasutca.hu\/wp-content\/uploads\/2025\/12\/Agi-infografika-300x167.jpg 300w, https:\/\/www.vasutca.hu\/wp-content\/uploads\/2025\/12\/Agi-infografika-768x429.jpg 768w, https:\/\/www.vasutca.hu\/wp-content\/uploads\/2025\/12\/Agi-infografika-1536x857.jpg 1536w, https:\/\/www.vasutca.hu\/wp-content\/uploads\/2025\/12\/Agi-infografika.jpg 2048w\" sizes=\"(max-width: 767px) 89vw, (max-width: 1000px) 54vw, (max-width: 1071px) 543px, 580px\" \/><\/figure>\n<\/figure>\n\n\n\n<figure class=\"wp-block-gallery has-nested-images columns-default is-cropped wp-block-gallery-5 is-layout-flex wp-block-gallery-is-layout-flex\">\n<figure class=\"wp-block-image size-large\"><img loading=\"lazy\" decoding=\"async\" width=\"320\" height=\"550\" data-id=\"4000\" src=\"https:\/\/www.vasutca.hu\/wp-content\/uploads\/2025\/12\/Viki-portre.jpg\" alt=\"\" class=\"wp-image-4000\" srcset=\"https:\/\/www.vasutca.hu\/wp-content\/uploads\/2025\/12\/Viki-portre.jpg 320w, https:\/\/www.vasutca.hu\/wp-content\/uploads\/2025\/12\/Viki-portre-175x300.jpg 175w\" sizes=\"(max-width: 320px) 100vw, 320px\" \/><\/figure>\n<\/figure>\n\n\n\n<figure class=\"wp-block-gallery has-nested-images columns-default is-cropped wp-block-gallery-6 is-layout-flex wp-block-gallery-is-layout-flex\">\n<figure class=\"wp-block-image size-large\"><img loading=\"lazy\" decoding=\"async\" width=\"1024\" height=\"572\" data-id=\"4001\" src=\"https:\/\/www.vasutca.hu\/wp-content\/uploads\/2025\/12\/Viki-infografika-1024x572.jpg\" alt=\"\" class=\"wp-image-4001\" srcset=\"https:\/\/www.vasutca.hu\/wp-content\/uploads\/2025\/12\/Viki-infografika-1024x572.jpg 1024w, https:\/\/www.vasutca.hu\/wp-content\/uploads\/2025\/12\/Viki-infografika-300x167.jpg 300w, https:\/\/www.vasutca.hu\/wp-content\/uploads\/2025\/12\/Viki-infografika-768x429.jpg 768w, https:\/\/www.vasutca.hu\/wp-content\/uploads\/2025\/12\/Viki-infografika-1536x857.jpg 1536w, https:\/\/www.vasutca.hu\/wp-content\/uploads\/2025\/12\/Viki-infografika.jpg 2048w\" sizes=\"(max-width: 767px) 89vw, (max-width: 1000px) 54vw, (max-width: 1071px) 543px, 580px\" \/><\/figure>\n<\/figure>\n","protected":false},"excerpt":{"rendered":"<p>Kedves Di\u00e1kok! Ismerkedjetek meg iskol\u00e1nk j\u00f6v\u0151 \u00e9vi kilencedikes oszt\u00e1lyf\u0151n\u00f6keivel! N\u00e9zz\u00e9tek meg a bemutatkoz\u00f3 rajzukat \u00e9s vide\u00f3jukat (a kisfilm a Facebook-oldalunkon \u00e9rhet\u0151 el: https:\/\/www.facebook.com\/vasutca)! Dr. Gizawn\u00e9 Imre Anik\u00f3, matematikatan\u00e1r Tak\u00e1csn\u00e9 Sipt\u00e1r \u00c1gnes, turisztikai szakmai tan\u00e1r Nagyn\u00e9 Cs\u00f6rsz Vikt\u00f3ria, magyartan\u00e1r<\/p>\n","protected":false},"author":10,"featured_media":0,"parent":0,"menu_order":0,"comment_status":"closed","ping_status":"closed","template":"","meta":{"footnotes":""},"_links":{"self":[{"href":"https:\/\/www.vasutca.hu\/index.php?rest_route=\/wp\/v2\/pages\/3991"}],"collection":[{"href":"https:\/\/www.vasutca.hu\/index.php?rest_route=\/wp\/v2\/pages"}],"about":[{"href":"https:\/\/www.vasutca.hu\/index.php?rest_route=\/wp\/v2\/types\/page"}],"author":[{"embeddable":true,"href":"https:\/\/www.vasutca.hu\/index.php?rest_route=\/wp\/v2\/users\/10"}],"replies":[{"embeddable":true,"href":"https:\/\/www.vasutca.hu\/index.php?rest_route=%2Fwp%2Fv2%2Fcomments&post=3991"}],"version-history":[{"count":3,"href":"https:\/\/www.vasutca.hu\/index.php?rest_route=\/wp\/v2\/pages\/3991\/revisions"}],"predecessor-version":[{"id":4002,"href":"https:\/\/www.vasutca.hu\/index.php?rest_route=\/wp\/v2\/pages\/3991\/revisions\/4002"}],"wp:attachment":[{"href":"https:\/\/www.vasutca.hu\/index.php?rest_route=%2Fwp%2Fv2%2Fmedia&parent=3991"}],"curies":[{"name":"wp","href":"https:\/\/api.w.org\/{rel}","templated":true}]}}