{"id":3791,"date":"2025-10-09T08:26:23","date_gmt":"2025-10-09T07:26:23","guid":{"rendered":"https:\/\/www.vasutca.hu\/?page_id=3791"},"modified":"2025-10-09T08:43:45","modified_gmt":"2025-10-09T07:43:45","slug":"miert-jo-a-szechenyibe-jarni","status":"publish","type":"page","link":"https:\/\/www.vasutca.hu\/?page_id=3791","title":{"rendered":"Mi\u00e9rt j\u00f3 a Sz\u00e9chenyibe j\u00e1rni"},"content":{"rendered":"\n<p class=\"has-medium-font-size\">A BGSZC Sz\u00e9ch\u00e9nyi technikumba j\u00e1rni az\u00e9rt j\u00f3 v\u00e1laszt\u00e1s, mert piac\u00adk\u00e9pes szakm\u00e1kat, magabiztos tud\u00e1st \u00e9s er\u0151s k\u00f6z\u00f6ss\u00e9gi \u00e9lm\u00e9nyt ny\u00fajt Budapest sz\u00edv\u00e9ben m\u0171k\u00f6d\u0151, j\u00f3l megk\u00f6zel\u00edthet\u0151 helyen hagyom\u00e1nyos \u00e9rt\u00e9krenddel m\u0171k\u00f6d\u0151 iskol\u00e1nkban.<\/p>\n\n\n\n<h2 class=\"wp-block-heading\" style=\"font-size:32px\"><strong>Er\u0151s szakmai alapok \u00e9s tov\u00e1bbtanul\u00e1si lehet\u0151s\u00e9gek<\/strong><\/h2>\n\n\n\n<ul>\n<li>Az \u00f6t\u00e9ves technikusi k\u00e9pz\u00e9s egyszerre ad \u00e9retts\u00e9gi bizony\u00edtv\u00e1nyt \u00e9s technikusi oklevelet, \u00edgy a di\u00e1kok  gyakorlati tapasztalatokat is szereznek \u00e9s ez jelent\u0151s el\u0151nyt jelent a szakir\u00e1ny\u00fa tov\u00e1bbtanul\u00e1sn\u00e1l a fels\u0151oktat\u00e1si felv\u00e9telin\u00e9l is.<a href=\"https:\/\/bgszc.hu\/intezmenyeink\" target=\"_blank\" rel=\"noreferrer noopener\"><\/a><\/li>\n\n\n\n<li>A modern, du\u00e1lis k\u00e9pz\u00e9si rendszerben a di\u00e1kok v\u00e1llalati partnerekn\u00e9l szerezhetnek gyakorlati tud\u00e1st, ami k\u00e9s\u0151bbi elhelyezked\u00e9s\u00fck szempontj\u00e1b\u00f3l komoly el\u0151nyt jelent.<\/li>\n<\/ul>\n\n\n\n<h2 class=\"wp-block-heading\" style=\"font-size:32px\"><strong>\u00c9lm\u00e9nyszer\u0171 tanul\u00e1s \u00e9s k\u00f6z\u00f6ss\u00e9gi \u00e9let<\/strong><\/h2>\n\n\n\n<ul>\n<li>\u00c9lm\u00e9nyk\u00f6zpont\u00fa \u00f3r\u00e1k, szakmai programok, versenyek, \u00e9s c\u00e9gl\u00e1togat\u00e1sok teszik izgalmass\u00e1 a tanul\u00e1st. Rendszeresek p\u00e9ld\u00e1ul a mozi-, m\u00fazeum- \u00e9s sz\u00ednh\u00e1zl\u00e1togat\u00e1sok.<a href=\"https:\/\/www.bgszc.hu\/intezmenyeink\/17\" target=\"_blank\" rel=\"noreferrer noopener\"><\/a><\/li>\n\n\n\n<li>Di\u00e1kbar\u00e1t, t\u00e1mogat\u00f3 l\u00e9gk\u00f6r \u00e9s er\u0151s k\u00f6z\u00f6ss\u00e9g v\u00e1r mindenkit, ahol a tan\u00e1rok c\u00e9lja a tanul\u00f3k fejl\u0151d\u00e9se \u00e9s kibontakoz\u00e1sa.<\/li>\n<\/ul>\n\n\n\n<p style=\"font-size:32px\"><strong>\u00d6szt\u00f6nd\u00edj, p\u00e1lyakezd\u00e9si t\u00e1mogat\u00e1s<\/strong><\/p>\n\n\n\n<p class=\"has-vivid-purple-color has-text-color has-link-color has-medium-font-size wp-elements-6c1e26a461a93fb2147b2c12fbd2d0ac\">Alapoktat\u00e1sban&nbsp; (9-10 \u00e9vfolyam) &#8211; az \u00f6szt\u00f6nd\u00edj alap <strong>8 %<\/strong>&nbsp; &nbsp; <strong>8.000,- Ft\/h\u00f3<\/strong><\/p>\n\n\n\n<p style=\"font-size:24px\"><strong>11-12. <\/strong><strong>\u00e9vfolyam &#8211; az el\u0151z\u0151 \u00e9v v\u00e9gi \u00e1tlag alapj\u00e1n<\/strong><\/p>\n\n\n\n<div class=\"wp-block-group has-medium-font-size is-layout-constrained wp-block-group-is-layout-constrained\"><div class=\"wp-block-group__inner-container\">\n<ul class=\"has-vivid-purple-color has-text-color has-link-color wp-elements-798c796a0c0aec829c717876ec957c56\">\n<li>2,00\u20132,99 k\u00f6z\u00f6tt &#8211; az \u00f6szt\u00f6nd\u00edj alap 8 %-a:      <strong>8.000,<\/strong>&#8211; Ft \/ h\u00f3<\/li>\n\n\n\n<li>3,00\u20133,99 k\u00f6z\u00f6tt &#8211; az \u00f6szt\u00f6nd\u00edj alap 25 %-a:<strong>    25.000<\/strong>,- Ft \/ h\u00f3<\/li>\n\n\n\n<li>4,00\u20134,49 k\u00f6z\u00f6tt &#8211; az \u00f6szt\u00f6nd\u00edj alap 42 %-a:    <strong>42.000<\/strong>,- Ft \/ h\u00f3<\/li>\n\n\n\n<li>4,49 f\u00f6l\u00f6tt &#8211; az \u00f6szt\u00f6nd\u00edj alap 59 %-a:              <strong>59.000<\/strong>,- Ft \/ h\u00f3<\/li>\n<\/ul>\n\n\n\n<p style=\"font-size:24px\"><strong>EGYSZERI P\u00c1LYAKEZD\u00c9SI JUTTAT\u00c1S<\/strong> <strong>szakmai vizsga eredm\u00e9nye alapj\u00e1n<\/strong><\/p>\n\n\n\n<ul class=\"has-vivid-purple-color has-text-color has-link-color wp-elements-776327d18eefba79e25c896893a2e728\">\n<li>2,00\u20132,99 k\u00f6z\u00f6tt &#8211; az \u00f6szt\u00f6nd\u00edj alap 133%-a:   <strong>133.000<\/strong>,- Ft<\/li>\n\n\n\n<li class=\"has-medium-font-size\">3,00\u20133,99 k\u00f6z\u00f6tt &#8211; az \u00f6szt\u00f6nd\u00edj alap 184%-a:   <strong>184.000<\/strong>,- Ft<\/li>\n\n\n\n<li>4,00\u20134,49 k\u00f6z\u00f6tt &#8211; az \u00f6szt\u00f6nd\u00edj alap 243%-a:   <strong>243.000<\/strong>,- Ft<\/li>\n\n\n\n<li>4,49 felett &#8211; az \u00f6szt\u00f6nd\u00edj alap 302%-a:             <strong>302.000<\/strong>,- Ft<\/li>\n<\/ul>\n\n\n\n<ul><\/ul>\n<\/div><\/div>\n\n\n\n<p class=\"has-vivid-red-color has-text-color has-link-color has-medium-font-size wp-elements-843972a336df0d90f112572b282be48a\">A BGSZC Sz\u00e9ch\u00e9nyi technikum teh\u00e1t biztos szakmai tud\u00e1st, \u00e9lm\u00e9nyd\u00fas di\u00e1k\u00e9letet \u00e9s kiv\u00e1l\u00f3 tov\u00e1bbtanul\u00e1si, valamint elhelyezked\u00e9si lehet\u0151s\u00e9geket k\u00edn\u00e1l.<\/p>\n","protected":false},"excerpt":{"rendered":"<p>A BGSZC Sz\u00e9ch\u00e9nyi technikumba j\u00e1rni az\u00e9rt j\u00f3 v\u00e1laszt\u00e1s, mert piac\u00adk\u00e9pes szakm\u00e1kat, magabiztos tud\u00e1st \u00e9s er\u0151s k\u00f6z\u00f6ss\u00e9gi \u00e9lm\u00e9nyt ny\u00fajt Budapest sz\u00edv\u00e9ben m\u0171k\u00f6d\u0151, j\u00f3l megk\u00f6zel\u00edthet\u0151 helyen hagyom\u00e1nyos \u00e9rt\u00e9krenddel m\u0171k\u00f6d\u0151 iskol\u00e1nkban. Er\u0151s szakmai alapok \u00e9s tov\u00e1bbtanul\u00e1si lehet\u0151s\u00e9gek \u00c9lm\u00e9nyszer\u0171 tanul\u00e1s \u00e9s k\u00f6z\u00f6ss\u00e9gi \u00e9let \u00d6szt\u00f6nd\u00edj, p\u00e1lyakezd\u00e9si t\u00e1mogat\u00e1s Alapoktat\u00e1sban&nbsp; (9-10 \u00e9vfolyam) &#8211; az \u00f6szt\u00f6nd\u00edj alap 8 %&nbsp; &nbsp; 8.000,- Ft\/h\u00f3 11-12. &hellip; <\/p>\n<p class=\"link-more\"><a href=\"https:\/\/www.vasutca.hu\/?page_id=3791\" class=\"more-link\"><span class=\"screen-reader-text\">&#8220;Mi\u00e9rt j\u00f3 a Sz\u00e9chenyibe j\u00e1rni&#8221;<\/span> b\u0151vebben<\/a><\/p>\n","protected":false},"author":10,"featured_media":0,"parent":0,"menu_order":0,"comment_status":"closed","ping_status":"closed","template":"","meta":{"footnotes":""},"_links":{"self":[{"href":"https:\/\/www.vasutca.hu\/index.php?rest_route=\/wp\/v2\/pages\/3791"}],"collection":[{"href":"https:\/\/www.vasutca.hu\/index.php?rest_route=\/wp\/v2\/pages"}],"about":[{"href":"https:\/\/www.vasutca.hu\/index.php?rest_route=\/wp\/v2\/types\/page"}],"author":[{"embeddable":true,"href":"https:\/\/www.vasutca.hu\/index.php?rest_route=\/wp\/v2\/users\/10"}],"replies":[{"embeddable":true,"href":"https:\/\/www.vasutca.hu\/index.php?rest_route=%2Fwp%2Fv2%2Fcomments&post=3791"}],"version-history":[{"count":5,"href":"https:\/\/www.vasutca.hu\/index.php?rest_route=\/wp\/v2\/pages\/3791\/revisions"}],"predecessor-version":[{"id":3797,"href":"https:\/\/www.vasutca.hu\/index.php?rest_route=\/wp\/v2\/pages\/3791\/revisions\/3797"}],"wp:attachment":[{"href":"https:\/\/www.vasutca.hu\/index.php?rest_route=%2Fwp%2Fv2%2Fmedia&parent=3791"}],"curies":[{"name":"wp","href":"https:\/\/api.w.org\/{rel}","templated":true}]}}