{"id":3636,"date":"2025-04-30T10:05:09","date_gmt":"2025-04-30T09:05:09","guid":{"rendered":"https:\/\/www.vasutca.hu\/?page_id=3636"},"modified":"2025-04-30T10:05:09","modified_gmt":"2025-04-30T09:05:09","slug":"nyitvatartasi-es-csengetesi-rend","status":"publish","type":"page","link":"https:\/\/www.vasutca.hu\/?page_id=3636","title":{"rendered":"Nyitvatart\u00e1si \u00e9s csenget\u00e9si rend"},"content":{"rendered":"\n<p>Az iskol\u00e1ban portaszolg\u00e1lat h\u00e9tf\u0151t\u0151l-cs\u00fct\u00f6rt\u00f6kig 6:30-20:00 \u00f3r\u00e1ig, p\u00e9nteken 6:30-18:00-ig van. <\/p>\n\n\n\n<p>Irodai \u00fcgyint\u00e9z\u00e9s h\u00e9tf\u0151t\u0151l- cs\u00fct\u00f6rt\u00f6kig 7:00- 16:00-ig, p\u00e9nteken 7:00-13:30 \u00f3r\u00e1ig van.<\/p>\n\n\n\n<p><\/p>\n\n\n\n<div class=\"wp-block-group is-vertical is-layout-flex wp-container-core-group-layout-1 wp-block-group-is-layout-flex\">\n<figure class=\"wp-block-table\"><table><tbody><tr><td colspan=\"3\">CSENGET\u00c9SI REND<\/td><\/tr><tr><td>1. \u00d3RA<\/td><td>7:45<\/td><td>8:30<\/td><\/tr><tr><td>2. \u00d3RA<\/td><td>8:40<\/td><td>9:25<\/td><\/tr><tr><td>3. \u00d3RA<\/td><td>9:35<\/td><td>10:20<\/td><\/tr><tr><td>4. \u00d3RA<\/td><td>10:30<\/td><td>11:15<\/td><\/tr><tr><td>5. \u00d3RA<\/td><td>11:25<\/td><td>12:10<\/td><\/tr><tr><td>6. \u00d3RA<\/td><td>12:30<\/td><td>13:15<\/td><\/tr><tr><td>7. \u00d3RA<\/td><td>13:25<\/td><td>14:10<\/td><\/tr><tr><td>8. \u00d3RA<\/td><td>14:15<\/td><td>15:00<\/td><\/tr><\/tbody><\/table><\/figure>\n<\/div>\n\n\n\n<p><\/p>\n","protected":false},"excerpt":{"rendered":"<p>Az iskol\u00e1ban portaszolg\u00e1lat h\u00e9tf\u0151t\u0151l-cs\u00fct\u00f6rt\u00f6kig 6:30-20:00 \u00f3r\u00e1ig, p\u00e9nteken 6:30-18:00-ig van. Irodai \u00fcgyint\u00e9z\u00e9s h\u00e9tf\u0151t\u0151l- cs\u00fct\u00f6rt\u00f6kig 7:00- 16:00-ig, p\u00e9nteken 7:00-13:30 \u00f3r\u00e1ig van. CSENGET\u00c9SI REND 1. \u00d3RA 7:45 8:30 2. \u00d3RA 8:40 9:25 3. \u00d3RA 9:35 10:20 4. \u00d3RA 10:30 11:15 5. \u00d3RA 11:25 12:10 6. \u00d3RA 12:30 13:15 7. \u00d3RA 13:25 14:10 8. \u00d3RA 14:15 15:00<\/p>\n","protected":false},"author":10,"featured_media":0,"parent":0,"menu_order":0,"comment_status":"closed","ping_status":"closed","template":"","meta":{"footnotes":""},"_links":{"self":[{"href":"https:\/\/www.vasutca.hu\/index.php?rest_route=\/wp\/v2\/pages\/3636"}],"collection":[{"href":"https:\/\/www.vasutca.hu\/index.php?rest_route=\/wp\/v2\/pages"}],"about":[{"href":"https:\/\/www.vasutca.hu\/index.php?rest_route=\/wp\/v2\/types\/page"}],"author":[{"embeddable":true,"href":"https:\/\/www.vasutca.hu\/index.php?rest_route=\/wp\/v2\/users\/10"}],"replies":[{"embeddable":true,"href":"https:\/\/www.vasutca.hu\/index.php?rest_route=%2Fwp%2Fv2%2Fcomments&post=3636"}],"version-history":[{"count":1,"href":"https:\/\/www.vasutca.hu\/index.php?rest_route=\/wp\/v2\/pages\/3636\/revisions"}],"predecessor-version":[{"id":3637,"href":"https:\/\/www.vasutca.hu\/index.php?rest_route=\/wp\/v2\/pages\/3636\/revisions\/3637"}],"wp:attachment":[{"href":"https:\/\/www.vasutca.hu\/index.php?rest_route=%2Fwp%2Fv2%2Fmedia&parent=3636"}],"curies":[{"name":"wp","href":"https:\/\/api.w.org\/{rel}","templated":true}]}}