{"id":3630,"date":"2025-04-30T09:23:39","date_gmt":"2025-04-30T08:23:39","guid":{"rendered":"https:\/\/www.vasutca.hu\/?page_id=3630"},"modified":"2025-04-30T09:23:39","modified_gmt":"2025-04-30T08:23:39","slug":"tanulmanyok-alatti-vizsgak","status":"publish","type":"page","link":"https:\/\/www.vasutca.hu\/?page_id=3630","title":{"rendered":"Tanulm\u00e1nyok alatti vizsg\u00e1k"},"content":{"rendered":"\n<p>K\u00fcl\u00f6nb\u00f6zeti \u00e9s oszt\u00e1lyoz\u00f3 vizsg\u00e1k a v\u00e9gz\u0151s \u00e9vfolyamon minden \u00e9v \u00e1prilis 21-ig, nem v\u00e9gz\u0151s \u00e9vfolyamon j\u00fanius 8-ig van lehet\u0151s\u00e9ge a di\u00e1koknak. <\/p>\n\n\n\n<p>Az vizsg\u00e1k k\u00f6vetelm\u00e9nyeit, t\u00e9mak\u00f6reit mindig az aktu\u00e1lis szaktan\u00e1rt\u00f3l a vizsga pontos d\u00e1tuma el\u0151tt legal\u00e1bb 1 h\u00f3nappal kor\u00e1bb megkapja.<\/p>\n\n\n\n<p>B\u0151vebb szab\u00e1lyoz\u00e1st az iskolai szakmai programja tartalmazza.<\/p>\n","protected":false},"excerpt":{"rendered":"<p>K\u00fcl\u00f6nb\u00f6zeti \u00e9s oszt\u00e1lyoz\u00f3 vizsg\u00e1k a v\u00e9gz\u0151s \u00e9vfolyamon minden \u00e9v \u00e1prilis 21-ig, nem v\u00e9gz\u0151s \u00e9vfolyamon j\u00fanius 8-ig van lehet\u0151s\u00e9ge a di\u00e1koknak. Az vizsg\u00e1k k\u00f6vetelm\u00e9nyeit, t\u00e9mak\u00f6reit mindig az aktu\u00e1lis szaktan\u00e1rt\u00f3l a vizsga pontos d\u00e1tuma el\u0151tt legal\u00e1bb 1 h\u00f3nappal kor\u00e1bb megkapja. B\u0151vebb szab\u00e1lyoz\u00e1st az iskolai szakmai programja tartalmazza.<\/p>\n","protected":false},"author":10,"featured_media":0,"parent":0,"menu_order":0,"comment_status":"closed","ping_status":"closed","template":"","meta":{"footnotes":""},"_links":{"self":[{"href":"https:\/\/www.vasutca.hu\/index.php?rest_route=\/wp\/v2\/pages\/3630"}],"collection":[{"href":"https:\/\/www.vasutca.hu\/index.php?rest_route=\/wp\/v2\/pages"}],"about":[{"href":"https:\/\/www.vasutca.hu\/index.php?rest_route=\/wp\/v2\/types\/page"}],"author":[{"embeddable":true,"href":"https:\/\/www.vasutca.hu\/index.php?rest_route=\/wp\/v2\/users\/10"}],"replies":[{"embeddable":true,"href":"https:\/\/www.vasutca.hu\/index.php?rest_route=%2Fwp%2Fv2%2Fcomments&post=3630"}],"version-history":[{"count":1,"href":"https:\/\/www.vasutca.hu\/index.php?rest_route=\/wp\/v2\/pages\/3630\/revisions"}],"predecessor-version":[{"id":3631,"href":"https:\/\/www.vasutca.hu\/index.php?rest_route=\/wp\/v2\/pages\/3630\/revisions\/3631"}],"wp:attachment":[{"href":"https:\/\/www.vasutca.hu\/index.php?rest_route=%2Fwp%2Fv2%2Fmedia&parent=3630"}],"curies":[{"name":"wp","href":"https:\/\/api.w.org\/{rel}","templated":true}]}}