{"id":3617,"date":"2025-04-30T09:09:21","date_gmt":"2025-04-30T08:09:21","guid":{"rendered":"https:\/\/www.vasutca.hu\/?page_id=3617"},"modified":"2025-04-30T09:09:21","modified_gmt":"2025-04-30T08:09:21","slug":"etkezesi-lehetoseg","status":"publish","type":"page","link":"https:\/\/www.vasutca.hu\/?page_id=3617","title":{"rendered":"\u00c9tkez\u00e9si lehet\u0151s\u00e9g"},"content":{"rendered":"\n<p>Az iskola k\u00f6z\u00e9tkeztet\u00e9s lehet\u0151s\u00e9get biztos\u00edt a di\u00e1kok sz\u00e1mara.<\/p>\n\n\n\n<p>Az al\u00e1bbi t\u00e1j\u00e9koztat\u00f3kban megtal\u00e1lnak minden inform\u00e1ci\u00f3t \u00e9s hogyan kinek lehet kedvezm\u00e9nyt k\u00e9rnie.<\/p>\n\n\n\n<p>Azok a di\u00e1kok akik nem szeretn\u00e9k ig\u00e9nybe venni a k\u00f6z\u00e9tkeztet\u00e9st minden emeleten mikrohull\u00e1m\u00fa s\u00fct\u0151t biztos\u00edtunk a hozott eb\u00e9dj\u00fck megmeleg\u00edt\u00e9s\u00e9re.<\/p>\n\n\n\n<p> <\/p>\n\n\n\n<div class=\"wp-block-file\"><a id=\"wp-block-file--media-f3646031-4754-4c29-9c27-aea3a65dc5b2\" href=\"https:\/\/www.vasutca.hu\/wp-content\/uploads\/2025\/04\/Szuloi-tajekoztato-level_2025_2026.pdf\">Szuloi-tajekoztato-level_2025_2026<\/a><a href=\"https:\/\/www.vasutca.hu\/wp-content\/uploads\/2025\/04\/Szuloi-tajekoztato-level_2025_2026.pdf\" class=\"wp-block-file__button wp-element-button\" download aria-describedby=\"wp-block-file--media-f3646031-4754-4c29-9c27-aea3a65dc5b2\">Download<\/a><\/div>\n\n\n\n<div class=\"wp-block-file\"><a id=\"wp-block-file--media-0d317452-4303-4dc0-947a-5798465eb682\" href=\"https:\/\/www.vasutca.hu\/wp-content\/uploads\/2025\/04\/Altalanos-tajekoztatas-etkezes-igenybevetelerol_2025_2026.pdf\">Altalanos-tajekoztatas-etkezes-igenybevetelerol_2025_2026<\/a><a href=\"https:\/\/www.vasutca.hu\/wp-content\/uploads\/2025\/04\/Altalanos-tajekoztatas-etkezes-igenybevetelerol_2025_2026.pdf\" class=\"wp-block-file__button wp-element-button\" download aria-describedby=\"wp-block-file--media-0d317452-4303-4dc0-947a-5798465eb682\">Download<\/a><\/div>\n\n\n\n<div class=\"wp-block-file\"><a id=\"wp-block-file--media-772388ca-0c07-424c-8725-a03548956a58\" href=\"https:\/\/www.vasutca.hu\/wp-content\/uploads\/2025\/04\/Kedvezmenyes-etkezessel-kapcsolatos-tajekoztato__2025_2026.pdf\">Kedvezmenyes-etkezessel-kapcsolatos-tajekoztato__2025_2026<\/a><a href=\"https:\/\/www.vasutca.hu\/wp-content\/uploads\/2025\/04\/Kedvezmenyes-etkezessel-kapcsolatos-tajekoztato__2025_2026.pdf\" class=\"wp-block-file__button wp-element-button\" download aria-describedby=\"wp-block-file--media-772388ca-0c07-424c-8725-a03548956a58\">Download<\/a><\/div>\n\n\n\n<div class=\"wp-block-file\"><a id=\"wp-block-file--media-0109023d-d422-401b-8a58-777d16c4b6f9\" href=\"https:\/\/www.vasutca.hu\/wp-content\/uploads\/2025\/04\/ESZGSZ-IGENYLOLAP-2025_2026.pdf\">ESZGSZ-IGENYLOLAP-2025_2026<\/a><a href=\"https:\/\/www.vasutca.hu\/wp-content\/uploads\/2025\/04\/ESZGSZ-IGENYLOLAP-2025_2026.pdf\" class=\"wp-block-file__button wp-element-button\" download aria-describedby=\"wp-block-file--media-0109023d-d422-401b-8a58-777d16c4b6f9\">Download<\/a><\/div>\n\n\n\n<div class=\"wp-block-file\"><a id=\"wp-block-file--media-d52e1be3-b3cd-4b6b-9f36-ae0d257663ac\" href=\"https:\/\/www.vasutca.hu\/wp-content\/uploads\/2025\/04\/DIETAS-etkezes_igenylolap_2025_2026.pdf\">DIETAS-etkezes_igenylolap_2025_2026<\/a><a href=\"https:\/\/www.vasutca.hu\/wp-content\/uploads\/2025\/04\/DIETAS-etkezes_igenylolap_2025_2026.pdf\" class=\"wp-block-file__button wp-element-button\" download aria-describedby=\"wp-block-file--media-d52e1be3-b3cd-4b6b-9f36-ae0d257663ac\">Download<\/a><\/div>\n\n\n\n<div class=\"wp-block-file\"><a id=\"wp-block-file--media-e34fc714-1a24-4506-8bc9-54ab48561907\" href=\"https:\/\/www.vasutca.hu\/wp-content\/uploads\/2025\/04\/8.sz_.melleklet.pdf\">8.sz_.melleklet<\/a><a href=\"https:\/\/www.vasutca.hu\/wp-content\/uploads\/2025\/04\/8.sz_.melleklet.pdf\" class=\"wp-block-file__button wp-element-button\" download aria-describedby=\"wp-block-file--media-e34fc714-1a24-4506-8bc9-54ab48561907\">Download<\/a><\/div>\n\n\n\n<div class=\"wp-block-file\"><a id=\"wp-block-file--media-267bf7c2-0970-492e-a9ce-20c96bae27d1\" href=\"https:\/\/www.vasutca.hu\/wp-content\/uploads\/2025\/04\/9.-sz.-melleklet.pdf\">9.-sz.-melleklet<\/a><a href=\"https:\/\/www.vasutca.hu\/wp-content\/uploads\/2025\/04\/9.-sz.-melleklet.pdf\" class=\"wp-block-file__button wp-element-button\" download aria-describedby=\"wp-block-file--media-267bf7c2-0970-492e-a9ce-20c96bae27d1\">Download<\/a><\/div>\n","protected":false},"excerpt":{"rendered":"<p>Az iskola k\u00f6z\u00e9tkeztet\u00e9s lehet\u0151s\u00e9get biztos\u00edt a di\u00e1kok sz\u00e1mara. Az al\u00e1bbi t\u00e1j\u00e9koztat\u00f3kban megtal\u00e1lnak minden inform\u00e1ci\u00f3t \u00e9s hogyan kinek lehet kedvezm\u00e9nyt k\u00e9rnie. Azok a di\u00e1kok akik nem szeretn\u00e9k ig\u00e9nybe venni a k\u00f6z\u00e9tkeztet\u00e9st minden emeleten mikrohull\u00e1m\u00fa s\u00fct\u0151t biztos\u00edtunk a hozott eb\u00e9dj\u00fck megmeleg\u00edt\u00e9s\u00e9re.<\/p>\n","protected":false},"author":10,"featured_media":0,"parent":0,"menu_order":0,"comment_status":"closed","ping_status":"closed","template":"","meta":{"footnotes":""},"_links":{"self":[{"href":"https:\/\/www.vasutca.hu\/index.php?rest_route=\/wp\/v2\/pages\/3617"}],"collection":[{"href":"https:\/\/www.vasutca.hu\/index.php?rest_route=\/wp\/v2\/pages"}],"about":[{"href":"https:\/\/www.vasutca.hu\/index.php?rest_route=\/wp\/v2\/types\/page"}],"author":[{"embeddable":true,"href":"https:\/\/www.vasutca.hu\/index.php?rest_route=\/wp\/v2\/users\/10"}],"replies":[{"embeddable":true,"href":"https:\/\/www.vasutca.hu\/index.php?rest_route=%2Fwp%2Fv2%2Fcomments&post=3617"}],"version-history":[{"count":1,"href":"https:\/\/www.vasutca.hu\/index.php?rest_route=\/wp\/v2\/pages\/3617\/revisions"}],"predecessor-version":[{"id":3625,"href":"https:\/\/www.vasutca.hu\/index.php?rest_route=\/wp\/v2\/pages\/3617\/revisions\/3625"}],"wp:attachment":[{"href":"https:\/\/www.vasutca.hu\/index.php?rest_route=%2Fwp%2Fv2%2Fmedia&parent=3617"}],"curies":[{"name":"wp","href":"https:\/\/api.w.org\/{rel}","templated":true}]}}