{"id":3609,"date":"2025-04-30T08:06:22","date_gmt":"2025-04-30T07:06:22","guid":{"rendered":"https:\/\/www.vasutca.hu\/?page_id=3609"},"modified":"2025-04-30T08:29:19","modified_gmt":"2025-04-30T07:29:19","slug":"kulonos-kozzeteteli-lista","status":"publish","type":"page","link":"https:\/\/www.vasutca.hu\/?page_id=3609","title":{"rendered":"K\u00fcl\u00f6n\u00f6s k\u00f6zz\u00e9t\u00e9teli lista"},"content":{"rendered":"\n<div class=\"wp-block-file\"><a id=\"wp-block-file--media-bf9a23ca-73c7-4733-9216-fb0e4171766a\" href=\"https:\/\/www.vasutca.hu\/wp-content\/uploads\/2025\/04\/lemorzsolodasi-adatok.pdf\">lemorzsolodasi-adatok<\/a><a href=\"https:\/\/www.vasutca.hu\/wp-content\/uploads\/2025\/04\/lemorzsolodasi-adatok.pdf\" class=\"wp-block-file__button wp-element-button\" download aria-describedby=\"wp-block-file--media-bf9a23ca-73c7-4733-9216-fb0e4171766a\">Download<\/a><\/div>\n\n\n\n<div class=\"wp-block-file\"><a id=\"wp-block-file--media-715acce4-38fc-4b1b-a664-a8905093d72d\" href=\"http:\/\/www.vasutca.hu\/wp-content\/uploads\/2025\/04\/oktatok-vegzettsege.pdf\">oktatok-vegzettsege<\/a><a href=\"http:\/\/www.vasutca.hu\/wp-content\/uploads\/2025\/04\/oktatok-vegzettsege.pdf\" class=\"wp-block-file__button wp-element-button\" download aria-describedby=\"wp-block-file--media-715acce4-38fc-4b1b-a664-a8905093d72d\">Download<\/a><\/div>\n\n\n\n<div class=\"wp-block-file\"><a id=\"wp-block-file--media-1d7b3647-6c89-4482-bc4f-8ee0fbbdf5d4\" href=\"https:\/\/www.vasutca.hu\/wp-content\/uploads\/2025\/04\/Erettsegi-eredmenyek.pdf\">Erettsegi-eredmenyek<\/a><a href=\"https:\/\/www.vasutca.hu\/wp-content\/uploads\/2025\/04\/Erettsegi-eredmenyek.pdf\" class=\"wp-block-file__button wp-element-button\" download aria-describedby=\"wp-block-file--media-1d7b3647-6c89-4482-bc4f-8ee0fbbdf5d4\">Download<\/a><\/div>\n","protected":false},"excerpt":{"rendered":"","protected":false},"author":10,"featured_media":0,"parent":0,"menu_order":0,"comment_status":"closed","ping_status":"closed","template":"","meta":{"footnotes":""},"_links":{"self":[{"href":"https:\/\/www.vasutca.hu\/index.php?rest_route=\/wp\/v2\/pages\/3609"}],"collection":[{"href":"https:\/\/www.vasutca.hu\/index.php?rest_route=\/wp\/v2\/pages"}],"about":[{"href":"https:\/\/www.vasutca.hu\/index.php?rest_route=\/wp\/v2\/types\/page"}],"author":[{"embeddable":true,"href":"https:\/\/www.vasutca.hu\/index.php?rest_route=\/wp\/v2\/users\/10"}],"replies":[{"embeddable":true,"href":"https:\/\/www.vasutca.hu\/index.php?rest_route=%2Fwp%2Fv2%2Fcomments&post=3609"}],"version-history":[{"count":3,"href":"https:\/\/www.vasutca.hu\/index.php?rest_route=\/wp\/v2\/pages\/3609\/revisions"}],"predecessor-version":[{"id":3613,"href":"https:\/\/www.vasutca.hu\/index.php?rest_route=\/wp\/v2\/pages\/3609\/revisions\/3613"}],"wp:attachment":[{"href":"https:\/\/www.vasutca.hu\/index.php?rest_route=%2Fwp%2Fv2%2Fmedia&parent=3609"}],"curies":[{"name":"wp","href":"https:\/\/api.w.org\/{rel}","templated":true}]}}