{"id":35,"date":"2018-05-27T19:23:27","date_gmt":"2018-05-27T19:23:27","guid":{"rendered":"http:\/\/vasutca.rakdfel.hu\/?page_id=35"},"modified":"2024-09-07T21:51:22","modified_gmt":"2024-09-07T20:51:22","slug":"igazgatoi-koszonto","status":"publish","type":"page","link":"https:\/\/www.vasutca.hu\/?page_id=35","title":{"rendered":"Igazgat\u00f3i k\u00f6sz\u00f6nt\u0151"},"content":{"rendered":"\n<p>Kedves L\u00e1togat\u00f3!<\/p>\n\n\n\n<p>K\u00f6sz\u00f6nt\u00f6m \u00d6nt iskol\u00e1nk honlapj\u00e1n!<\/p>\n\n\n\n<p>Iskol\u00e1nk jelszavai: <\/p>\n\n\n\n<p>K\u00d6Z\u00d6SS\u00c9G &#8211; \u00c9LM\u00c9NY &#8211; TUD\u00c1S<\/p>\n\n\n\n<p>A kamasz \u00e9vek nagyon meghat\u00e1roz\u00f3k az \u00e9letben. T\u00f6bb kutat\u00e1s kimutatta &#8211; \u00e9s az \u00e9let igazolja -, hogy az \u00e9letre sz\u00f3l\u00f3 igaz bar\u00e1ts\u00e1gok d\u00f6nt\u0151 t\u00f6bbs\u00e9ge ezekben az \u00e9vekben sz\u00fcletik. A fiatalok nagyon \u00e9rdekl\u0151d\u0151k \u00e9s nyitottak ezekben az \u00e9vekben, \u00edgy nagyon fontos, hogy elfogad\u00f3, biztons\u00e1gos, \u00e9p\u00edt\u0151 \u00e9s megtart\u00f3 K\u00d6Z\u00d6SS\u00c9G legyen sz\u00e1mukra iskol\u00e1nk. Egy sz\u00e9chenyis di\u00e1k lehet egyed\u00fcl, de nem lehet mag\u00e1nyos&#8230;<\/p>\n\n\n\n<p>Az \u00e9let t\u00fal r\u00f6vid \u00e9s \u00e9rt\u00e9kes ahhoz, hogy \u00e9lm\u00e9nyek n\u00e9lk\u00fcl \u00e9lj\u00fck le. Az\u00e9rt dolgozunk, hogy di\u00e1kjaink sz\u00e1m\u00e1ra egy tan\u00edt\u00e1si nap is igazi \u00c9LM\u00c9NY lehessen. <\/p>\n\n\n\n<p>Di\u00e1kjaink j\u00f3l k\u00e9pzett szakemberekk\u00e9 v\u00e1lhatnak a kereskedelem vagy a turizmus ter\u00fclet\u00e9n, \u00edgy &#8211; d\u00f6nt\u00e9s\u00fck alapj\u00e1n &#8211; vagy a fels\u0151oktat\u00e1sban b\u0151v\u00edtik, vagy a munkaer\u0151piacon kamatoztatj\u00e1k majd tud\u00e1sukat. Egy biztos, a TUD\u00c1S v\u00e1rja \u0151ket iskol\u00e1nkban, csak be kell fogadniuk!<\/p>\n\n\n\n<p>&#8220;<em>A j\u00f3l elrendelt munka minden gyarapod\u00e1s talpk\u00f6ve<\/em>.&#8221; Sz\u00e9chenyi Istv\u00e1n<\/p>\n\n\n\n<p>Tisztelettel:<\/p>\n\n\n\n<p>Pfeiffer Tam\u00e1s Istv\u00e1n, igazgat\u00f3<\/p>\n\n\n\n<p>.<\/p>\n\n\n\n<ul>\n<li><\/li>\n<\/ul>\n\n\n\n<p><\/p>\n","protected":false},"excerpt":{"rendered":"<p>Kedves L\u00e1togat\u00f3! K\u00f6sz\u00f6nt\u00f6m \u00d6nt iskol\u00e1nk honlapj\u00e1n! Iskol\u00e1nk jelszavai: K\u00d6Z\u00d6SS\u00c9G &#8211; \u00c9LM\u00c9NY &#8211; TUD\u00c1S A kamasz \u00e9vek nagyon meghat\u00e1roz\u00f3k az \u00e9letben. T\u00f6bb kutat\u00e1s kimutatta &#8211; \u00e9s az \u00e9let igazolja -, hogy az \u00e9letre sz\u00f3l\u00f3 igaz bar\u00e1ts\u00e1gok d\u00f6nt\u0151 t\u00f6bbs\u00e9ge ezekben az \u00e9vekben sz\u00fcletik. A fiatalok nagyon \u00e9rdekl\u0151d\u0151k \u00e9s nyitottak ezekben az \u00e9vekben, \u00edgy nagyon fontos, hogy elfogad\u00f3, &hellip; <\/p>\n<p class=\"link-more\"><a href=\"https:\/\/www.vasutca.hu\/?page_id=35\" class=\"more-link\"><span class=\"screen-reader-text\">&#8220;Igazgat\u00f3i k\u00f6sz\u00f6nt\u0151&#8221;<\/span> b\u0151vebben<\/a><\/p>\n","protected":false},"author":4,"featured_media":0,"parent":33,"menu_order":1,"comment_status":"closed","ping_status":"closed","template":"","meta":{"footnotes":""},"_links":{"self":[{"href":"https:\/\/www.vasutca.hu\/index.php?rest_route=\/wp\/v2\/pages\/35"}],"collection":[{"href":"https:\/\/www.vasutca.hu\/index.php?rest_route=\/wp\/v2\/pages"}],"about":[{"href":"https:\/\/www.vasutca.hu\/index.php?rest_route=\/wp\/v2\/types\/page"}],"author":[{"embeddable":true,"href":"https:\/\/www.vasutca.hu\/index.php?rest_route=\/wp\/v2\/users\/4"}],"replies":[{"embeddable":true,"href":"https:\/\/www.vasutca.hu\/index.php?rest_route=%2Fwp%2Fv2%2Fcomments&post=35"}],"version-history":[{"count":6,"href":"https:\/\/www.vasutca.hu\/index.php?rest_route=\/wp\/v2\/pages\/35\/revisions"}],"predecessor-version":[{"id":3254,"href":"https:\/\/www.vasutca.hu\/index.php?rest_route=\/wp\/v2\/pages\/35\/revisions\/3254"}],"up":[{"embeddable":true,"href":"https:\/\/www.vasutca.hu\/index.php?rest_route=\/wp\/v2\/pages\/33"}],"wp:attachment":[{"href":"https:\/\/www.vasutca.hu\/index.php?rest_route=%2Fwp%2Fv2%2Fmedia&parent=35"}],"curies":[{"name":"wp","href":"https:\/\/api.w.org\/{rel}","templated":true}]}}