{"id":33,"date":"2018-05-27T19:22:49","date_gmt":"2018-05-27T19:22:49","guid":{"rendered":"http:\/\/vasutca.rakdfel.hu\/?page_id=33"},"modified":"2024-03-07T14:51:25","modified_gmt":"2024-03-07T13:51:25","slug":"iskolankrol","status":"publish","type":"page","link":"https:\/\/www.vasutca.hu\/?page_id=33","title":{"rendered":"Iskol\u00e1nkr\u00f3l"},"content":{"rendered":"\n<h2 class=\"wp-block-heading\">K\u00f6zz\u00e9t\u00e9teli lista<\/h2>\n\n\n\n<div class=\"wp-block-file\"><a id=\"wp-block-file--media-17c2a98d-ea43-4eb4-acc5-58c6ef1c6801\" href=\"https:\/\/www.vasutca.hu\/wp-content\/uploads\/2024\/03\/Szakmai-program-5.pdf\">Szakmai-program<\/a><a href=\"https:\/\/www.vasutca.hu\/wp-content\/uploads\/2024\/03\/Szakmai-program-5.pdf\" class=\"wp-block-file__button wp-element-button\" download aria-describedby=\"wp-block-file--media-17c2a98d-ea43-4eb4-acc5-58c6ef1c6801\">Download<\/a><\/div>\n\n\n\n<div class=\"wp-block-file\"><a id=\"wp-block-file--media-47a9d3b4-484d-4b21-a3b9-5d691e54d1ac\" href=\"https:\/\/www.vasutca.hu\/?attachment_id=3043\">Hazirend<\/a><a href=\"https:\/\/www.vasutca.hu\/wp-content\/uploads\/2024\/03\/Hazirend.pdf\" class=\"wp-block-file__button wp-element-button\" download aria-describedby=\"wp-block-file--media-47a9d3b4-484d-4b21-a3b9-5d691e54d1ac\">Download<\/a><\/div>\n\n\n\n<div class=\"wp-block-file\"><a id=\"wp-block-file--media-1d0a23bd-2561-4b55-830e-8a74d3f6e233\" href=\"https:\/\/www.vasutca.hu\/?attachment_id=3044\">Munkaterv-2023_2024<\/a><a href=\"https:\/\/www.vasutca.hu\/wp-content\/uploads\/2024\/03\/Munkaterv-2023_2024.pdf\" class=\"wp-block-file__button wp-element-button\" download aria-describedby=\"wp-block-file--media-1d0a23bd-2561-4b55-830e-8a74d3f6e233\">Download<\/a><\/div>\n","protected":false},"excerpt":{"rendered":"<p>K\u00f6zz\u00e9t\u00e9teli lista<\/p>\n","protected":false},"author":4,"featured_media":0,"parent":0,"menu_order":0,"comment_status":"closed","ping_status":"closed","template":"","meta":{"footnotes":""},"_links":{"self":[{"href":"https:\/\/www.vasutca.hu\/index.php?rest_route=\/wp\/v2\/pages\/33"}],"collection":[{"href":"https:\/\/www.vasutca.hu\/index.php?rest_route=\/wp\/v2\/pages"}],"about":[{"href":"https:\/\/www.vasutca.hu\/index.php?rest_route=\/wp\/v2\/types\/page"}],"author":[{"embeddable":true,"href":"https:\/\/www.vasutca.hu\/index.php?rest_route=\/wp\/v2\/users\/4"}],"replies":[{"embeddable":true,"href":"https:\/\/www.vasutca.hu\/index.php?rest_route=%2Fwp%2Fv2%2Fcomments&post=33"}],"version-history":[{"count":3,"href":"https:\/\/www.vasutca.hu\/index.php?rest_route=\/wp\/v2\/pages\/33\/revisions"}],"predecessor-version":[{"id":3045,"href":"https:\/\/www.vasutca.hu\/index.php?rest_route=\/wp\/v2\/pages\/33\/revisions\/3045"}],"wp:attachment":[{"href":"https:\/\/www.vasutca.hu\/index.php?rest_route=%2Fwp%2Fv2%2Fmedia&parent=33"}],"curies":[{"name":"wp","href":"https:\/\/api.w.org\/{rel}","templated":true}]}}