{"id":3264,"date":"2024-09-16T09:36:05","date_gmt":"2024-09-16T08:36:05","guid":{"rendered":"https:\/\/www.vasutca.hu\/?page_id=3264"},"modified":"2026-02-02T11:53:37","modified_gmt":"2026-02-02T10:53:37","slug":"iskolapszichologus","status":"publish","type":"page","link":"https:\/\/www.vasutca.hu\/?page_id=3264","title":{"rendered":"Iskolapszichol\u00f3gus"},"content":{"rendered":"\n<figure class=\"wp-block-image size-full\"><img loading=\"lazy\" decoding=\"async\" width=\"640\" height=\"457\" src=\"https:\/\/www.vasutca.hu\/wp-content\/uploads\/2025\/10\/heart-7168781_640.webp\" alt=\"\" class=\"wp-image-3824\" srcset=\"https:\/\/www.vasutca.hu\/wp-content\/uploads\/2025\/10\/heart-7168781_640.webp 640w, https:\/\/www.vasutca.hu\/wp-content\/uploads\/2025\/10\/heart-7168781_640-300x214.webp 300w\" sizes=\"(max-width: 640px) 100vw, 640px\" \/><\/figure>\n\n\n\n<p>Kedves Di\u00e1kunk!<\/p>\n\n\n\n<p>Minden embernek vannak jobb \u00e9s rosszabb napjai, id\u0151szakai, hangulatingadoz\u00e1sai vagy szorong\u00f3 pillanatai. Ez term\u00e9szetes.<\/p>\n\n\n\n<p>Azonban az nem term\u00e9szetesen, ha alapvet\u0151en rossz kedved van, ut\u00e1lod a sulit, az embereket vagy magadat, ha c\u00e9ltalannak, kil\u00e1t\u00e1stalannak l\u00e1tod a j\u00f6v\u0151det, ha rendszeresen nem tudsz aludni, vagy \u00e9ppen az alv\u00e1son k\u00edv\u00fcl nem is csin\u00e1ln\u00e1l m\u00e1st, ha t\u00f6nkretett a szerelem vagy a bar\u00e1taid. Ami nem term\u00e9szetes, az nem is fogadhat\u00f3 el.<\/p>\n\n\n\n<p>Ilyenkor sem vagy rossz, nem Veled van a baj, \u00fagyhogy fogadd el a seg\u00edts\u00e9get! A tan\u00e1raid, oszt\u00e1lyf\u0151n\u00f6k\u00f6d mellett Dorci is sz\u00edvesen seg\u00edt!<\/p>\n\n\n\n<p>\u00cdrj neki vagy ugorj be hozz\u00e1 az els\u0151 emeleten a titk\u00e1rs\u00e1g m\u00f6g\u00f6tti szob\u00e1j\u00e1ba!<\/p>\n\n\n\n<p><\/p>\n\n\n\n<p>\u00dcdv\u00f6zlettel:<\/p>\n\n\n\n<p>Pfeiffer Tam\u00e1s<\/p>\n\n\n\n<p><\/p>\n","protected":false},"excerpt":{"rendered":"<p>Kedves Di\u00e1kunk! Minden embernek vannak jobb \u00e9s rosszabb napjai, id\u0151szakai, hangulatingadoz\u00e1sai vagy szorong\u00f3 pillanatai. Ez term\u00e9szetes. Azonban az nem term\u00e9szetesen, ha alapvet\u0151en rossz kedved van, ut\u00e1lod a sulit, az embereket vagy magadat, ha c\u00e9ltalannak, kil\u00e1t\u00e1stalannak l\u00e1tod a j\u00f6v\u0151det, ha rendszeresen nem tudsz aludni, vagy \u00e9ppen az alv\u00e1son k\u00edv\u00fcl nem is csin\u00e1ln\u00e1l m\u00e1st, ha t\u00f6nkretett a &hellip; <\/p>\n<p class=\"link-more\"><a href=\"https:\/\/www.vasutca.hu\/?page_id=3264\" class=\"more-link\"><span class=\"screen-reader-text\">&#8220;Iskolapszichol\u00f3gus&#8221;<\/span> b\u0151vebben<\/a><\/p>\n","protected":false},"author":4,"featured_media":0,"parent":0,"menu_order":0,"comment_status":"closed","ping_status":"closed","template":"","meta":{"footnotes":""},"_links":{"self":[{"href":"https:\/\/www.vasutca.hu\/index.php?rest_route=\/wp\/v2\/pages\/3264"}],"collection":[{"href":"https:\/\/www.vasutca.hu\/index.php?rest_route=\/wp\/v2\/pages"}],"about":[{"href":"https:\/\/www.vasutca.hu\/index.php?rest_route=\/wp\/v2\/types\/page"}],"author":[{"embeddable":true,"href":"https:\/\/www.vasutca.hu\/index.php?rest_route=\/wp\/v2\/users\/4"}],"replies":[{"embeddable":true,"href":"https:\/\/www.vasutca.hu\/index.php?rest_route=%2Fwp%2Fv2%2Fcomments&post=3264"}],"version-history":[{"count":5,"href":"https:\/\/www.vasutca.hu\/index.php?rest_route=\/wp\/v2\/pages\/3264\/revisions"}],"predecessor-version":[{"id":4032,"href":"https:\/\/www.vasutca.hu\/index.php?rest_route=\/wp\/v2\/pages\/3264\/revisions\/4032"}],"wp:attachment":[{"href":"https:\/\/www.vasutca.hu\/index.php?rest_route=%2Fwp%2Fv2%2Fmedia&parent=3264"}],"curies":[{"name":"wp","href":"https:\/\/api.w.org\/{rel}","templated":true}]}}