{"id":307,"date":"2018-11-08T12:57:11","date_gmt":"2018-11-08T11:57:11","guid":{"rendered":"http:\/\/www.vasutca.hu\/?page_id=307"},"modified":"2018-12-18T11:08:03","modified_gmt":"2018-12-18T10:08:03","slug":"egyeb-palyazatok","status":"publish","type":"page","link":"https:\/\/www.vasutca.hu\/?page_id=307","title":{"rendered":"Egy\u00e9b p\u00e1ly\u00e1zatok, oklevelek"},"content":{"rendered":"<p>Sikeres p\u00e1ly\u00e1zataink:<\/p>\n<ul>\n<li>Fogyaszt\u00f3i tudatoss\u00e1gra nevel\u0151 iskola<\/li>\n<\/ul>\n<p><a href=\"http:\/\/jozsefvaros.hu\/hir\/5125\/fogyasztoi-tudatossagra-is-nevel-a-szechenyi-szakgimnazium-\">http:\/\/jozsefvaros.hu\/hir\/5125\/fogyasztoi-tudatossagra-is-nevel-a-szechenyi-szakgimnazium-<\/a><\/p>\n<p><a href=\"http:\/\/www.vasutca.hu\/wp-content\/uploads\/2018\/11\/D\u00edj\u00e1tad\u00f3_fogyaszt\u00f3i-tudatoss\u00e1gra-nevel\u0151-iskola.pdf\">D\u00edj\u00e1tad\u00f3_fogyaszt\u00f3i tudatoss\u00e1gra nevel\u0151 iskola<\/a><\/p>\n<ul>\n<li>Euroguidance P\u00e1lyaorient\u00e1ci\u00f3s D\u00edj<\/li>\n<\/ul>\n<p><img loading=\"lazy\" decoding=\"async\" class=\"alignnone size-large wp-image-259\" src=\"http:\/\/195.199.225.11\/wp-content\/uploads\/2018\/11\/p%C3%A1lyaorint%C3%A1ci%C3%B3s-d%C3%ADj-724x1024.jpg\" sizes=\"(max-width: 525px) 100vw, 525px\" srcset=\"http:\/\/www.vasutca.hu\/wp-content\/uploads\/2018\/11\/p\u00e1lyaorint\u00e1ci\u00f3s-d\u00edj-724x1024.jpg 724w, http:\/\/www.vasutca.hu\/wp-content\/uploads\/2018\/11\/p\u00e1lyaorint\u00e1ci\u00f3s-d\u00edj-212x300.jpg 212w, http:\/\/www.vasutca.hu\/wp-content\/uploads\/2018\/11\/p\u00e1lyaorint\u00e1ci\u00f3s-d\u00edj-768x1086.jpg 768w, http:\/\/www.vasutca.hu\/wp-content\/uploads\/2018\/11\/p\u00e1lyaorint\u00e1ci\u00f3s-d\u00edj.jpg 1241w\" alt=\"\" width=\"525\" height=\"743\" \/><\/p>\n<p>Okleveleink partnereinkt\u0151l:<\/p>\n<p><img loading=\"lazy\" decoding=\"async\" class=\"alignnone size-large wp-image-413\" src=\"http:\/\/www.vasutca.hu\/wp-content\/uploads\/2018\/12\/B\u0151r\u0150r\u00f6k-1024x724.jpg\" alt=\"\" width=\"525\" height=\"371\" srcset=\"https:\/\/www.vasutca.hu\/wp-content\/uploads\/2018\/12\/B\u0151r\u0150r\u00f6k-1024x724.jpg 1024w, https:\/\/www.vasutca.hu\/wp-content\/uploads\/2018\/12\/B\u0151r\u0150r\u00f6k-300x212.jpg 300w, https:\/\/www.vasutca.hu\/wp-content\/uploads\/2018\/12\/B\u0151r\u0150r\u00f6k-768x543.jpg 768w, https:\/\/www.vasutca.hu\/wp-content\/uploads\/2018\/12\/B\u0151r\u0150r\u00f6k.jpg 1755w\" sizes=\"(max-width: 525px) 100vw, 525px\" \/><\/p>\n","protected":false},"excerpt":{"rendered":"<p>Sikeres p\u00e1ly\u00e1zataink: Fogyaszt\u00f3i tudatoss\u00e1gra nevel\u0151 iskola http:\/\/jozsefvaros.hu\/hir\/5125\/fogyasztoi-tudatossagra-is-nevel-a-szechenyi-szakgimnazium- D\u00edj\u00e1tad\u00f3_fogyaszt\u00f3i tudatoss\u00e1gra nevel\u0151 iskola Euroguidance P\u00e1lyaorient\u00e1ci\u00f3s D\u00edj Okleveleink partnereinkt\u0151l:<\/p>\n","protected":false},"author":4,"featured_media":0,"parent":0,"menu_order":0,"comment_status":"closed","ping_status":"closed","template":"","meta":{"footnotes":""},"_links":{"self":[{"href":"https:\/\/www.vasutca.hu\/index.php?rest_route=\/wp\/v2\/pages\/307"}],"collection":[{"href":"https:\/\/www.vasutca.hu\/index.php?rest_route=\/wp\/v2\/pages"}],"about":[{"href":"https:\/\/www.vasutca.hu\/index.php?rest_route=\/wp\/v2\/types\/page"}],"author":[{"embeddable":true,"href":"https:\/\/www.vasutca.hu\/index.php?rest_route=\/wp\/v2\/users\/4"}],"replies":[{"embeddable":true,"href":"https:\/\/www.vasutca.hu\/index.php?rest_route=%2Fwp%2Fv2%2Fcomments&post=307"}],"version-history":[{"count":6,"href":"https:\/\/www.vasutca.hu\/index.php?rest_route=\/wp\/v2\/pages\/307\/revisions"}],"predecessor-version":[{"id":416,"href":"https:\/\/www.vasutca.hu\/index.php?rest_route=\/wp\/v2\/pages\/307\/revisions\/416"}],"wp:attachment":[{"href":"https:\/\/www.vasutca.hu\/index.php?rest_route=%2Fwp%2Fv2%2Fmedia&parent=307"}],"curies":[{"name":"wp","href":"https:\/\/api.w.org\/{rel}","templated":true}]}}