{"id":2103,"date":"2021-10-13T13:29:51","date_gmt":"2021-10-13T12:29:51","guid":{"rendered":"http:\/\/www.vasutca.hu\/?page_id=2103"},"modified":"2021-10-13T13:30:17","modified_gmt":"2021-10-13T12:30:17","slug":"tanari-fogadoorak-2021-22-es-tanev","status":"publish","type":"page","link":"https:\/\/www.vasutca.hu\/?page_id=2103","title":{"rendered":"Tan\u00e1ri fogad\u00f3\u00f3r\u00e1k 2021\/22-es tan\u00e9v"},"content":{"rendered":"\n<p>A tan\u00e1ri fogad\u00f3\u00f3r\u00e1kra el\u0151zetes bejelentkez\u00e9s sz\u00fcks\u00e9ges az elektronikus napl\u00f3n e-\u00fcgyint\u00e9z\u00e9s fel\u00fclet\u00e9n.<\/p>\n\n\n\n<div class=\"wp-block-file\"><a href=\"http:\/\/www.vasutca.hu\/wp-content\/uploads\/2021\/10\/fogadoorak.xlsx\">fogad\u00f3\u00f3r\u00e1k<\/a><a href=\"http:\/\/www.vasutca.hu\/wp-content\/uploads\/2021\/10\/fogadoorak.xlsx\" class=\"wp-block-file__button\" download>Download<\/a><\/div>\n\n\n\n<p><\/p>\n","protected":false},"excerpt":{"rendered":"<p>A tan\u00e1ri fogad\u00f3\u00f3r\u00e1kra el\u0151zetes bejelentkez\u00e9s sz\u00fcks\u00e9ges az elektronikus napl\u00f3n e-\u00fcgyint\u00e9z\u00e9s fel\u00fclet\u00e9n.<\/p>\n","protected":false},"author":4,"featured_media":0,"parent":0,"menu_order":0,"comment_status":"closed","ping_status":"closed","template":"","meta":{"footnotes":""},"_links":{"self":[{"href":"https:\/\/www.vasutca.hu\/index.php?rest_route=\/wp\/v2\/pages\/2103"}],"collection":[{"href":"https:\/\/www.vasutca.hu\/index.php?rest_route=\/wp\/v2\/pages"}],"about":[{"href":"https:\/\/www.vasutca.hu\/index.php?rest_route=\/wp\/v2\/types\/page"}],"author":[{"embeddable":true,"href":"https:\/\/www.vasutca.hu\/index.php?rest_route=\/wp\/v2\/users\/4"}],"replies":[{"embeddable":true,"href":"https:\/\/www.vasutca.hu\/index.php?rest_route=%2Fwp%2Fv2%2Fcomments&post=2103"}],"version-history":[{"count":2,"href":"https:\/\/www.vasutca.hu\/index.php?rest_route=\/wp\/v2\/pages\/2103\/revisions"}],"predecessor-version":[{"id":2106,"href":"https:\/\/www.vasutca.hu\/index.php?rest_route=\/wp\/v2\/pages\/2103\/revisions\/2106"}],"wp:attachment":[{"href":"https:\/\/www.vasutca.hu\/index.php?rest_route=%2Fwp%2Fv2%2Fmedia&parent=2103"}],"curies":[{"name":"wp","href":"https:\/\/api.w.org\/{rel}","templated":true}]}}