{"id":1994,"date":"2021-06-14T10:58:47","date_gmt":"2021-06-14T09:58:47","guid":{"rendered":"http:\/\/www.vasutca.hu\/?page_id=1994"},"modified":"2021-06-14T10:58:47","modified_gmt":"2021-06-14T09:58:47","slug":"nyelvi-szintfelmero-uj-9-evfolyam-2021-szeptember-1","status":"publish","type":"page","link":"https:\/\/www.vasutca.hu\/?page_id=1994","title":{"rendered":"NYELVI SZINTFELM\u00c9R\u0150 &#8211;\u00a0\u00daJ 9. \u00c9VFOLYAM &#8211;\u00a02021. SZEPTEMBER 1."},"content":{"rendered":"\n<p>Tisztelt Sz\u00fcl\u0151k, kedves Di\u00e1kok!<\/p>\n\n\n\n<figure class=\"wp-block-image\"><img loading=\"lazy\" decoding=\"async\" width=\"1587\" height=\"2245\" src=\"http:\/\/www.vasutca.hu\/wp-content\/uploads\/2021\/06\/Plakat2.jpg\" alt=\"\" class=\"wp-image-1992\" srcset=\"https:\/\/www.vasutca.hu\/wp-content\/uploads\/2021\/06\/Plakat2.jpg 1587w, https:\/\/www.vasutca.hu\/wp-content\/uploads\/2021\/06\/Plakat2-212x300.jpg 212w, https:\/\/www.vasutca.hu\/wp-content\/uploads\/2021\/06\/Plakat2-724x1024.jpg 724w, https:\/\/www.vasutca.hu\/wp-content\/uploads\/2021\/06\/Plakat2-768x1086.jpg 768w, https:\/\/www.vasutca.hu\/wp-content\/uploads\/2021\/06\/Plakat2-1086x1536.jpg 1086w, https:\/\/www.vasutca.hu\/wp-content\/uploads\/2021\/06\/Plakat2-1448x2048.jpg 1448w\" sizes=\"(max-width: 767px) 89vw, (max-width: 1000px) 54vw, (max-width: 1071px) 543px, 580px\" \/><\/figure>\n\n\n\n<p>A nyelvi szintfelm\u00e9r\u0151ket nem j\u00faniusban tartjuk online form\u00e1ban, hanem jelenl\u00e9ttel szeptember 1-\u00e9n.<\/p>\n\n\n\n<p>A felm\u00e9r\u00e9sre nem sz\u00fcks\u00e9ges k\u00fcl\u00f6n k\u00e9sz\u00fclni\u00fck a di\u00e1koknak, hiszen az a c\u00e9lunk, hogy a tud\u00e1suknak megfelel\u0151 csoportban folytathass\u00e1k majd az idegen nyelv tanul\u00e1s\u00e1t. A teszt \u00e9s a besz\u00e9lget\u00e9s csak az els\u0151dleges nyelv m\u00e9r\u00e9s\u00e9re szolg\u00e1l.<\/p>\n\n\n\n<p>\u00dcdv\u00f6zlettel:<\/p>\n\n\n\n<p>Pfeiffer Tam\u00e1s Istv\u00e1n<\/p>\n\n\n\n<p>beiskolazas@vasutca.hu<\/p>\n","protected":false},"excerpt":{"rendered":"<p>Tisztelt Sz\u00fcl\u0151k, kedves Di\u00e1kok! A nyelvi szintfelm\u00e9r\u0151ket nem j\u00faniusban tartjuk online form\u00e1ban, hanem jelenl\u00e9ttel szeptember 1-\u00e9n. A felm\u00e9r\u00e9sre nem sz\u00fcks\u00e9ges k\u00fcl\u00f6n k\u00e9sz\u00fclni\u00fck a di\u00e1koknak, hiszen az a c\u00e9lunk, hogy a tud\u00e1suknak megfelel\u0151 csoportban folytathass\u00e1k majd az idegen nyelv tanul\u00e1s\u00e1t. A teszt \u00e9s a besz\u00e9lget\u00e9s csak az els\u0151dleges nyelv m\u00e9r\u00e9s\u00e9re szolg\u00e1l. \u00dcdv\u00f6zlettel: Pfeiffer Tam\u00e1s Istv\u00e1n beiskolazas@vasutca.hu<\/p>\n","protected":false},"author":5,"featured_media":0,"parent":0,"menu_order":0,"comment_status":"closed","ping_status":"closed","template":"","meta":{"footnotes":""},"_links":{"self":[{"href":"https:\/\/www.vasutca.hu\/index.php?rest_route=\/wp\/v2\/pages\/1994"}],"collection":[{"href":"https:\/\/www.vasutca.hu\/index.php?rest_route=\/wp\/v2\/pages"}],"about":[{"href":"https:\/\/www.vasutca.hu\/index.php?rest_route=\/wp\/v2\/types\/page"}],"author":[{"embeddable":true,"href":"https:\/\/www.vasutca.hu\/index.php?rest_route=\/wp\/v2\/users\/5"}],"replies":[{"embeddable":true,"href":"https:\/\/www.vasutca.hu\/index.php?rest_route=%2Fwp%2Fv2%2Fcomments&post=1994"}],"version-history":[{"count":1,"href":"https:\/\/www.vasutca.hu\/index.php?rest_route=\/wp\/v2\/pages\/1994\/revisions"}],"predecessor-version":[{"id":1995,"href":"https:\/\/www.vasutca.hu\/index.php?rest_route=\/wp\/v2\/pages\/1994\/revisions\/1995"}],"wp:attachment":[{"href":"https:\/\/www.vasutca.hu\/index.php?rest_route=%2Fwp%2Fv2%2Fmedia&parent=1994"}],"curies":[{"name":"wp","href":"https:\/\/api.w.org\/{rel}","templated":true}]}}