{"id":1863,"date":"2021-03-11T13:16:14","date_gmt":"2021-03-11T12:16:14","guid":{"rendered":"http:\/\/www.vasutca.hu\/?page_id=1863"},"modified":"2021-04-27T14:41:46","modified_gmt":"2021-04-27T13:41:46","slug":"2021-majus-junius","status":"publish","type":"page","link":"https:\/\/www.vasutca.hu\/?page_id=1863","title":{"rendered":"2021. m\u00e1jus-j\u00fanius"},"content":{"rendered":"<p><a href=\"http:\/\/www.vasutca.hu\/wp-content\/uploads\/2021\/04\/erettsegi_tajekoztato_tanulo_2021majus.pdf\">erettsegi_tajekoztato_tanulo_2021majus<\/a><\/p>\n<p>&nbsp;<\/p>\n<p><a href=\"http:\/\/www.vasutca.hu\/wp-content\/uploads\/2021\/04\/Tudnival\u00f3k-az-emelt-szint\u0171-\u00edr\u00e1sbeli-\u00e9retts\u00e9gi-vizsg\u00e1val-kapcsolatban-2021..pdf\">Tudnival\u00f3k az emelt szint\u0171 \u00edr\u00e1sbeli \u00e9retts\u00e9gi vizsg\u00e1val kapcsolatban 2021.<\/a><\/p>\n<p>&nbsp;<\/p>\n<p><strong>A 2021. \u00e9vi m\u00e1jus-j\u00faniusi vizsg\u00e1k id\u0151pontjai:<\/strong><\/p>\n<p><a href=\"https:\/\/www.oktatas.hu\/kozneveles\/erettsegi\/2021tavaszi_vizsgaidoszak\/2021tavasz_vizsgaidopontok\">https:\/\/www.oktatas.hu\/kozneveles\/erettsegi\/2021tavaszi_vizsgaidoszak\/2021tavasz_vizsgaidopontok<\/a><\/p>\n<p><strong>\u00cdr\u00e1sbeli vizsg\u00e1k:<\/strong><\/p>\n<p>2021. m\u00e1jus 3. &#8211; 9:00 &#8211; magyar nyelv \u00e9s irodalom, magyar mint idegen nyelv<\/p>\n<p>2021. m\u00e1jus 4. &#8211; 9:00 &#8211; matematika<\/p>\n<p>2021. m\u00e1jus 5. &#8211; 9:00 &#8211; t\u00f6rt\u00e9nelem<\/p>\n<p>2021. m\u00e1jus 6. &#8211; 9:00 &#8211; angol nyelv<\/p>\n<p>2021. m\u00e1jus 7. &#8211; 9:00 &#8211; n\u00e9met nyelv<\/p>\n<p>2021. m\u00e1jus 11. &#8211; 14:00 &#8211; f\u00f6ldrajz<\/p>\n<p>2021. m\u00e1jus 12. &#8211; 8:00 &#8211; kereskedelmi ismeretek, turisztikai ismeretek<\/p>\n<p>2021. m\u00e1jus 14. &#8211; 8:00 &#8211; informatika<\/p>\n<p>A k\u00f6z\u00e9pszint\u0171 \u00edr\u00e1sbeli vizsga iskol\u00e1nkban lesz, az emelt szint\u0171 vizsga helysz\u00edn\u00e9r\u0151l a vizsg\u00e1z\u00f3t postai \u00faton \u00e9rtes\u00edtik.<\/p>\n<p><strong>K\u00f6z\u00e9pszint\u0171 sz\u00f3beli vizsg\u00e1k <em>tervezett<\/em> id\u0151pontja:<\/strong><\/p>\n<p>12.A oszt\u00e1ly &#8211; 2021. j\u00fanius 14-15.<\/p>\n<p>12.B oszt\u00e1ly &#8211; 2021. j\u00fanius 21-22-23.<\/p>\n<p>12.D oszt\u00e1ly &#8211; 2021. j\u00fanius 22-23-24.<\/p>\n<p><strong>Sz\u00f3beli t\u00e9mak\u00f6r\u00f6k 12.A.,12.B.,12.D. oszt\u00e1lyok sz\u00e1m\u00e1ra<\/strong><\/p>\n<p><a href=\"http:\/\/www.vasutca.hu\/wp-content\/uploads\/2021\/03\/2021.-tavasz-\u00e9retts\u00e9gi-t\u00e9mak\u00f6r\u00f6k-honlapra.docx\">2021.-tavasz-\u00e9retts\u00e9gi-t\u00e9mak\u00f6r\u00f6k-honlapra<\/a><\/p>\n<p><strong>Emelt szint\u0171 sz\u00f3beli vizsg\u00e1k id\u0151pontja:<\/strong><\/p>\n<p>2021. j\u00fanius 3-10. (postai \u00faton \u00e9rtes\u00edt\u00e9s)<\/p>\n<p><strong>A 2021. \u00e9vi m\u00e1jus-j\u00faniusi \u00e9retts\u00e9gi vizsg\u00e1k nyilv\u00e1noss\u00e1gra hozott anyagai<\/strong><\/p>\n<p><a href=\"https:\/\/www.oktatas.hu\/kozneveles\/erettsegi\/2021tavaszi_vizsgaidoszak\/2021tavasz_nyilvanos_anyagok_listaja\">https:\/\/www.oktatas.hu\/kozneveles\/erettsegi\/2021tavaszi_vizsgaidoszak\/2021tavasz_nyilvanos_anyagok_listaja<\/a><\/p>\n<p><strong>Az \u00e9retts\u00e9gi vizsg\u00e1k lebonyol\u00edt\u00e1sa:<\/strong><\/p>\n<p><a href=\"https:\/\/www.oktatas.hu\/kozneveles\/erettsegi\/2021tavaszi_vizsgaidoszak\">https:\/\/www.oktatas.hu\/kozneveles\/erettsegi\/2021tavaszi_vizsgaidoszak<\/a><\/p>\n<p><strong><em>Az \u00edr\u00e1sbeli vizsg\u00e1k kezdete el\u0151tt 30 perccel meg kell jelenni a vizsgateremben!<\/em><\/strong><\/p>\n<p><strong><em>A vizsg\u00e1n haszn\u00e1lhat\u00f3 seg\u00e9deszk\u00f6z\u00f6kr\u0151l a vizsg\u00e1z\u00f3nak kell gondoskodnia!<\/em><\/strong><\/p>\n","protected":false},"excerpt":{"rendered":"<p>erettsegi_tajekoztato_tanulo_2021majus &nbsp; Tudnival\u00f3k az emelt szint\u0171 \u00edr\u00e1sbeli \u00e9retts\u00e9gi vizsg\u00e1val kapcsolatban 2021. &nbsp; A 2021. \u00e9vi m\u00e1jus-j\u00faniusi vizsg\u00e1k id\u0151pontjai: https:\/\/www.oktatas.hu\/kozneveles\/erettsegi\/2021tavaszi_vizsgaidoszak\/2021tavasz_vizsgaidopontok \u00cdr\u00e1sbeli vizsg\u00e1k: 2021. m\u00e1jus 3. &#8211; 9:00 &#8211; magyar nyelv \u00e9s irodalom, magyar mint idegen nyelv 2021. m\u00e1jus 4. &#8211; 9:00 &#8211; matematika 2021. m\u00e1jus 5. &#8211; 9:00 &#8211; t\u00f6rt\u00e9nelem 2021. m\u00e1jus 6. &#8211; 9:00 &#8211; &hellip; <\/p>\n<p class=\"link-more\"><a href=\"https:\/\/www.vasutca.hu\/?page_id=1863\" class=\"more-link\"><span class=\"screen-reader-text\">&#8220;2021. m\u00e1jus-j\u00fanius&#8221;<\/span> b\u0151vebben<\/a><\/p>\n","protected":false},"author":4,"featured_media":0,"parent":0,"menu_order":0,"comment_status":"closed","ping_status":"closed","template":"","meta":{"footnotes":""},"_links":{"self":[{"href":"https:\/\/www.vasutca.hu\/index.php?rest_route=\/wp\/v2\/pages\/1863"}],"collection":[{"href":"https:\/\/www.vasutca.hu\/index.php?rest_route=\/wp\/v2\/pages"}],"about":[{"href":"https:\/\/www.vasutca.hu\/index.php?rest_route=\/wp\/v2\/types\/page"}],"author":[{"embeddable":true,"href":"https:\/\/www.vasutca.hu\/index.php?rest_route=\/wp\/v2\/users\/4"}],"replies":[{"embeddable":true,"href":"https:\/\/www.vasutca.hu\/index.php?rest_route=%2Fwp%2Fv2%2Fcomments&post=1863"}],"version-history":[{"count":7,"href":"https:\/\/www.vasutca.hu\/index.php?rest_route=\/wp\/v2\/pages\/1863\/revisions"}],"predecessor-version":[{"id":1926,"href":"https:\/\/www.vasutca.hu\/index.php?rest_route=\/wp\/v2\/pages\/1863\/revisions\/1926"}],"wp:attachment":[{"href":"https:\/\/www.vasutca.hu\/index.php?rest_route=%2Fwp%2Fv2%2Fmedia&parent=1863"}],"curies":[{"name":"wp","href":"https:\/\/api.w.org\/{rel}","templated":true}]}}