{"id":1762,"date":"2020-12-03T12:47:48","date_gmt":"2020-12-03T11:47:48","guid":{"rendered":"http:\/\/www.vasutca.hu\/?page_id=1762"},"modified":"2026-05-14T10:12:06","modified_gmt":"2026-05-14T09:12:06","slug":"tanuloink-munkai","status":"publish","type":"page","link":"https:\/\/www.vasutca.hu\/?page_id=1762","title":{"rendered":"Tanul\u00f3ink munk\u00e1i"},"content":{"rendered":"<p><a href=\"http:\/\/www.vasutca.hu\/wp-content\/uploads\/2020\/12\/Gell\u00e9rt-hill-Varga-Napsug\u00e1r-wecompress.com_.pptm\">Gell\u00e9rt hill-Varga Napsug\u00e1r (wecompress.com)<\/a><\/p>\n\n\n<p><strong><a href=\"https:\/\/docs.google.com\/forms\/d\/e\/1FAIpQLSeGmDXTAaiXpvHPBmvUb-DqLHuNI7PKhI0oCT4CzgO_nARxVQ\/viewform?usp=dialog\">Az \u00e9n utaz\u00e1som 9.E<\/a><\/strong><\/p>\n","protected":false},"excerpt":{"rendered":"<p>Gell\u00e9rt hill-Varga Napsug\u00e1r (wecompress.com) Az \u00e9n utaz\u00e1som 9.E<\/p>\n","protected":false},"author":4,"featured_media":0,"parent":0,"menu_order":0,"comment_status":"closed","ping_status":"closed","template":"","meta":{"footnotes":""},"_links":{"self":[{"href":"https:\/\/www.vasutca.hu\/index.php?rest_route=\/wp\/v2\/pages\/1762"}],"collection":[{"href":"https:\/\/www.vasutca.hu\/index.php?rest_route=\/wp\/v2\/pages"}],"about":[{"href":"https:\/\/www.vasutca.hu\/index.php?rest_route=\/wp\/v2\/types\/page"}],"author":[{"embeddable":true,"href":"https:\/\/www.vasutca.hu\/index.php?rest_route=\/wp\/v2\/users\/4"}],"replies":[{"embeddable":true,"href":"https:\/\/www.vasutca.hu\/index.php?rest_route=%2Fwp%2Fv2%2Fcomments&post=1762"}],"version-history":[{"count":15,"href":"https:\/\/www.vasutca.hu\/index.php?rest_route=\/wp\/v2\/pages\/1762\/revisions"}],"predecessor-version":[{"id":4162,"href":"https:\/\/www.vasutca.hu\/index.php?rest_route=\/wp\/v2\/pages\/1762\/revisions\/4162"}],"wp:attachment":[{"href":"https:\/\/www.vasutca.hu\/index.php?rest_route=%2Fwp%2Fv2%2Fmedia&parent=1762"}],"curies":[{"name":"wp","href":"https:\/\/api.w.org\/{rel}","templated":true}]}}