{"id":1668,"date":"2020-10-14T07:39:19","date_gmt":"2020-10-14T06:39:19","guid":{"rendered":"http:\/\/www.vasutca.hu\/?page_id=1668"},"modified":"2026-03-18T16:12:53","modified_gmt":"2026-03-18T15:12:53","slug":"beiskolazasi-tajekoztato-2","status":"publish","type":"page","link":"https:\/\/www.vasutca.hu\/?page_id=1668","title":{"rendered":"Beiskol\u00e1z\u00e1si t\u00e1j\u00e9koztat\u00f3"},"content":{"rendered":"\n<p class=\"has-vivid-purple-color has-text-color has-link-color has-large-font-size wp-elements-f29fe496985f03bb7e0f83474f962931\">Iskol\u00e1nkban k\u00e9t k\u00e9pz\u00e9s tal\u00e1lhat\u00f3: Keresked\u0151 \u00e9s web\u00e1ruh\u00e1z technikus \u00e9s Turisztikai technikus. <\/p>\n\n\n\n<p style=\"font-size:22px\">Minden oszt\u00e1lyn\u00e1l az els\u0151 idegen nyelv mellett m\u00e1sodik idegen nyelvet is tanulnak a di\u00e1kok, ami els\u0151 idegen nyelv angoln\u00e1l a n\u00e9met, a n\u00e9met els\u0151 idegen nyelvn\u00e9l pedig az angol. A tagozat megjel\u00f6l\u00e9s\u00e9n\u00e9l <strong>nem<\/strong> feltelt\u00e9l a nyelvismeret, teh\u00e1t nyugodtan meg lehet jel\u00f6lni azt a tagozatot is amelyik nyelvet m\u00e9g a di\u00e1k nem tanult. Term\u00e9szetesen t\u00f6bb tagozatot is megjel\u00f6lhetnek \u00d6n\u00f6k \u00e1ltal prefer\u00e1lt sorrendbe! A di\u00e1kokat a beiratkoz\u00e1skor \u00edrt nyelvi szintfel\u00e9r\u0151k alapj\u00e1n osztjuk be a sz\u00e1mukra (ak\u00e1r teljesen kezd\u0151) megfelel\u0151 szint\u0171 nyelvi csoportokba.<\/p>\n\n\n\n<figure class=\"wp-block-image size-large\"><img loading=\"lazy\" decoding=\"async\" width=\"1024\" height=\"572\" src=\"https:\/\/www.vasutca.hu\/wp-content\/uploads\/2025\/10\/image-1024x572.png\" alt=\"\" class=\"wp-image-3798\" srcset=\"https:\/\/www.vasutca.hu\/wp-content\/uploads\/2025\/10\/image-1024x572.png 1024w, https:\/\/www.vasutca.hu\/wp-content\/uploads\/2025\/10\/image-300x168.png 300w, https:\/\/www.vasutca.hu\/wp-content\/uploads\/2025\/10\/image-768x429.png 768w, https:\/\/www.vasutca.hu\/wp-content\/uploads\/2025\/10\/image.png 1180w\" sizes=\"(max-width: 767px) 89vw, (max-width: 1000px) 54vw, (max-width: 1071px) 543px, 580px\" \/><\/figure>\n\n\n\n<p><\/p>\n\n\n\n<p class=\"has-large-font-size\">A matematika oktat\u00e1s minden oszt\u00e1lyban, minden \u00e9vfolyamon csoportbont\u00e1sban t\u00f6rt\u00e9nik! <\/p>\n\n\n\n<p><strong>A jelentkez\u0151k rangsorol\u00e1sa a hozott (tanulm\u00e1nyi) pontok, az \u00edr\u00e1sbelin el\u00e9rt pontok \u00e9s a sz\u00f3beli felv\u00e9teli elbesz\u00e9lget\u00e9s \u00f6sszes\u00edt\u00e9se alapj\u00e1n t\u00f6rt\u00e9nik. Azonos pontsz\u00e1m eset\u00e9n a rangsorol\u00e1s a t\u00f6rv\u00e9nyi k\u00f6telez\u0151 sorrendis\u00e9g ut\u00e1n a sz\u00f3beli meghallgat\u00e1s pontsz\u00e1ma, majd az \u00edr\u00e1sbelin el\u00e9rt eredm\u00e9ny alapj\u00e1n ker\u00fcl meghat\u00e1roz\u00e1sra. <\/strong><\/p>\n\n\n\n<p><strong>Milyen tanul\u00e1si, eg\u00e9szs\u00e9g\u00fcgy probl\u00e9m\u00e1val fogadunk jelentkez\u0151ket?<\/strong><\/p>\n\n\n\n<p><strong>BTMN tanul\u00f3k<\/strong><\/p>\n\n\n\n<p><strong>SNI tanul\u00f3k:<\/strong><\/p>\n\n\n\n<ul>\n<li>egy\u00e9b pszich\u00e9s fejl\u0151d\u00e9si zavarral k\u00fczd\u0151k (diszlexia, diszgr\u00e1fia)<\/li>\n\n\n\n<li>l\u00e1t\u00e1ss\u00e9r\u00fcltek: gyeng\u00e9n l\u00e1t\u00f3k<\/li>\n\n\n\n<li>hall\u00e1ss\u00e9r\u00fcltek: nagyothall\u00f3k<\/li>\n<\/ul>\n\n\n\n<p>Az egyes szakm\u00e1kon tanult fontosabb szakmai tant\u00e1rgyak<\/p>\n\n\n\n<figure class=\"wp-block-image size-full\"><img loading=\"lazy\" decoding=\"async\" width=\"735\" height=\"441\" src=\"https:\/\/www.vasutca.hu\/wp-content\/uploads\/2024\/10\/tantargyak.png\" alt=\"\" class=\"wp-image-3307\" srcset=\"https:\/\/www.vasutca.hu\/wp-content\/uploads\/2024\/10\/tantargyak.png 735w, https:\/\/www.vasutca.hu\/wp-content\/uploads\/2024\/10\/tantargyak-300x180.png 300w\" sizes=\"(max-width: 735px) 100vw, 735px\" \/><\/figure>\n\n\n\n<p> Tagozataink \u00e9s felv\u00e9teli pontsz\u00e1m\u00edt\u00e1s:<\/p>\n\n\n\n<figure class=\"wp-block-image size-full\"><img loading=\"lazy\" decoding=\"async\" width=\"465\" height=\"667\" src=\"https:\/\/www.vasutca.hu\/wp-content\/uploads\/2025\/11\/image.png\" alt=\"\" class=\"wp-image-3907\" srcset=\"https:\/\/www.vasutca.hu\/wp-content\/uploads\/2025\/11\/image.png 465w, https:\/\/www.vasutca.hu\/wp-content\/uploads\/2025\/11\/image-209x300.png 209w\" sizes=\"(max-width: 465px) 100vw, 465px\" \/><\/figure>\n\n\n\n<div class=\"wp-block-group is-vertical is-layout-flex wp-container-core-group-layout-1 wp-block-group-is-layout-flex\">\n<figure class=\"wp-block-table\"><table><tbody><tr><td colspan=\"3\">CSENGET\u00c9SI REND<\/td><\/tr><tr><td>1. \u00d3RA<\/td><td>7:45<\/td><td>8:30<\/td><\/tr><tr><td>2. \u00d3RA<\/td><td>8:40<\/td><td>9:25<\/td><\/tr><tr><td>3. \u00d3RA<\/td><td>9:35<\/td><td>10:20<\/td><\/tr><tr><td>4. \u00d3RA<\/td><td>10:30<\/td><td>11:15<\/td><\/tr><tr><td>5. \u00d3RA<\/td><td>11:25<\/td><td>12:10<\/td><\/tr><tr><td>6. \u00d3RA<\/td><td>12:30<\/td><td>13:15<\/td><\/tr><tr><td>7. \u00d3RA<\/td><td>13:25<\/td><td>14:10<\/td><\/tr><tr><td>8. \u00d3RA<\/td><td>14:15<\/td><td>15:00<\/td><\/tr><\/tbody><\/table><\/figure>\n<\/div>\n","protected":false},"excerpt":{"rendered":"<p>Iskol\u00e1nkban k\u00e9t k\u00e9pz\u00e9s tal\u00e1lhat\u00f3: Keresked\u0151 \u00e9s web\u00e1ruh\u00e1z technikus \u00e9s Turisztikai technikus. Minden oszt\u00e1lyn\u00e1l az els\u0151 idegen nyelv mellett m\u00e1sodik idegen nyelvet is tanulnak a di\u00e1kok, ami els\u0151 idegen nyelv angoln\u00e1l a n\u00e9met, a n\u00e9met els\u0151 idegen nyelvn\u00e9l pedig az angol. A tagozat megjel\u00f6l\u00e9s\u00e9n\u00e9l nem feltelt\u00e9l a nyelvismeret, teh\u00e1t nyugodtan meg lehet jel\u00f6lni azt a tagozatot &hellip; <\/p>\n<p class=\"link-more\"><a href=\"https:\/\/www.vasutca.hu\/?page_id=1668\" class=\"more-link\"><span class=\"screen-reader-text\">&#8220;Beiskol\u00e1z\u00e1si t\u00e1j\u00e9koztat\u00f3&#8221;<\/span> b\u0151vebben<\/a><\/p>\n","protected":false},"author":5,"featured_media":0,"parent":0,"menu_order":0,"comment_status":"closed","ping_status":"closed","template":"","meta":{"footnotes":""},"_links":{"self":[{"href":"https:\/\/www.vasutca.hu\/index.php?rest_route=\/wp\/v2\/pages\/1668"}],"collection":[{"href":"https:\/\/www.vasutca.hu\/index.php?rest_route=\/wp\/v2\/pages"}],"about":[{"href":"https:\/\/www.vasutca.hu\/index.php?rest_route=\/wp\/v2\/types\/page"}],"author":[{"embeddable":true,"href":"https:\/\/www.vasutca.hu\/index.php?rest_route=\/wp\/v2\/users\/5"}],"replies":[{"embeddable":true,"href":"https:\/\/www.vasutca.hu\/index.php?rest_route=%2Fwp%2Fv2%2Fcomments&post=1668"}],"version-history":[{"count":13,"href":"https:\/\/www.vasutca.hu\/index.php?rest_route=\/wp\/v2\/pages\/1668\/revisions"}],"predecessor-version":[{"id":4078,"href":"https:\/\/www.vasutca.hu\/index.php?rest_route=\/wp\/v2\/pages\/1668\/revisions\/4078"}],"wp:attachment":[{"href":"https:\/\/www.vasutca.hu\/index.php?rest_route=%2Fwp%2Fv2%2Fmedia&parent=1668"}],"curies":[{"name":"wp","href":"https:\/\/api.w.org\/{rel}","templated":true}]}}