{"id":1605,"date":"2020-09-04T12:30:27","date_gmt":"2020-09-04T11:30:27","guid":{"rendered":"http:\/\/www.vasutca.hu\/?page_id=1605"},"modified":"2021-03-09T07:56:48","modified_gmt":"2021-03-09T06:56:48","slug":"covid-19","status":"publish","type":"page","link":"https:\/\/www.vasutca.hu\/?page_id=1605","title":{"rendered":"COVID-19"},"content":{"rendered":"<p>INT\u00c9ZKED\u00c9SI TERV A J\u00c1RV\u00c1NY\u00dcGYI K\u00c9SZENL\u00c9T IDEJ\u00c9RE<\/p>\n<p>2021. M\u00c1RCIUS 6.<\/p>\n<p><a href=\"http:\/\/www.vasutca.hu\/wp-content\/uploads\/2021\/03\/int\u00e9zked\u00e9si-terv.pdf\">int\u00e9zked\u00e9si terv<\/a><\/p>\n<p>&#8212;&#8212;&#8212;&#8212;&#8212;&#8211;<\/p>\n<p><span style=\"font-weight: 400;\">Kedves Sz\u00fcl\u0151! Kedves Gondvisel\u0151!<\/span><\/p>\n<p><span style=\"font-weight: 400;\">Bizony\u00e1ra \u00d6n is hallotta a korm\u00e1ny a koronav\u00edrus vil\u00e1gj\u00e1rv\u00e1ny m\u00e1sodik hull\u00e1ma elleni v\u00e9dekez\u00e9sr\u0151l sz\u00f3l\u00f3 t\u00f6rv\u00e9nyjavaslat\u00e1nak megvitat\u00e1sa a mai napon megt\u00f6rt\u00e9nt. A rendelkez\u00e9s alapj\u00e1n a <\/span><b><i>\u201ck\u00f6z\u00e9pfok\u00fa iskol\u00e1kban a 9. (&#8230;) \u00e9s az ezek feletti \u00e9vfolyamokon (\u2026) tantermen k\u00edv\u00fcli digit\u00e1lis munkarend l\u00e9p \u00e9letbe\u201d holnapt\u00f3l, 2020. november 11-t\u0151l (szerda), \u00edgy\u00a0 int\u00e9zm\u00e9ny\u00fcnkben is a digit\u00e1lis oktat\u00e1sra t\u00e9r\u00fcnk \u00e1t.\u00a0<\/i><\/b><\/p>\n<p><span style=\"font-weight: 400;\">A digit\u00e1lis oktat\u00e1sra a felk\u00e9sz\u00fcl\u00e9st m\u00e1r szeptemberben megkezdt\u00fck. A tanul\u00f3knak megtan\u00edtottuk azoknak a keretrendszereknek (Canvas, Meet) a haszn\u00e1lat\u00e1t, amelyeket az oktat\u00e1shoz haszn\u00e1lni fogunk. A mai napon az \u00f3rarendeket \u00e1talak\u00edtottuk, az oszt\u00e1lyf\u0151n\u00f6k\u00f6k el fogj\u00e1k k\u00fcldeni azokat a tanul\u00f3knak, a KR\u00c9TA-ba val\u00f3 felt\u00f6lt\u00e9s folyamatban van.\u00a0<\/span><\/p>\n<p><span style=\"font-weight: 400;\">Az al\u00e1bbiakban t\u00e1j\u00e9koztatjuk \u00d6n\u00f6ket a tan\u00edt\u00e1s\/tanul\u00e1s rendj\u00e9r\u0151l. A tan\u00edt\u00e1st (n\u00e9h\u00e1ny kiv\u00e9telt\u0151l eltekintve) a k\u00f6vetkez\u0151 m\u00f3don szervezz\u00fck meg.\u00a0<\/span><\/p>\n<p><b><i>A tan\u00edt\u00e1si \u00f3r\u00e1k<\/i><\/b><\/p>\n<ul>\n<li><b><i>9:00 \u00f3r\u00e1t\u00f3l 13:45 \u00f3r\u00e1ig tartanak;<\/i><\/b><\/li>\n<li><strong>60 percesek, 15 perces sz\u00fcnetekkel;<\/strong><\/li>\n<li><strong>online jelenl\u00e9tet ig\u00e9nyelnek.<\/strong><\/li>\n<\/ul>\n<p><span style=\"font-weight: 400;\">A tan\u00edt\u00e1si \u00f3r\u00e1kon k\u00edv\u00fcl, gyakorl\u00e1s, elm\u00e9ly\u00edt\u00e9s sz\u00e1nd\u00e9k\u00e1val a tanul\u00f3k kaphatnak n\u00e9h\u00e1ny megoldand\u00f3 feladatot.<\/span><\/p>\n<p><span style=\"font-weight: 400;\">Tudjuk, hogy mindannyiunk sz\u00e1m\u00e1ra nagyon neh\u00e9z feladatot m\u00e9rt ki ez az id\u0151szak, de k\u00e9rj\u00fck \u00d6n\u00f6ket, t\u00e1mogass\u00e1k gyermekeiket a megfelel\u0151 felk\u00e9sz\u00fcl\u00e9s \u00e9rdek\u00e9ben, hogy sikeresen tudj\u00e1k teljes\u00edteni a tan\u00e9vet.<\/span><\/p>\n<p>Jakab Szilvia<\/p>\n<p>igazgat\u00f3<\/p>\n<p>&nbsp;<\/p>\n<p>&#8212;&#8212;&#8212;&#8212;&#8212;<\/p>\n<p>Tisztelt Di\u00e1kok \u00e9s Sz\u00fcl\u0151k!<\/p>\n<p>Az BGSZC Sz\u00e9chenyi Istv\u00e1n Kereskedelmi Technikum vezet\u00e9se a 2020\/2021. tan\u00e9v hat\u00e9kony megkezd\u00e9se mellett a legbiztons\u00e1gosabb oktat\u00e1st tartja szem el\u0151tt a Covid-j\u00e1rv\u00e1ny idej\u00e9n is.<\/p>\n<p><a href=\"http:\/\/www.vasutca.hu\/wp-content\/uploads\/2020\/10\/szechenyi_jarvanyugyi_intezkedesi_terv_2020okt01_iktatott.pdf\">INT\u00c9ZKED\u00c9SI TERV A J\u00c1RV\u00c1NY\u00dcGYI K\u00c9SZENL\u00c9T IDEJ\u00c9RE 2020.10.01.<\/a><\/p>\n<p><a href=\"http:\/\/www.vasutca.hu\/wp-content\/uploads\/2020\/10\/T\u00e1j\u00e9koztat\u00f3-a-digit\u00e1lis-t\u00e1voktat\u00e1s-adatv\u00e9delmi-\u00e9s-adatbiztons\u00e1gi-vonatkoz\u00e1sair\u00f3l.pdf\">T\u00e1j\u00e9koztat\u00f3 a digit\u00e1lis t\u00e1voktat\u00e1s adatv\u00e9delmi \u00e9s adatbiztons\u00e1gi vonatkoz\u00e1sair\u00f3l<\/a><\/p>\n<p>&nbsp;<\/p>\n<p style=\"text-align: center;\"><a href=\"http:\/\/www.vasutca.hu\/wp-content\/uploads\/2020\/09\/COVID_szulok_tajekoztatas_2020szept09.pdf\">COVID_szulok_tajekoztatas_2020szept09<\/a><\/p>\n<p><img loading=\"lazy\" decoding=\"async\" class=\"wp-image-1608 size-medium aligncenter\" src=\"http:\/\/www.vasutca.hu\/wp-content\/uploads\/2020\/09\/COVID-19-k\u00e9p-300x160.jpg\" alt=\"\" width=\"300\" height=\"160\" srcset=\"https:\/\/www.vasutca.hu\/wp-content\/uploads\/2020\/09\/COVID-19-k\u00e9p-300x160.jpg 300w, https:\/\/www.vasutca.hu\/wp-content\/uploads\/2020\/09\/COVID-19-k\u00e9p-768x410.jpg 768w, https:\/\/www.vasutca.hu\/wp-content\/uploads\/2020\/09\/COVID-19-k\u00e9p-1024x547.jpg 1024w, https:\/\/www.vasutca.hu\/wp-content\/uploads\/2020\/09\/COVID-19-k\u00e9p.jpg 1920w\" sizes=\"(max-width: 300px) 100vw, 300px\" \/><\/p>\n<p style=\"text-align: center;\"><a href=\"http:\/\/www.vasutca.hu\/wp-content\/uploads\/2020\/09\/INT\u00c9ZKED\u00c9SI-TERV-A-J\u00c1RV\u00c1NY\u00dcGYI-K\u00c9SZENL\u00c9T-IDEJ\u00c9RE-2020.09.04..pdf\">INT\u00c9ZKED\u00c9SI TERV A J\u00c1RV\u00c1NY\u00dcGYI K\u00c9SZENL\u00c9T IDEJ\u00c9RE 2020.09.04.<\/a><\/p>\n<p><img loading=\"lazy\" decoding=\"async\" class=\"alignnone size-full wp-image-1596 aligncenter\" src=\"http:\/\/www.vasutca.hu\/wp-content\/uploads\/2020\/08\/Maszk.jpg\" alt=\"\" width=\"283\" height=\"178\" \/><\/p>\n<p style=\"text-align: center;\"><a href=\"http:\/\/www.vasutca.hu\/wp-content\/uploads\/2020\/09\/INT\u00c9ZKED\u00c9SI-TERV-A-J\u00c1RV\u00c1NY\u00dcGYI-K\u00c9SZENL\u00c9T-IDEJ\u00c9RE-2020.08.31..pdf\">INT\u00c9ZKED\u00c9SI TERV A J\u00c1RV\u00c1NY\u00dcGYI K\u00c9SZENL\u00c9T IDEJ\u00c9RE 2020.08.31.<\/a><\/p>\n","protected":false},"excerpt":{"rendered":"<p>INT\u00c9ZKED\u00c9SI TERV A J\u00c1RV\u00c1NY\u00dcGYI K\u00c9SZENL\u00c9T IDEJ\u00c9RE 2021. M\u00c1RCIUS 6. int\u00e9zked\u00e9si terv &#8212;&#8212;&#8212;&#8212;&#8212;&#8211; Kedves Sz\u00fcl\u0151! Kedves Gondvisel\u0151! Bizony\u00e1ra \u00d6n is hallotta a korm\u00e1ny a koronav\u00edrus vil\u00e1gj\u00e1rv\u00e1ny m\u00e1sodik hull\u00e1ma elleni v\u00e9dekez\u00e9sr\u0151l sz\u00f3l\u00f3 t\u00f6rv\u00e9nyjavaslat\u00e1nak megvitat\u00e1sa a mai napon megt\u00f6rt\u00e9nt. A rendelkez\u00e9s alapj\u00e1n a \u201ck\u00f6z\u00e9pfok\u00fa iskol\u00e1kban a 9. (&#8230;) \u00e9s az ezek feletti \u00e9vfolyamokon (\u2026) tantermen k\u00edv\u00fcli digit\u00e1lis munkarend &hellip; <\/p>\n<p class=\"link-more\"><a href=\"https:\/\/www.vasutca.hu\/?page_id=1605\" class=\"more-link\"><span class=\"screen-reader-text\">&#8220;COVID-19&#8221;<\/span> b\u0151vebben<\/a><\/p>\n","protected":false},"author":4,"featured_media":0,"parent":0,"menu_order":0,"comment_status":"closed","ping_status":"closed","template":"","meta":{"footnotes":""},"_links":{"self":[{"href":"https:\/\/www.vasutca.hu\/index.php?rest_route=\/wp\/v2\/pages\/1605"}],"collection":[{"href":"https:\/\/www.vasutca.hu\/index.php?rest_route=\/wp\/v2\/pages"}],"about":[{"href":"https:\/\/www.vasutca.hu\/index.php?rest_route=\/wp\/v2\/types\/page"}],"author":[{"embeddable":true,"href":"https:\/\/www.vasutca.hu\/index.php?rest_route=\/wp\/v2\/users\/4"}],"replies":[{"embeddable":true,"href":"https:\/\/www.vasutca.hu\/index.php?rest_route=%2Fwp%2Fv2%2Fcomments&post=1605"}],"version-history":[{"count":11,"href":"https:\/\/www.vasutca.hu\/index.php?rest_route=\/wp\/v2\/pages\/1605\/revisions"}],"predecessor-version":[{"id":1860,"href":"https:\/\/www.vasutca.hu\/index.php?rest_route=\/wp\/v2\/pages\/1605\/revisions\/1860"}],"wp:attachment":[{"href":"https:\/\/www.vasutca.hu\/index.php?rest_route=%2Fwp%2Fv2%2Fmedia&parent=1605"}],"curies":[{"name":"wp","href":"https:\/\/api.w.org\/{rel}","templated":true}]}}