{"id":1601,"date":"2020-09-03T07:17:29","date_gmt":"2020-09-03T06:17:29","guid":{"rendered":"http:\/\/www.vasutca.hu\/?page_id=1601"},"modified":"2020-11-20T09:01:46","modified_gmt":"2020-11-20T08:01:46","slug":"2020-osz","status":"publish","type":"page","link":"https:\/\/www.vasutca.hu\/?page_id=1601","title":{"rendered":"2020. \u0151sz"},"content":{"rendered":"<p><strong>A bizony\u00edtv\u00e1ny\/t\u00f6rzslapkivonat\/tan\u00fas\u00edtv\u00e1ny \u00e1tv\u00e9tel\u00e9nek lehets\u00e9ges id\u0151pontjai:<\/strong><\/p>\n<p>2020. november 25. szerda &#8211; 14-16 \u00f3ra k\u00f6z\u00f6tt<\/p>\n<p>2020. november 26. cs\u00fct\u00f6rt\u00f6k &#8211; 8:00-15.30 k\u00f6z\u00f6tt<\/p>\n<p>K\u00e9s\u0151bbiekben h\u00e9tk\u00f6znapokon h\u00e9tf\u0151t\u0151l cs\u00fct\u00f6rt\u00f6kig 7:30-15:00 k\u00f6z\u00f6tt<\/p>\n<p>&#8212;&#8212;&#8212;&#8212;&#8212;&#8212;<\/p>\n<p>&nbsp;<\/p>\n<p><strong>A dolgozatok megtekint\u00e9s\u00e9nek id\u0151pontja (emelt \u00e9s k\u00f6z\u00e9pszint\u0171 is) iskol\u00e1nkban 2020. november 9-\u00e9n 8-16 \u00f3ra k\u00f6z\u00f6tt.<\/strong><\/p>\n<p>&nbsp;<\/p>\n<p>\u00c9szrev\u00e9telt 2020. november 10. 15.30-ig tud tenni az al\u00e1bbi dokumentum kit\u00f6lt\u00e9s\u00e9vel. A kit\u00f6lt\u00f6tt \u00e9szrev\u00e9telt az iskola titk\u00e1rs\u00e1g\u00e1n kell leadni.<\/p>\n<p><a href=\"http:\/\/www.vasutca.hu\/wp-content\/uploads\/2020\/11\/vizsgazoi_eszrevetel_emelt.docx\">vizsgazoi_eszrevetel_emelt<\/a><\/p>\n<p><a href=\"http:\/\/www.vasutca.hu\/wp-content\/uploads\/2020\/11\/vizsgazoi_eszrevetel_kozep.docx\">vizsgazoi_eszrevetel_kozep<\/a><\/p>\n<p>Sz\u00f3beli vizsga id\u0151pontja: 2020. november 23-25. k\u00f6z\u00f6tt. Pontos beoszt\u00e1s november 9-\u00e9n lesz el\u00e9rhet\u0151.<\/p>\n<p>Int\u00e9zm\u00e9ny\u00fcnkben szervezett k\u00f6z\u00e9pszint\u0171 vizsg\u00e1k sz\u00f3beli t\u00e9mak\u00f6rei a linkre kattintva \u00e9rhet\u0151ek el:<\/p>\n<p>&nbsp;<\/p>\n<p><a href=\"http:\/\/www.vasutca.hu\/wp-content\/uploads\/2020\/10\/Oszi_erettsegi_szobeli_tetelek_2020-2.docx\">Oszi_erettsegi_szobeli_tetelek_2020<\/a><\/p>\n<p>\u00cdr\u00e1sbeli vizsg\u00e1k:<\/p>\n<p>K\u00f6z\u00e9pszint\u0171 \u00e9retts\u00e9gi vizsg\u00e1k az iskol\u00e1nkban lesznek. (Az emelt szint\u0171 vizsg\u00e1k helysz\u00edn\u00e9r\u0151l post\u00e1n kapnak \u00e9rtes\u00edt\u00e9st a vizsg\u00e1z\u00f3k.) A vizsga kezdete el\u0151tt f\u00e9l \u00f3r\u00e1val meg kell jelenni az iskol\u00e1ban. Maszk haszn\u00e1lata a folyos\u00f3n k\u00f6telez\u0151!<\/p>\n<p>A vizsg\u00e1n megengedett seg\u00e9deszk\u00f6z\u00f6kr\u0151l a vizsg\u00e1z\u00f3 gondoskodik.<\/p>\n<p>Magyar nyelv \u00e9s irodalom &#8211; 2020. okt\u00f3ber 19. &#8211; 8.00<\/p>\n<p>F\u00f6ldrajz &#8211; 2020. okt\u00f3ber 19. &#8211; 14.00<\/p>\n<p>Matematika &#8211; 2020. okt\u00f3ber 20. &#8211; 8.00<\/p>\n<p>T\u00f6rt\u00e9nelem &#8211; 2020. okt\u00f3ber 21. &#8211; 8.00<\/p>\n<p>Angol nyelv &#8211; 2020. okt\u00f3ber 22. &#8211; 8.00<\/p>\n<p>\u00c1gazati szakmai \u00e9retts\u00e9gi vizsgat\u00e1rgyak &#8211; 2020. okt\u00f3ber 26. &#8211; 8.00<\/p>\n<p>N\u00e9met nyelv &#8211; 2020. okt\u00f3ber 27. &#8211; 8.00<\/p>\n<p>Informatika &#8211; 2020. okt\u00f3ber 28. &#8211; 8.00<\/p>\n<p>&nbsp;<\/p>\n<p><strong>A dolgozatok megtekint\u00e9s\u00e9nek id\u0151pontja (emelt \u00e9s k\u00f6z\u00e9pszint\u0171 is) iskol\u00e1nkban 2020. november 9-\u00e9n 8-16 \u00f3ra k\u00f6z\u00f6tt.<\/strong><\/p>\n<p>Sz\u00f3beli vizsga id\u0151pontja: 2020. november 23-25. k\u00f6z\u00f6tt. Pontos beoszt\u00e1s november 9-\u00e9n lesz el\u00e9rhet\u0151.<\/p>\n<p>&nbsp;<\/p>\n<hr \/>\n<p><strong>A 2020. \u00e9vi okt\u00f3ber-november vizsg\u00e1k id\u0151pontjai:<\/strong><\/p>\n<p><a href=\"https:\/\/www.oktatas.hu\/kozneveles\/erettsegi\/2020oszi_vizsgaidoszak\/2020osz_vizsgaidopontok\">https:\/\/www.oktatas.hu\/kozneveles\/erettsegi\/2020oszi_vizsgaidoszak\/2020osz_vizsgaidopontok<\/a><\/p>\n<p><strong>A 2020. okt\u00f3ber-novemberi \u00e9retts\u00e9gi vizsg\u00e1k nyilv\u00e1noss\u00e1gra hozott anyagai<\/strong><\/p>\n<p><a href=\"https:\/\/www.oktatas.hu\/kozneveles\/erettsegi\/2020oszi_vizsgaidoszak\/2020osz_nyilvanos_anyagok_listaja\">https:\/\/www.oktatas.hu\/kozneveles\/erettsegi\/2020oszi_vizsgaidoszak\/2020osz_nyilvanos_anyagok_listaja<\/a><\/p>\n<p><strong>Az \u00e9retts\u00e9gi vizsg\u00e1k lebonyol\u00edt\u00e1sa:<\/strong><\/p>\n<p><strong><em>Az \u00edr\u00e1sbeli vizsg\u00e1k kezdete el\u0151tt 30 perccel meg kell jelenni a vizsgateremben!<\/em><\/strong><\/p>\n<p><strong><em>A vizsg\u00e1n haszn\u00e1lhat\u00f3 seg\u00e9deszk\u00f6z\u00f6kr\u0151l a vizsg\u00e1z\u00f3nak kell gondoskodnia!<\/em><\/strong><\/p>\n<p>&#8212;&#8212;&#8212;&#8212;-<\/p>\n<p><strong>\u00c9RETTS\u00c9GI VIZSGA jelentkez\u00e9s<\/strong><\/p>\n<p><strong>A 2020. \u00e9vi okt\u00f3ber-novemberi id\u0151szak<\/strong><\/p>\n<p><strong>Jelentkez\u00e9si hat\u00e1rid\u0151: 2020. szeptember 7. <\/strong><\/p>\n<p>(A jelentkez\u00e9si hat\u00e1rid\u0151 elmulaszt\u00e1sa eset\u00e9n igazol\u00e1si k\u00e9relmet a jelentkez\u00e9si hat\u00e1rid\u0151 utols\u00f3 napj\u00e1t\u00f3l sz\u00e1m\u00edtott nyolc napon bel\u00fcl lehet el\u0151terjeszteni az igazgat\u00f3nak. Az igazol\u00e1si k\u00e9relem beny\u00fajt\u00e1si hat\u00e1rideje jogveszt\u0151.)<\/p>\n<p>Az \u00e9retts\u00e9gi vizsg\u00e1ra csak szem\u00e9lyesen lehet jelentkezni (8:00-16:00 \u00f3ra k\u00f6z\u00f6tt)<\/p>\n<p><strong>Sz\u00fcks\u00e9ges dokumentumok:<\/strong><\/p>\n<ul>\n<li><strong><em>szem\u00e9lyes iratok<\/em><\/strong> (szem\u00e9lyi igazolv\u00e1ny\/\u00fatlev\u00e9l, lakc\u00edmk\u00e1rtya, oktat\u00e1si azonos\u00edt\u00f3);<\/li>\n<li><strong><em>K\u00f6z\u00e9piskolai bizony\u00edtv\u00e1ny<\/em><\/strong> <strong><em>m\u00e1solata<\/em><\/strong>\n<ul>\n<li>minden tan\u00e9vre vonatkoz\u00f3 oldal\u00e1nak m\u00e1solata (el\u0151rehozott, vagy jav\u00edt\u00f3\/p\u00f3tl\u00f3 vizsga);<\/li>\n<li>utols\u00f3 tan\u00e9vre vonatkoz\u00f3 oldal\u00e1nak, a k\u00f6z\u00e9piskolai tanulm\u00e1nyok befejez\u00e9s\u00e9t is igazol\u00f3 m\u00e1solata (szintemel\u0151 vizsga);<\/li>\n<\/ul>\n<\/li>\n<li><strong><em>T\u00f6rzslapkivonat<\/em><\/strong> (jav\u00edt\u00f3\/p\u00f3tl\u00f3 vizsga);<\/li>\n<li>a Vizsgaszab\u00e1lyzat 12. \u00a7 (7) bekezd\u00e9se szerinti igazol\u00e1s (el\u0151rehozott vizsga);<\/li>\n<li><strong><em>\u00c9retts\u00e9gi bizony\u00edtv\u00e1ny, Tan\u00fas\u00edtv\u00e1ny<\/em><\/strong> (szintemel\u0151 vagy ism\u00e9tl\u0151 vizsga);<\/li>\n<li><strong><em>Vizsgad\u00edj befizet\u00e9s\u00e9t igazol\u00f3 okirat<\/em><\/strong> vagy annak m\u00e1solata (m\u00e1sodik jav\u00edt\u00f3\/p\u00f3l\u00f3 vizsga, vagy szintemel\u0151, ism\u00e9tl\u0151 vizsga);<\/li>\n<li><strong><em>Nyilatkozat<\/em><\/strong>, amely a kor\u00e1bban m\u00e1r teljes\u00edtett vizsgar\u00e9sz besz\u00e1m\u00edt\u00e1s\u00e1ra vonatkozik (p\u00f3tl\u00f3 vizsga);<\/li>\n<li><strong><em>Szoftverhaszn\u00e1latr\u00f3l<\/em><\/strong> sz\u00f3l\u00f3 nyilatkozat (emelt szint\u0171 informatika) vagy <strong><em>szoftverv\u00e1laszt\u00e1sra<\/em><\/strong> vonatkoz\u00f3 nyilatkozat (k\u00f6z\u00e9pszint\u0171 informatika)<\/li>\n<li><strong><em>Mentes\u00edt\u00e9si k\u00e9relem \u00e9s a szak\u00e9rt\u0151i bizotts\u00e1g szakv\u00e9lem\u00e9nye<\/em><\/strong> (felment\u00e9si k\u00e9relem eset\u00e9ben).<\/li>\n<\/ul>\n<p><strong>Vizsgad\u00edj:<\/strong><\/p>\n<ul>\n<li>a k\u00f6z\u00e9pszint\u0171 vizsg\u00e1k d\u00edja: 24 000 Ft (a helysz\u00ednen kell befizetni)<\/li>\n<li>az emelt szint\u0171 vizsg\u00e1k d\u00edja: 40 000 Ft<\/li>\n<\/ul>\n<p><strong>T\u00e9r\u00edt\u00e9smentes az \u00e9retts\u00e9gi vizsg\u00e1k:<\/strong><\/p>\n<ul>\n<li>tanul\u00f3i jogviszonyban tett sikertelen \u00e9retts\u00e9gi vizsga els\u0151 jav\u00edt\u00f3- \u00e9s p\u00f3tl\u00f3 vizsg\u00e1ja;<\/li>\n<li>a szakgimn\u00e1ziumban az \u00e9retts\u00e9gi v\u00e9gzetts\u00e9ggel rendelkez\u0151 tanul\u00f3 r\u00e9sz\u00e9re egy szakmai \u00e9retts\u00e9gi vizsgat\u00e1rgyb\u00f3l tett \u00e9retts\u00e9gi vizsga \u00e9s els\u0151 alkalommal a jav\u00edt\u00f3- \u00e9s p\u00f3tl\u00f3 vizsga;<\/li>\n<\/ul>\n<p>Vesz\u00e9lyhelyzet megsz\u0171n\u00e9s\u00e9vel \u00f6sszef\u00fcgg\u0151 \u00e1tmeneti szab\u00e1lyoz\u00e1sok \u00e9rtelm\u00e9ben az \u00e9retts\u00e9gi vizsga azon vizsg\u00e1z\u00f3k r\u00e9sz\u00e9re t\u00e9r\u00edt\u00e9smentes,<\/p>\n<ul>\n<li>akik a 2019\/2020. tan\u00e9v m\u00e1jus-j\u00faniusi vizsgaid\u0151szak\u00e1ra t\u00e9r\u00edt\u00e9smentesen jelentkeztek, de azon a vesz\u00e9lyhelyzet miatt nem jelentek meg, \u00e9s<\/li>\n<li>akik a 2019\/2020. tan\u00e9v m\u00e1jus-j\u00faniusi vizsgaid\u0151szak\u00e1ban valamely vizsgat\u00e1rgyb\u00f3l sikeres \u00e9retts\u00e9gi vizsg\u00e1t tettek, az \u00e9retts\u00e9gi bizony\u00edtv\u00e1ny megszerz\u00e9se ut\u00e1n az adott vizsgat\u00e1rgyb\u00f3l ism\u00e9tl\u0151 \u00e9retts\u00e9gi vizsg\u00e1ra jelentkeznek.<\/li>\n<\/ul>\n<p><strong>Minden m\u00e1s esetben a vizsg\u00e1\u00e9rt vizsgad\u00edjat kell fizetni<\/strong><\/p>\n<p>&nbsp;<\/p>\n<p>&nbsp;<\/p>\n","protected":false},"excerpt":{"rendered":"<p>A bizony\u00edtv\u00e1ny\/t\u00f6rzslapkivonat\/tan\u00fas\u00edtv\u00e1ny \u00e1tv\u00e9tel\u00e9nek lehets\u00e9ges id\u0151pontjai: 2020. november 25. szerda &#8211; 14-16 \u00f3ra k\u00f6z\u00f6tt 2020. november 26. cs\u00fct\u00f6rt\u00f6k &#8211; 8:00-15.30 k\u00f6z\u00f6tt K\u00e9s\u0151bbiekben h\u00e9tk\u00f6znapokon h\u00e9tf\u0151t\u0151l cs\u00fct\u00f6rt\u00f6kig 7:30-15:00 k\u00f6z\u00f6tt &#8212;&#8212;&#8212;&#8212;&#8212;&#8212; &nbsp; A dolgozatok megtekint\u00e9s\u00e9nek id\u0151pontja (emelt \u00e9s k\u00f6z\u00e9pszint\u0171 is) iskol\u00e1nkban 2020. november 9-\u00e9n 8-16 \u00f3ra k\u00f6z\u00f6tt. &nbsp; \u00c9szrev\u00e9telt 2020. november 10. 15.30-ig tud tenni az al\u00e1bbi dokumentum kit\u00f6lt\u00e9s\u00e9vel. &hellip; <\/p>\n<p class=\"link-more\"><a href=\"https:\/\/www.vasutca.hu\/?page_id=1601\" class=\"more-link\"><span class=\"screen-reader-text\">&#8220;2020. \u0151sz&#8221;<\/span> b\u0151vebben<\/a><\/p>\n","protected":false},"author":4,"featured_media":0,"parent":0,"menu_order":0,"comment_status":"closed","ping_status":"closed","template":"","meta":{"footnotes":""},"_links":{"self":[{"href":"https:\/\/www.vasutca.hu\/index.php?rest_route=\/wp\/v2\/pages\/1601"}],"collection":[{"href":"https:\/\/www.vasutca.hu\/index.php?rest_route=\/wp\/v2\/pages"}],"about":[{"href":"https:\/\/www.vasutca.hu\/index.php?rest_route=\/wp\/v2\/types\/page"}],"author":[{"embeddable":true,"href":"https:\/\/www.vasutca.hu\/index.php?rest_route=\/wp\/v2\/users\/4"}],"replies":[{"embeddable":true,"href":"https:\/\/www.vasutca.hu\/index.php?rest_route=%2Fwp%2Fv2%2Fcomments&post=1601"}],"version-history":[{"count":12,"href":"https:\/\/www.vasutca.hu\/index.php?rest_route=\/wp\/v2\/pages\/1601\/revisions"}],"predecessor-version":[{"id":1752,"href":"https:\/\/www.vasutca.hu\/index.php?rest_route=\/wp\/v2\/pages\/1601\/revisions\/1752"}],"wp:attachment":[{"href":"https:\/\/www.vasutca.hu\/index.php?rest_route=%2Fwp%2Fv2%2Fmedia&parent=1601"}],"curies":[{"name":"wp","href":"https:\/\/api.w.org\/{rel}","templated":true}]}}