{"id":1455,"date":"2020-06-25T08:21:57","date_gmt":"2020-06-25T07:21:57","guid":{"rendered":"http:\/\/www.vasutca.hu\/?page_id=1455"},"modified":"2020-06-29T09:43:17","modified_gmt":"2020-06-29T08:43:17","slug":"tablok-2020","status":"publish","type":"page","link":"https:\/\/www.vasutca.hu\/?page_id=1455","title":{"rendered":"Tabl\u00f3k 2020"},"content":{"rendered":"<p><strong>12. B<\/strong> keresked\u0151 oszt\u00e1ly, oszt\u00e1lyf\u0151n\u00f6k: <strong>S\u00e1ndor Zsolt<\/strong><\/p>\n<table width=\"353\">\n<tbody>\n<tr>\n<td width=\"207\">Balogh Martin<\/td>\n<td width=\"146\">L\u00f3l\u00e9 Vikt\u00f3ria Judit<\/td>\n<\/tr>\n<tr>\n<td>B\u00e1nhegyi Lili<\/td>\n<td>Mark\u00f3 L\u00e1szl\u00f3 M\u00e1rk<\/td>\n<\/tr>\n<tr>\n<td>Csepeli \u00c1bel Barnab\u00e1s<\/td>\n<td>MikusikVivien<\/td>\n<\/tr>\n<tr>\n<td>Dancs Dzsesszika<\/td>\n<td>N\u00e9meth Andrea<\/td>\n<\/tr>\n<tr>\n<td>D\u00f3czi J\u00f3zsef<\/td>\n<td>Nikoletti Vikt\u00f3ria<\/td>\n<\/tr>\n<tr>\n<td>Faraks Rich\u00e1d<\/td>\n<td>Ol\u00e1h Cintia M\u00e1ria<\/td>\n<\/tr>\n<tr>\n<td>Horv\u00e1th Vikt\u00f3ria Vanessza<\/td>\n<td>Ront\u00f3 Rich\u00e1rd<\/td>\n<\/tr>\n<tr>\n<td>J\u00f3ka Marcell<\/td>\n<td>Somogyi L\u00edvia<\/td>\n<\/tr>\n<tr>\n<td>Kh\u00e9li Gergely<\/td>\n<td>Stotz Laura Kinga<\/td>\n<\/tr>\n<tr>\n<td>Kiss Eszter T\u00fcnde<\/td>\n<td>Tauzer R\u00e9ka<\/td>\n<\/tr>\n<tr>\n<td>Korcz Nikolett Patricia<\/td>\n<td>Urb\u00e1n Laura<\/td>\n<\/tr>\n<\/tbody>\n<\/table>\n<p><a href=\"http:\/\/www.vasutca.hu\/wp-content\/uploads\/2020\/06\/12.B_2020.jpg\">Tabl\u00f3k\u00e9p nagy m\u00e9retben: 12.<\/a> B<\/p>\n<p><img decoding=\"async\" src=\"http:\/\/www.vasutca.hu\/wp-content\/uploads\/2020\/06\/12.B_2020.jpg\" \/><\/p>\n<p>&nbsp;<\/p>\n<p>&nbsp;<\/p>\n<p><strong>12. D<\/strong>\u00a0turisztika szervez\u0151, \u00e9rt\u00e9kes\u00edt\u0151 oszt\u00e1ly, oszt\u00e1lyf\u0151n\u00f6k: <strong>T\u00f3th Enik\u0151\u00a0<\/strong><\/p>\n<table width=\"353\">\n<tbody>\n<tr>\n<td width=\"192\">Csontos Ant\u00f3nia<\/td>\n<td width=\"161\">Major Dorina<\/td>\n<\/tr>\n<tr>\n<td>Dobos Bogl\u00e1rka<\/td>\n<td>M\u00e9rcse Andrea<\/td>\n<\/tr>\n<tr>\n<td>Gyenes Zs\u00f3fia<\/td>\n<td>Moln\u00e1r Barna<\/td>\n<\/tr>\n<tr>\n<td>Jaksa Katinka Ant\u00f3nia<\/td>\n<td>Moln\u00e1r D\u00f3ra<\/td>\n<\/tr>\n<tr>\n<td>Juh\u00e1sz Babett Andrea<\/td>\n<td>Nguyen Khanh Linh<\/td>\n<\/tr>\n<tr>\n<td>Kov\u00e1cs Ad\u00e9l<\/td>\n<td>Pakai J\u00e1zmin<\/td>\n<\/tr>\n<tr>\n<td>Kov\u00e1cs Enik\u0151<\/td>\n<td>P\u00e1ros Csenge Fruzsina<\/td>\n<\/tr>\n<tr>\n<td>Kratochwill Rox\u00e1na J\u00e1zmin<\/td>\n<td>Szab\u00f3 Zsanett<\/td>\n<\/tr>\n<tr>\n<td>Kun Eszter Gabriella<\/td>\n<td>Szigeti Dominika<\/td>\n<\/tr>\n<tr>\n<td>Lakatos Ivett<\/td>\n<td>Sz\u0171cs Cintia<\/td>\n<\/tr>\n<tr>\n<td>Lesk\u00f3 Sarolta R\u00e9ka<\/td>\n<td>T\u00e9nai Alexandra<\/td>\n<\/tr>\n<\/tbody>\n<\/table>\n<p><a href=\"http:\/\/www.vasutca.hu\/wp-content\/uploads\/2020\/06\/12.D.jpg\">Tabl\u00f3k\u00e9p<\/a>\u00a0nagy m\u00e9retben: 12.D<\/p>\n<p><img decoding=\"async\" src=\"http:\/\/www.vasutca.hu\/wp-content\/uploads\/2020\/06\/12.D.jpg\" \/><\/p>\n<p>&nbsp;<\/p>\n<p>&nbsp;<\/p>\n<p><strong>12. E<\/strong>\u00a0keresked\u0151 oszt\u00e1ly, oszt\u00e1lyf\u0151n\u00f6k: <strong>Szab\u00f3 Orsolya\u00a0\u00a0<\/strong><\/p>\n<table width=\"433\">\n<tbody>\n<tr>\n<td width=\"219\">Alf\u00f6ldi Petra<\/td>\n<td width=\"214\">K\u00fcrthy Kolos<\/td>\n<\/tr>\n<tr>\n<td width=\"219\">Beregsz\u00e1szi Laura<\/td>\n<td width=\"214\">L\u00e1szl\u00f3 Emese<\/td>\n<\/tr>\n<tr>\n<td width=\"219\">Berkes Adrienn<\/td>\n<td width=\"214\">Mik\u00f3 \u00c1ron<\/td>\n<\/tr>\n<tr>\n<td width=\"219\">Berkes D\u00e1vid<\/td>\n<td width=\"214\">Moln\u00e1r L\u00e1szl\u00f3<\/td>\n<\/tr>\n<tr>\n<td width=\"219\">Dabrovszky Ketrin<\/td>\n<td width=\"214\">Nagy Cintia<\/td>\n<\/tr>\n<tr>\n<td width=\"219\">D\u00f6m\u00f6k Daniella<\/td>\n<td width=\"214\">Negoita Regina<\/td>\n<\/tr>\n<tr>\n<td width=\"219\">Gergely Ivett<\/td>\n<td width=\"214\">Nyikon Szid\u00f3nia<\/td>\n<\/tr>\n<tr>\n<td width=\"219\">G\u00f3g\u00e1n Dominik<\/td>\n<td width=\"214\">Pusk\u00e1s Kata<\/td>\n<\/tr>\n<tr>\n<td width=\"219\">Katona Brigitta<\/td>\n<td width=\"214\">Pusk\u00e1s Vivien<\/td>\n<\/tr>\n<tr>\n<td width=\"219\">K\u00f3nya Krisztina<\/td>\n<td width=\"214\">Szentner Bea<\/td>\n<\/tr>\n<tr>\n<td width=\"219\">K\u00f3tai Edu\u00e1rd<\/td>\n<td width=\"214\">Sz\u00f6ll\u0151s Zsombor<\/td>\n<\/tr>\n<tr>\n<td width=\"219\">Kov\u00e1cs Bence<\/td>\n<td width=\"214\">Tremb\u00e1cz Dorottya<\/td>\n<\/tr>\n<tr>\n<td width=\"219\">Kov\u00e1cs Bogl\u00e1rka<\/td>\n<td width=\"214\">Varr\u00f3 Ren\u00e1ta<\/td>\n<\/tr>\n<tr>\n<td width=\"219\">Kov\u00e1cs Kitti<\/td>\n<td width=\"214\">Werner M\u00e1t\u00e9<\/td>\n<\/tr>\n<\/tbody>\n<\/table>\n<p><a href=\"http:\/\/www.vasutca.hu\/wp-content\/uploads\/2020\/06\/12.E.jpg\">Tabl\u00f3k\u00e9p<\/a> nagy m\u00e9retben: 12.E.<\/p>\n<p><img decoding=\"async\" src=\"http:\/\/www.vasutca.hu\/wp-content\/uploads\/2020\/06\/12.E.jpg\" \/><\/p>\n","protected":false},"excerpt":{"rendered":"<p>12. B keresked\u0151 oszt\u00e1ly, oszt\u00e1lyf\u0151n\u00f6k: S\u00e1ndor Zsolt Balogh Martin L\u00f3l\u00e9 Vikt\u00f3ria Judit B\u00e1nhegyi Lili Mark\u00f3 L\u00e1szl\u00f3 M\u00e1rk Csepeli \u00c1bel Barnab\u00e1s MikusikVivien Dancs Dzsesszika N\u00e9meth Andrea D\u00f3czi J\u00f3zsef Nikoletti Vikt\u00f3ria Faraks Rich\u00e1d Ol\u00e1h Cintia M\u00e1ria Horv\u00e1th Vikt\u00f3ria Vanessza Ront\u00f3 Rich\u00e1rd J\u00f3ka Marcell Somogyi L\u00edvia Kh\u00e9li Gergely Stotz Laura Kinga Kiss Eszter T\u00fcnde Tauzer R\u00e9ka Korcz Nikolett &hellip; <\/p>\n<p class=\"link-more\"><a href=\"https:\/\/www.vasutca.hu\/?page_id=1455\" class=\"more-link\"><span class=\"screen-reader-text\">&#8220;Tabl\u00f3k 2020&#8221;<\/span> b\u0151vebben<\/a><\/p>\n","protected":false},"author":4,"featured_media":0,"parent":0,"menu_order":0,"comment_status":"closed","ping_status":"closed","template":"","meta":{"footnotes":""},"_links":{"self":[{"href":"https:\/\/www.vasutca.hu\/index.php?rest_route=\/wp\/v2\/pages\/1455"}],"collection":[{"href":"https:\/\/www.vasutca.hu\/index.php?rest_route=\/wp\/v2\/pages"}],"about":[{"href":"https:\/\/www.vasutca.hu\/index.php?rest_route=\/wp\/v2\/types\/page"}],"author":[{"embeddable":true,"href":"https:\/\/www.vasutca.hu\/index.php?rest_route=\/wp\/v2\/users\/4"}],"replies":[{"embeddable":true,"href":"https:\/\/www.vasutca.hu\/index.php?rest_route=%2Fwp%2Fv2%2Fcomments&post=1455"}],"version-history":[{"count":7,"href":"https:\/\/www.vasutca.hu\/index.php?rest_route=\/wp\/v2\/pages\/1455\/revisions"}],"predecessor-version":[{"id":1500,"href":"https:\/\/www.vasutca.hu\/index.php?rest_route=\/wp\/v2\/pages\/1455\/revisions\/1500"}],"wp:attachment":[{"href":"https:\/\/www.vasutca.hu\/index.php?rest_route=%2Fwp%2Fv2%2Fmedia&parent=1455"}],"curies":[{"name":"wp","href":"https:\/\/api.w.org\/{rel}","templated":true}]}}