{"id":1284,"date":"2020-03-04T13:17:05","date_gmt":"2020-03-04T12:17:05","guid":{"rendered":"http:\/\/www.vasutca.hu\/?page_id=1284"},"modified":"2020-03-05T14:22:14","modified_gmt":"2020-03-05T13:22:14","slug":"turisztikai-szervezo","status":"publish","type":"page","link":"https:\/\/www.vasutca.hu\/?page_id=1284","title":{"rendered":"Turisztikai technikus"},"content":{"rendered":"<h1><\/h1>\n<p>Nappali k\u00e9pz\u00e9s 9-13. \u00e9vfolyamon turizmus-vend\u00e9gl\u00e1t\u00e1s \u00e1gazaton:<\/p>\n<ul>\n<li>5 \u00e9ves k\u00e9pz\u00e9s: 2 \u00e9v \u00e1gazati alapoktat\u00e1s + 3 \u00e9ves szakir\u00e1ny\u00fa oktat\u00e1s;<\/li>\n<li>10. \u00e9vfolyam v\u00e9g\u00e9n \u00e1gazati alapvizsga;<\/li>\n<li>12. \u00e9v v\u00e9g\u00e9n 3 tant\u00e1rgyb\u00f3l el\u0151rehozott \u00e9retts\u00e9gi vizsga tehet\u0151 (magyar nyelv \u00e9s irodalom, matematika, t\u00f6rt\u00e9nelem tant\u00e1rgyakb\u00f3l);<\/li>\n<li>13. \u00e9v v\u00e9g\u00e9n idegen nyelvb\u0151l tesznek \u00e9retts\u00e9gi viszg\u00e1t a tanul\u00f3k, valamint a szakmai emelt szint\u0171 \u00e9retts\u00e9gi vizsga egyben technikusi v\u00e9gzetts\u00e9get is biztos\u00edt.<\/li>\n<\/ul>\n<h4>Turizmus-vend\u00e9gl\u00e1t\u00e1s \u00e1gazat<\/h4>\n<p>Turizmus-vend\u00e9gl\u00e1t\u00e1s \u00e1gazat 5 \u00e9ves k\u00e9pz\u00e9se, amely \u00e9retts\u00e9givel \u00e9s technikus szint\u0171 szakk\u00e9pzetts\u00e9g megszerz\u00e9s\u00e9vel z\u00e1rul. V\u00e1laszthat\u00f3 szakmair\u00e1nyok: Turisztikai szervez\u0151 szakmair\u00e1ny, Idegenvezet\u0151 szakmair\u00e1ny. Idegenforgalmi szakember, aki turisztikai v\u00e1llalkoz\u00e1sokban v\u00e9gez szervez\u00e9si, idegenvezet\u00e9si, \u00e9rt\u00e9kes\u00edt\u00e9si, \u00fcgyint\u00e9z\u0151i, inform\u00e1ci\u00f3s munk\u00e1t, mik\u00f6zben magas<br \/>\nszinten kommunik\u00e1l a vend\u00e9gekkel, partnerekkel, munkat\u00e1rsakkal.<\/p>\n<h4>KOMPETENCIAELV\u00c1R\u00c1S<\/h4>\n<p>J\u00f3 kommunik\u00e1ci\u00f3 sz\u00f3ban \u00e9s \u00edr\u00e1sban, \u00e9rdekl\u0151d\u0151, nyitott, v\u00e1llalkoz\u00f3 szellem\u0171 be\u00e1ll\u00edtotts\u00e1g, szervez\u0151-, kezdem\u00e9nyez\u0151- \u00e9s egy\u00fcttm\u0171k\u00f6d\u0151k\u00e9pess\u00e9g, nyelv\u00e9rz\u00e9k.<\/p>\n<h4>A SZAKK\u00c9PZETTS\u00c9GGEL RENDELKEZ\u0150<\/h4>\n<ul>\n<li>sz\u00e9lesk\u00f6r\u0171 szakmai tud\u00e1ssal \u00e9s \u00e1ltal\u00e1nos m\u0171velts\u00e9ggel rendelkezik;<\/li>\n<li>ismeri \u00e9s betartja a protokoll \u00e9s az etikett szab\u00e1lyait;<\/li>\n<li>magas szinten kommunik\u00e1l sz\u00f3ban \u00e9s \u00edr\u00e1sban, magyar \u00e9s idegen nyelven, inform\u00e1ci\u00f3t ny\u00fajt;<\/li>\n<li>tiszt\u00e1ban van az idegenforgalom szerkezet\u00e9vel, fontoss\u00e1g\u00e1val, hogy jelent\u0151s m\u00e9rt\u00e9kben j\u00e1rul hozz\u00e1 a gazdas\u00e1g \u00e9l\u00e9nk\u00edt\u00e9s\u00e9hez; ismeri a vonatkoz\u00f3 t\u00f6rv\u00e9nyeket, az \u00edrott \u00e9s \u00edratlan szab\u00e1lyokat, k\u00e9pes k\u00f6vetni a v\u00e1ltoz\u00e1sokat;<\/li>\n<li>kezeli a digit\u00e1lis technik\u00e1t, ismeri a szakmai szoftvereket;<\/li>\n<li>\u00e1tl\u00e1tja a turisztikai v\u00e1llalkoz\u00e1sban el\u0151fordul\u00f3 munkafolyamatokat;<\/li>\n<li>utas\u00edt\u00e1sok, ir\u00e1nymutat\u00e1s alapj\u00e1n, k\u00e9s\u0151bb \u00f6n\u00e1ll\u00f3an k\u00e9pes a sz\u00e1llodai, irodai, utaz\u00e1si irodai ter\u00fcleten a szervez\u0151i, \u00fcgyint\u00e9z\u0151i, referensi, t\u00e1j\u00e9koztat\u00e1si, hostess \u00e9s idegenvezet\u0151i munka elv\u00e9gz\u00e9s\u00e9re, tapasztalatszerz\u00e9s ut\u00e1n vezet\u0151v\u00e9 tud v\u00e1lni.<\/li>\n<\/ul>\n<p>Aj\u00e1nlott azok sz\u00e1m\u00e1ra, akik \u00e9letp\u00e1ly\u00e1jukat a turizmus, vend\u00e9gl\u00e1t\u00e1s ter\u00fclet\u00e9n k\u00e9pzelik el, sz\u00edvesen mutatj\u00e1k be Magyarorsz\u00e1got \u00e9s a nagyvil\u00e1got az \u00e9rdekl\u0151d\u0151knek magyar \u00e9s idegen nyelven.<\/p>\n","protected":false},"excerpt":{"rendered":"<p>Nappali k\u00e9pz\u00e9s 9-13. \u00e9vfolyamon turizmus-vend\u00e9gl\u00e1t\u00e1s \u00e1gazaton: 5 \u00e9ves k\u00e9pz\u00e9s: 2 \u00e9v \u00e1gazati alapoktat\u00e1s + 3 \u00e9ves szakir\u00e1ny\u00fa oktat\u00e1s; 10. \u00e9vfolyam v\u00e9g\u00e9n \u00e1gazati alapvizsga; 12. \u00e9v v\u00e9g\u00e9n 3 tant\u00e1rgyb\u00f3l el\u0151rehozott \u00e9retts\u00e9gi vizsga tehet\u0151 (magyar nyelv \u00e9s irodalom, matematika, t\u00f6rt\u00e9nelem tant\u00e1rgyakb\u00f3l); 13. \u00e9v v\u00e9g\u00e9n idegen nyelvb\u0151l tesznek \u00e9retts\u00e9gi viszg\u00e1t a tanul\u00f3k, valamint a szakmai emelt szint\u0171 \u00e9retts\u00e9gi &hellip; <\/p>\n<p class=\"link-more\"><a href=\"https:\/\/www.vasutca.hu\/?page_id=1284\" class=\"more-link\"><span class=\"screen-reader-text\">&#8220;Turisztikai technikus&#8221;<\/span> b\u0151vebben<\/a><\/p>\n","protected":false},"author":4,"featured_media":0,"parent":0,"menu_order":0,"comment_status":"closed","ping_status":"closed","template":"","meta":{"footnotes":""},"_links":{"self":[{"href":"https:\/\/www.vasutca.hu\/index.php?rest_route=\/wp\/v2\/pages\/1284"}],"collection":[{"href":"https:\/\/www.vasutca.hu\/index.php?rest_route=\/wp\/v2\/pages"}],"about":[{"href":"https:\/\/www.vasutca.hu\/index.php?rest_route=\/wp\/v2\/types\/page"}],"author":[{"embeddable":true,"href":"https:\/\/www.vasutca.hu\/index.php?rest_route=\/wp\/v2\/users\/4"}],"replies":[{"embeddable":true,"href":"https:\/\/www.vasutca.hu\/index.php?rest_route=%2Fwp%2Fv2%2Fcomments&post=1284"}],"version-history":[{"count":4,"href":"https:\/\/www.vasutca.hu\/index.php?rest_route=\/wp\/v2\/pages\/1284\/revisions"}],"predecessor-version":[{"id":1300,"href":"https:\/\/www.vasutca.hu\/index.php?rest_route=\/wp\/v2\/pages\/1284\/revisions\/1300"}],"wp:attachment":[{"href":"https:\/\/www.vasutca.hu\/index.php?rest_route=%2Fwp%2Fv2%2Fmedia&parent=1284"}],"curies":[{"name":"wp","href":"https:\/\/api.w.org\/{rel}","templated":true}]}}