{"id":1281,"date":"2020-03-04T12:01:14","date_gmt":"2020-03-04T11:01:14","guid":{"rendered":"http:\/\/www.vasutca.hu\/?page_id=1281"},"modified":"2020-03-05T14:23:20","modified_gmt":"2020-03-05T13:23:20","slug":"web","status":"publish","type":"page","link":"https:\/\/www.vasutca.hu\/?page_id=1281","title":{"rendered":"Keresked\u0151 \u00e9s web\u00e1ruh\u00e1zi technikus"},"content":{"rendered":"<p>Nappali k\u00e9pz\u00e9s 9-13. \u00e9vfolyamon kereskedelem \u00e1gazaton:<\/p>\n<ul>\n<li>5 \u00e9ves k\u00e9pz\u00e9s: 2 \u00e9v \u00e1gazati alapoktat\u00e1s + 3 \u00e9ves szakir\u00e1ny\u00fa oktat\u00e1s;<\/li>\n<li>10. \u00e9vfolyam v\u00e9g\u00e9n \u00e1gazati alapvizsga;<\/li>\n<li>12. \u00e9v v\u00e9g\u00e9n 3 tant\u00e1rgyb\u00f3l el\u0151rehozott \u00e9retts\u00e9gi vizsga tehet\u0151 (magyar nyelv \u00e9s irodalom, matematika, t\u00f6rt\u00e9nelem tant\u00e1rgyakb\u00f3l);<\/li>\n<li>13. \u00e9v v\u00e9g\u00e9n idegen nyelvb\u0151l tesznek \u00e9retts\u00e9gi viszg\u00e1t a tanul\u00f3k, valamint a szakmai emelt szint\u0171 \u00e9retts\u00e9gi vizsga egyben technikusi v\u00e9gzetts\u00e9get is biztos\u00edt.<\/li>\n<\/ul>\n<section class=\"elementor-element elementor-element-8103150 elementor-section-boxed elementor-section-height-default elementor-section-height-default elementor-section elementor-top-section\" data-id=\"8103150\" data-element_type=\"section\">\n<div class=\"elementor-container elementor-column-gap-default\">\n<div class=\"elementor-row\">\n<div class=\"elementor-element elementor-element-9599519 elementor-column elementor-col-100 elementor-top-column\" data-id=\"9599519\" data-element_type=\"column\">\n<div class=\"elementor-column-wrap elementor-element-populated\">\n<div class=\"elementor-widget-wrap\">\n<div class=\"elementor-element elementor-element-9c287b1 elementor-widget elementor-widget-text-editor\" data-id=\"9c287b1\" data-element_type=\"widget\" data-widget_type=\"text-editor.default\">\n<div class=\"elementor-widget-container\">\n<div class=\"elementor-text-editor elementor-clearfix\">\n<h4><strong>Kereskedelem \u00e1gazat<\/strong><\/h4>\n<p>A kereskedelem az \u00e1ruk rendszeres ad\u00e1sv\u00e9tele, egy olyan tev\u00e9kenys\u00e9g, amelynek eredm\u00e9nyek\u00e9nt a term\u00e9kek az el\u0151\u00e1ll\u00edt\u00f3jukt\u00f3l eljutnak a felhaszn\u00e1l\u00f3hoz, azaz a fogyaszt\u00f3hoz.<br \/>\nA szakmacsoporton bel\u00fcl kiemelt hangs\u00falyt kap a gyakorlatorient\u00e1lt du\u00e1lis k\u00e9pz\u00e9s, amelynek sor\u00e1n a\u00a0tanul\u00f3k megismerik a p\u00e1lya sz\u00e9ps\u00e9geit, neh\u00e9zs\u00e9geit, hasznoss\u00e1g\u00e1t, fejl\u0151d\u00e9s\u00e9nek ir\u00e1ny\u00e1t, a munkater\u00fcleten\u00a0dolgoz\u00f3k tev\u00e9kenys\u00e9g\u00e9t, annak t\u00e1vlatait. Megismerkednek \u00faj technol\u00f3gi\u00e1kkal, digit\u00e1lis eszk\u00f6z\u00f6kkel, amelyek a\u00a0munkafolyamatokat seg\u00edtik.<br \/>\nEl\u0151t\u00e9rbe ker\u00fcl a szakmai idegen nyelv elsaj\u00e1t\u00edt\u00e1sa. Ismereteket szereznek az \u00e1ruforgalom lebonyol\u00edt\u00e1s\u00e1r\u00f3l,\u00a0az online \u00e9rt\u00e9kes\u00edt\u00e9s ter\u00fclet\u00e9r\u0151l, a klasszikus elad\u00f3i\u00a0tev\u00e9kenys\u00e9gr\u0151l, valamint a termel\u00e9si \u00e9s gazd\u00e1lkod\u00e1si\u00a0folyamatokr\u00f3l.<br \/>\nA k\u00e9pz\u00e9s seg\u00edti a tanul\u00f3kat leend\u0151 szakmai szerep\u00fck\u00a0kiv\u00e1laszt\u00e1s\u00e1ban, megfogalmaz\u00e1s\u00e1ban, a saj\u00e1t egy\u00e9ni\u00a0\u00e9letp\u00e1ly\u00e1juk re\u00e1lis megtervez\u00e9s\u00e9ben. Kialakul benn\u00fck a\u00a0szakma ir\u00e1nti szeretet, a munkak\u00f6rh\u00f6z sz\u00fcks\u00e9ges\u00a0magatart\u00e1s \u00e9s felel\u0151ss\u00e9g\u00e9rzet.<\/p>\n<hr \/>\n<p>&nbsp;<\/p>\n<\/div>\n<\/div>\n<\/div>\n<\/div>\n<\/div>\n<\/div>\n<\/div>\n<\/div>\n<\/section>\n<section class=\"elementor-element elementor-element-cfd5d94 elementor-section-boxed elementor-section-height-default elementor-section-height-default elementor-section elementor-top-section\" data-id=\"cfd5d94\" data-element_type=\"section\">\n<div class=\"elementor-container elementor-column-gap-default\">\n<div class=\"elementor-row\">\n<div class=\"elementor-element elementor-element-ef475b0 elementor-column elementor-col-100 elementor-top-column\" data-id=\"ef475b0\" data-element_type=\"column\">\n<div class=\"elementor-column-wrap elementor-element-populated\">\n<div class=\"elementor-widget-wrap\">\n<div class=\"elementor-element elementor-element-03e9b84 elementor-widget elementor-widget-text-editor\" data-id=\"03e9b84\" data-element_type=\"widget\" data-widget_type=\"text-editor.default\">\n<div class=\"elementor-widget-container\">\n<div class=\"elementor-text-editor elementor-clearfix\">\n<h4><strong>Keresked\u0151 \u00e9s web\u00e1ruh\u00e1zi technikus<\/strong><\/h4>\n<p>Kereskedelem \u00e1gazat 5 \u00e9ves k\u00e9pz\u00e9se, amely \u00e9retts\u00e9givel \u00e9s technikus\u00a0szint\u0171 szakk\u00e9pzetts\u00e9g megszerz\u00e9s\u00e9vel z\u00e1rul.<br \/>\nA keresked\u0151 \u00e9s web\u00e1ruh\u00e1zi technikus szakember feladata az \u00e1ruforgalom\u00a0tervez\u00e9se, ir\u00e1ny\u00edt\u00e1sa, lebonyol\u00edt\u00e1sa, kontroll\u00e1l\u00e1sa, az \u00e1ruk ad\u00e1s-v\u00e9tele,\u00a0amely mag\u00e1ban foglalja a B2B (v\u00e1llalatok egym\u00e1s k\u00f6z\u00f6tti \u00e9rt\u00e9kes\u00edt\u00e9se) \u00e9s a\u00a0B2C (v\u00e1llalat \u00e9s v\u00e1s\u00e1rl\u00f3k k\u00f6z\u00f6tti \u00e9rt\u00e9kes\u00edt\u00e9se) kereskedelmi \u00e9s web\u00e1ruh\u00e1zi\u00a0\u00e9rt\u00e9kes\u00edt\u00e9st egyar\u00e1nt.<\/p>\n<p><strong>KOMPETENCIAELV\u00c1R\u00c1S<\/strong><br \/>\n\u00c1tlagon fel\u00fcli informatikai tud\u00e1s, logisztikai \u00e9s szervez\u0151 k\u00e9pess\u00e9g,<br \/>\ntervez\u00e9si \u00e9s elemz\u0151 k\u00e9pess\u00e9g, sz\u00e1mol\u00e1si k\u00e9szs\u00e9g, fizikai aktivit\u00e1s,<br \/>\ncsapatmunka.<\/p>\n<p><strong>A SZAKK\u00c9PZETTS\u00c9GGEL RENDELKEZ\u0150<\/strong><br \/>\n\u2013 a szakk\u00e9pzett technikus k\u00e9pes ir\u00e1ny\u00edtani, szervezni \u00e9s ellen\u0151rizni a\u00a0kereskedelmi egys\u00e9g szab\u00e1lyszer\u0171 m\u0171k\u00f6d\u00e9s\u00e9t;<br \/>\n\u2013 k\u00e9pes az \u00e1ruforgalmi tev\u00e9kenys\u00e9get \u00e9s a gazd\u00e1lkod\u00e1s\u00a0eredm\u00e9nyess\u00e9g\u00e9t tervezni, elemezni, \u00e9rt\u00e9kelni;<br \/>\n\u2013 a v\u00e1llalkoz\u00e1s nyeres\u00e9ges gazd\u00e1lkod\u00e1sa \u00e9rdek\u00e9ben alkalmazni tudja a\u00a0gazdas\u00e1gi, jogi \u00e9s marketing ismereteket;<br \/>\n\u2013 k\u00e9pes az elektronikus kereskedelem k\u00fcl\u00f6nb\u00f6z\u0151 form\u00e1it elind\u00edtani \u00e9s\u00a0m\u0171k\u00f6dtetni;<br \/>\n\u2013 k\u00e9pes alkalmazni a fizikai val\u00f3s\u00e1gban m\u0171k\u00f6d\u0151 \u00e9s az online vil\u00e1gban\u00a0m\u0171k\u00f6d\u0151 kereskedelem adta lehet\u0151s\u00e9geket;<br \/>\n\u2013 ismeri az elektronikus besz\u00e1ll\u00edt\u00f3i rendszerek folyamatszervez\u00e9s\u00e9t,\u00a0logisztika informatikai megold\u00e1sait;<br \/>\n\u2013 foglalkozik a szem\u00e9lyes adatok v\u00e9delm\u00e9vel, a direkt marketing\u00a0lehet\u0151s\u00e9geivel, az \u00e1ruforgalmi adminisztr\u00e1ci\u00f3val \u00e9s az aktu\u00e1lis trendekkel.<\/p>\n<p>Azoknak aj\u00e1nljuk, akik kereskedelmi v\u00e9n\u00e1val rendelkeznek, nyitottak a\u00a0kereskedelem \u00faj form\u00e1ira, az online vil\u00e1g szerelmesei, fontos sz\u00e1mukra az\u00a0egy\u00e9ni teljes\u00edtm\u00e9ny m\u00e9r\u00e9se.<\/p>\n<\/div>\n<\/div>\n<\/div>\n<\/div>\n<\/div>\n<\/div>\n<\/div>\n<\/div>\n<\/section>\n","protected":false},"excerpt":{"rendered":"<p>Nappali k\u00e9pz\u00e9s 9-13. \u00e9vfolyamon kereskedelem \u00e1gazaton: 5 \u00e9ves k\u00e9pz\u00e9s: 2 \u00e9v \u00e1gazati alapoktat\u00e1s + 3 \u00e9ves szakir\u00e1ny\u00fa oktat\u00e1s; 10. \u00e9vfolyam v\u00e9g\u00e9n \u00e1gazati alapvizsga; 12. \u00e9v v\u00e9g\u00e9n 3 tant\u00e1rgyb\u00f3l el\u0151rehozott \u00e9retts\u00e9gi vizsga tehet\u0151 (magyar nyelv \u00e9s irodalom, matematika, t\u00f6rt\u00e9nelem tant\u00e1rgyakb\u00f3l); 13. \u00e9v v\u00e9g\u00e9n idegen nyelvb\u0151l tesznek \u00e9retts\u00e9gi viszg\u00e1t a tanul\u00f3k, valamint a szakmai emelt szint\u0171 \u00e9retts\u00e9gi &hellip; <\/p>\n<p class=\"link-more\"><a href=\"https:\/\/www.vasutca.hu\/?page_id=1281\" class=\"more-link\"><span class=\"screen-reader-text\">&#8220;Keresked\u0151 \u00e9s web\u00e1ruh\u00e1zi technikus&#8221;<\/span> b\u0151vebben<\/a><\/p>\n","protected":false},"author":4,"featured_media":0,"parent":1276,"menu_order":0,"comment_status":"closed","ping_status":"closed","template":"","meta":{"footnotes":""},"_links":{"self":[{"href":"https:\/\/www.vasutca.hu\/index.php?rest_route=\/wp\/v2\/pages\/1281"}],"collection":[{"href":"https:\/\/www.vasutca.hu\/index.php?rest_route=\/wp\/v2\/pages"}],"about":[{"href":"https:\/\/www.vasutca.hu\/index.php?rest_route=\/wp\/v2\/types\/page"}],"author":[{"embeddable":true,"href":"https:\/\/www.vasutca.hu\/index.php?rest_route=\/wp\/v2\/users\/4"}],"replies":[{"embeddable":true,"href":"https:\/\/www.vasutca.hu\/index.php?rest_route=%2Fwp%2Fv2%2Fcomments&post=1281"}],"version-history":[{"count":4,"href":"https:\/\/www.vasutca.hu\/index.php?rest_route=\/wp\/v2\/pages\/1281\/revisions"}],"predecessor-version":[{"id":3580,"href":"https:\/\/www.vasutca.hu\/index.php?rest_route=\/wp\/v2\/pages\/1281\/revisions\/3580"}],"up":[{"embeddable":true,"href":"https:\/\/www.vasutca.hu\/index.php?rest_route=\/wp\/v2\/pages\/1276"}],"wp:attachment":[{"href":"https:\/\/www.vasutca.hu\/index.php?rest_route=%2Fwp%2Fv2%2Fmedia&parent=1281"}],"curies":[{"name":"wp","href":"https:\/\/api.w.org\/{rel}","templated":true}]}}