{"id":1276,"date":"2020-03-04T11:49:13","date_gmt":"2020-03-04T10:49:13","guid":{"rendered":"http:\/\/www.vasutca.hu\/?page_id=1276"},"modified":"2025-10-09T09:41:18","modified_gmt":"2025-10-09T08:41:18","slug":"technikum","status":"publish","type":"page","link":"https:\/\/www.vasutca.hu\/?page_id=1276","title":{"rendered":"Technikum"},"content":{"rendered":"\n<div class=\"wp-block-group is-vertical is-layout-flex wp-container-core-group-layout-1 wp-block-group-is-layout-flex\">\n<figure class=\"wp-block-table\"><table><tbody><tr><td class=\"has-text-align-center\" data-align=\"center\"><strong>Oszt\u00e1lyok<\/strong><\/td><td class=\"has-text-align-center\" data-align=\"center\"><strong>Tanul\u00f3k sz\u00e1ma<\/strong><\/td><\/tr><tr><td class=\"has-text-align-center\" data-align=\"center\">9.A<\/td><td class=\"has-text-align-center\" data-align=\"center\">31<\/td><\/tr><tr><td class=\"has-text-align-center\" data-align=\"center\">9.D<\/td><td class=\"has-text-align-center\" data-align=\"center\">28<\/td><\/tr><tr><td class=\"has-text-align-center\" data-align=\"center\">9.E<\/td><td class=\"has-text-align-center\" data-align=\"center\">29<\/td><\/tr><tr><td class=\"has-text-align-center\" data-align=\"center\">10.A<\/td><td class=\"has-text-align-center\" data-align=\"center\">36<\/td><\/tr><tr><td class=\"has-text-align-center\" data-align=\"center\">10.D<\/td><td class=\"has-text-align-center\" data-align=\"center\">31<\/td><\/tr><tr><td class=\"has-text-align-center\" data-align=\"center\">10.E<\/td><td class=\"has-text-align-center\" data-align=\"center\">32<\/td><\/tr><tr><td class=\"has-text-align-center\" data-align=\"center\">11.A<\/td><td class=\"has-text-align-center\" data-align=\"center\">34<\/td><\/tr><tr><td class=\"has-text-align-center\" data-align=\"center\">11.D<\/td><td class=\"has-text-align-center\" data-align=\"center\">31<\/td><\/tr><tr><td class=\"has-text-align-center\" data-align=\"center\">11.E<\/td><td class=\"has-text-align-center\" data-align=\"center\">31<\/td><\/tr><tr><td class=\"has-text-align-center\" data-align=\"center\">12.A<\/td><td class=\"has-text-align-center\" data-align=\"center\">25<\/td><\/tr><tr><td class=\"has-text-align-center\" data-align=\"center\">12.B<\/td><td class=\"has-text-align-center\" data-align=\"center\">26<\/td><\/tr><tr><td class=\"has-text-align-center\" data-align=\"center\">12.D<\/td><td class=\"has-text-align-center\" data-align=\"center\">25<\/td><\/tr><tr><td class=\"has-text-align-center\" data-align=\"center\">12.E<\/td><td class=\"has-text-align-center\" data-align=\"center\">31<\/td><\/tr><tr><td class=\"has-text-align-center\" data-align=\"center\">13.A<\/td><td class=\"has-text-align-center\" data-align=\"center\">30<\/td><\/tr><tr><td class=\"has-text-align-center\" data-align=\"center\">13.B<\/td><td class=\"has-text-align-center\" data-align=\"center\">29<\/td><\/tr><tr><td class=\"has-text-align-center\" data-align=\"center\">13.D<\/td><td class=\"has-text-align-center\" data-align=\"center\">29<\/td><\/tr><tr><td class=\"has-text-align-center\" data-align=\"center\">13.E<\/td><td class=\"has-text-align-center\" data-align=\"center\">25<\/td><\/tr><\/tbody><\/table><\/figure>\n<\/div>\n","protected":false},"excerpt":{"rendered":"<p>Oszt\u00e1lyok Tanul\u00f3k sz\u00e1ma 9.A 31 9.D 28 9.E 29 10.A 36 10.D 31 10.E 32 11.A 34 11.D 31 11.E 31 12.A 25 12.B 26 12.D 25 12.E 31 13.A 30 13.B 29 13.D 29 13.E 25<\/p>\n","protected":false},"author":4,"featured_media":0,"parent":0,"menu_order":0,"comment_status":"closed","ping_status":"closed","template":"","meta":{"footnotes":""},"_links":{"self":[{"href":"https:\/\/www.vasutca.hu\/index.php?rest_route=\/wp\/v2\/pages\/1276"}],"collection":[{"href":"https:\/\/www.vasutca.hu\/index.php?rest_route=\/wp\/v2\/pages"}],"about":[{"href":"https:\/\/www.vasutca.hu\/index.php?rest_route=\/wp\/v2\/types\/page"}],"author":[{"embeddable":true,"href":"https:\/\/www.vasutca.hu\/index.php?rest_route=\/wp\/v2\/users\/4"}],"replies":[{"embeddable":true,"href":"https:\/\/www.vasutca.hu\/index.php?rest_route=%2Fwp%2Fv2%2Fcomments&post=1276"}],"version-history":[{"count":4,"href":"https:\/\/www.vasutca.hu\/index.php?rest_route=\/wp\/v2\/pages\/1276\/revisions"}],"predecessor-version":[{"id":3814,"href":"https:\/\/www.vasutca.hu\/index.php?rest_route=\/wp\/v2\/pages\/1276\/revisions\/3814"}],"wp:attachment":[{"href":"https:\/\/www.vasutca.hu\/index.php?rest_route=%2Fwp%2Fv2%2Fmedia&parent=1276"}],"curies":[{"name":"wp","href":"https:\/\/api.w.org\/{rel}","templated":true}]}}